{"id":11956,"date":"2026-03-18T22:04:06","date_gmt":"2026-03-18T21:04:06","guid":{"rendered":"https:\/\/gltestm.webology.pl\/produkt\/podrozny-zestaw-akcesoriow-do-szycia\/"},"modified":"2026-03-22T22:11:08","modified_gmt":"2026-03-22T21:11:08","slug":"podrozny-zestaw-akcesoriow-do-szycia","status":"publish","type":"product","link":"https:\/\/gltestm.webology.pl\/pl\/produkt\/podrozny-zestaw-akcesoriow-do-szycia\/","title":{"rendered":"Podr\u00f3\u017cny zestaw akcesori\u00f3w do szycia"},"content":{"rendered":"<div>\n<div>\n<h2>Przydatny przybornik<\/h2>\n<p>Zestaw mini produkt\u00f3w do szycia, zamkni\u0119tych w wygodnym etui \u015bwietnie sprawdzi si\u0119 nie tylko w podr\u00f3\u017cy, ale r\u00f3wnie\u017c w domu.<\/p>\n<p>Ma\u0142y rozmiar sprawi, \u017ce zmie\u015bci si\u0119 nawet w ma\u0142ej torebce, a dzi\u0119ki oczku, mo\u017cemy go dopi\u0105\u0107 do kluczy. Uratuje nas, gdy tylko b\u0119dziemy potrzebowa\u0107 szybko naprawi\u0107 odzie\u017c. Dobrze zabra\u0107 go ze sob\u0105 na wesele czy inn\u0105 uroczysto\u015b\u0107.<\/p>\n<h2>Z czego sk\u0142ada si\u0119 zestaw?<\/h2>\n<p>Jest to bardzo praktyczny przybornik, zawiera wszystkie niezb\u0119dne elementy do szybkich napraw:<\/p>\n<ul>\n<li>8 szpulek nici w r\u00f3\u017cnych kolorach,<\/li>\n<li>zestaw igie\u0142 do szycia r\u0119cznego,<\/li>\n<li>naparstek,<\/li>\n<li>centymetr krawiecki,<\/li>\n<li>poduszeczka do igie\u0142,<\/li>\n<li>no\u017cyczki.<\/li>\n<\/ul>\n<p>Sprytne przezroczyste etui, zamykane jest na zamek b\u0142yskawiczny, dzi\u0119ki czemu bez trudu znajdziemy szukany przedmiot.<\/p>\n<p>Wyko\u0144czenie przybornika oraz zamek b\u0142yskawiczny s\u0105 w kolorze czerwonym.<\/p>\n<p>Przybornik ma \u015brednic\u0119 8 cm i wysoko\u015b\u0107 ok. 4 cm.<\/p>\n<\/div>\n<\/div>\n","protected":false},"excerpt":{"rendered":"<p>Podr\u0119czny zestaw niezb\u0119dnych akcesori\u00f3w do szycia.<\/p>\n","protected":false},"featured_media":13282,"comment_status":"open","ping_status":"closed","template":"","meta":[],"product_brand":[],"product_cat":[763],"product_tag":[],"class_list":{"0":"post-11956","1":"product","2":"type-product","3":"status-publish","4":"has-post-thumbnail","6":"product_cat-przyborniki-i-zestawy-do-szycia","8":"first","9":"instock","10":"taxable","11":"shipping-taxable","12":"purchasable","13":"product-type-simple"},"_links":{"self":[{"href":"https:\/\/gltestm.webology.pl\/pl\/wp-json\/wp\/v2\/product\/11956","targetHints":{"allow":["GET"]}}],"collection":[{"href":"https:\/\/gltestm.webology.pl\/pl\/wp-json\/wp\/v2\/product"}],"about":[{"href":"https:\/\/gltestm.webology.pl\/pl\/wp-json\/wp\/v2\/types\/product"}],"replies":[{"embeddable":true,"href":"https:\/\/gltestm.webology.pl\/pl\/wp-json\/wp\/v2\/comments?post=11956"}],"version-history":[{"count":0,"href":"https:\/\/gltestm.webology.pl\/pl\/wp-json\/wp\/v2\/product\/11956\/revisions"}],"wp:featuredmedia":[{"embeddable":true,"href":"https:\/\/gltestm.webology.pl\/pl\/wp-json\/wp\/v2\/media\/13282"}],"wp:attachment":[{"href":"https:\/\/gltestm.webology.pl\/pl\/wp-json\/wp\/v2\/media?parent=11956"}],"wp:term":[{"taxonomy":"product_brand","embeddable":true,"href":"https:\/\/gltestm.webology.pl\/pl\/wp-json\/wp\/v2\/product_brand?post=11956"},{"taxonomy":"product_cat","embeddable":true,"href":"https:\/\/gltestm.webology.pl\/pl\/wp-json\/wp\/v2\/product_cat?post=11956"},{"taxonomy":"product_tag","embeddable":true,"href":"https:\/\/gltestm.webology.pl\/pl\/wp-json\/wp\/v2\/product_tag?post=11956"}],"curies":[{"name":"wp","href":"https:\/\/api.w.org\/{rel}","templated":true}]}}