{"id":11954,"date":"2026-03-18T22:04:06","date_gmt":"2026-03-18T21:04:06","guid":{"rendered":"https:\/\/gltestm.webology.pl\/produkt\/zestaw-igiel-beissel-elx705-uniwersalne-do-overlocka\/"},"modified":"2026-03-22T21:50:44","modified_gmt":"2026-03-22T20:50:44","slug":"zestaw-igiel-beissel-elx705-uniwersalne-do-overlocka","status":"publish","type":"product","link":"https:\/\/gltestm.webology.pl\/pl\/produkt\/zestaw-igiel-beissel-elx705-uniwersalne-do-overlocka\/","title":{"rendered":"Zestaw igie\u0142 Beissel ELx705 Uniwersalne do Overlocka"},"content":{"rendered":"<p><strong>Ig\u0142y Beissel ELx705 Uniwersalne do Overlocka.<\/strong><\/p>\n<p>Ig\u0142y na kolbie p\u00f3\u0142p\u0142askiej.<\/p>\n<p><strong>Grubo\u015b\u0107 kolby kodowana kolorami.<\/strong><br \/><strong>Grubo\u015b\u0107 ig\u0142y 3&#215;80 i 2&#215;90 <\/strong><br \/><strong>Opakowanie 5 sztuk.<\/strong><\/p>\n<p>Licencja BMN Beissel Maschinennadel Gmbh, Germany.<\/p>\n<p>Ka\u017cda ig\u0142a Beissel jest chromowana, a ostrze wykonane w twardo\u015bci HV 750-850. Dzi\u0119ki temu wierzcho\u0142ek jest tak ostry i wytrzyma\u0142y, \u017ce mo\u017ce przebi\u0107 arkusz stalowej blachy i nadal zachowuje swoje parametry. Nowoczesne maszyny do szycia pracuj\u0105 z pr\u0119dko\u015bci\u0105 10000 \u015bcieg\u00f3w na minut\u0119.<\/p>\n","protected":false},"excerpt":{"rendered":"<p>Ig\u0142y Beissel ELx705 Uniwersalne<\/p>\n","protected":false},"featured_media":15053,"comment_status":"open","ping_status":"closed","template":"","meta":[],"product_brand":[],"product_cat":[518],"product_tag":[],"class_list":{"0":"post-11954","1":"product","2":"type-product","3":"status-publish","4":"has-post-thumbnail","6":"product_cat-igly-do-maszyn","8":"first","9":"instock","10":"taxable","11":"shipping-taxable","12":"purchasable","13":"product-type-simple"},"_links":{"self":[{"href":"https:\/\/gltestm.webology.pl\/pl\/wp-json\/wp\/v2\/product\/11954","targetHints":{"allow":["GET"]}}],"collection":[{"href":"https:\/\/gltestm.webology.pl\/pl\/wp-json\/wp\/v2\/product"}],"about":[{"href":"https:\/\/gltestm.webology.pl\/pl\/wp-json\/wp\/v2\/types\/product"}],"replies":[{"embeddable":true,"href":"https:\/\/gltestm.webology.pl\/pl\/wp-json\/wp\/v2\/comments?post=11954"}],"version-history":[{"count":0,"href":"https:\/\/gltestm.webology.pl\/pl\/wp-json\/wp\/v2\/product\/11954\/revisions"}],"wp:featuredmedia":[{"embeddable":true,"href":"https:\/\/gltestm.webology.pl\/pl\/wp-json\/wp\/v2\/media\/15053"}],"wp:attachment":[{"href":"https:\/\/gltestm.webology.pl\/pl\/wp-json\/wp\/v2\/media?parent=11954"}],"wp:term":[{"taxonomy":"product_brand","embeddable":true,"href":"https:\/\/gltestm.webology.pl\/pl\/wp-json\/wp\/v2\/product_brand?post=11954"},{"taxonomy":"product_cat","embeddable":true,"href":"https:\/\/gltestm.webology.pl\/pl\/wp-json\/wp\/v2\/product_cat?post=11954"},{"taxonomy":"product_tag","embeddable":true,"href":"https:\/\/gltestm.webology.pl\/pl\/wp-json\/wp\/v2\/product_tag?post=11954"}],"curies":[{"name":"wp","href":"https:\/\/api.w.org\/{rel}","templated":true}]}}