{"id":11953,"date":"2026-03-18T22:04:05","date_gmt":"2026-03-18T21:04:05","guid":{"rendered":"https:\/\/gltestm.webology.pl\/produkt\/nici-do-overlocka-szara-outlet\/"},"modified":"2026-03-22T21:50:24","modified_gmt":"2026-03-22T20:50:24","slug":"nici-do-overlocka-szara-outlet","status":"publish","type":"product","link":"https:\/\/gltestm.webology.pl\/pl\/produkt\/nici-do-overlocka-szara-outlet\/","title":{"rendered":"Nici do overlocka &#8211; szara Outlet"},"content":{"rendered":"<p>Nici poliestrowe o nawoju oko\u0142o 4572 metr\u00f3w. S\u0105 to mocne nici, kt\u00f3re idealnie nadaj\u0105 si\u0119 do zastosowania podczas szycia na maszynach domowych lub przemys\u0142owych, takich jak overloki, czy renderki.<\/p>\n<p>Mo\u017cna pra\u0107 normalnie do temperatury max. 95 stopni.<\/p>\n<p>Nie chlorowa\u0107.<\/p>\n<p>Prasowa\u0107 na \u015bredniej temperaturze \u017celazka.<\/p>\n<p>Mo\u017cna czy\u015bcic chemicznie.<\/p>\n<p>Suszy\u0107 w suszarkach b\u0119bnowych na ma\u0142ych obrotach.<\/p>\n","protected":false},"excerpt":{"rendered":"<p>Nici poliestrowe, naw\u00f3j 5000 yards PES 40\/2<\/p>\n","protected":false},"featured_media":14464,"comment_status":"open","ping_status":"closed","template":"","meta":[],"product_brand":[],"product_cat":[918],"product_tag":[],"class_list":{"0":"post-11953","1":"product","2":"type-product","3":"status-publish","4":"has-post-thumbnail","6":"product_cat-nici-do-overlockow","8":"first","9":"outofstock","10":"taxable","11":"shipping-taxable","12":"purchasable","13":"product-type-simple"},"_links":{"self":[{"href":"https:\/\/gltestm.webology.pl\/pl\/wp-json\/wp\/v2\/product\/11953","targetHints":{"allow":["GET"]}}],"collection":[{"href":"https:\/\/gltestm.webology.pl\/pl\/wp-json\/wp\/v2\/product"}],"about":[{"href":"https:\/\/gltestm.webology.pl\/pl\/wp-json\/wp\/v2\/types\/product"}],"replies":[{"embeddable":true,"href":"https:\/\/gltestm.webology.pl\/pl\/wp-json\/wp\/v2\/comments?post=11953"}],"version-history":[{"count":0,"href":"https:\/\/gltestm.webology.pl\/pl\/wp-json\/wp\/v2\/product\/11953\/revisions"}],"wp:featuredmedia":[{"embeddable":true,"href":"https:\/\/gltestm.webology.pl\/pl\/wp-json\/wp\/v2\/media\/14464"}],"wp:attachment":[{"href":"https:\/\/gltestm.webology.pl\/pl\/wp-json\/wp\/v2\/media?parent=11953"}],"wp:term":[{"taxonomy":"product_brand","embeddable":true,"href":"https:\/\/gltestm.webology.pl\/pl\/wp-json\/wp\/v2\/product_brand?post=11953"},{"taxonomy":"product_cat","embeddable":true,"href":"https:\/\/gltestm.webology.pl\/pl\/wp-json\/wp\/v2\/product_cat?post=11953"},{"taxonomy":"product_tag","embeddable":true,"href":"https:\/\/gltestm.webology.pl\/pl\/wp-json\/wp\/v2\/product_tag?post=11953"}],"curies":[{"name":"wp","href":"https:\/\/api.w.org\/{rel}","templated":true}]}}