{"id":11949,"date":"2026-03-18T22:04:05","date_gmt":"2026-03-18T21:04:05","guid":{"rendered":"https:\/\/gltestm.webology.pl\/produkt\/stojak-do-prasowalnicy-dfsp-810\/"},"modified":"2026-03-22T22:11:08","modified_gmt":"2026-03-22T21:11:08","slug":"stojak-do-prasowalnicy-dfsp-810","status":"publish","type":"product","link":"https:\/\/gltestm.webology.pl\/pl\/produkt\/stojak-do-prasowalnicy-dfsp-810\/","title":{"rendered":"Stojak do prasowalnicy DFSP-810"},"content":{"rendered":"<h2>Stojak do prasowalnicy DFSP-810<\/h2>\n<p>N\u00f3\u017cki, kt\u00f3re umo\u017cliwiaj\u0105 ustawienie prasowalnicy na wolnej powierzchni w celu wybrania dogodnego miejsca do prasowania. <\/p>\n<p>Wymiary stojaka: 49cm x 17cm x 71,5cm<\/p>\n<p>Waga stojaka: 7kg<\/p>\n<p><strong>Stojak do prasowalnicy DFSP-810 <\/strong>posiada<strong> 24-miesi\u0119czn\u0105<\/strong> <strong>gwarancj\u0119<\/strong>.<\/p>\n","protected":false},"excerpt":{"rendered":"<p>N\u00f3\u017cki umo\u017cliwiaj\u0105ce ustawienie prasowalnicy na wolnej powierzchni.<\/p>\n","protected":false},"featured_media":14129,"comment_status":"open","ping_status":"closed","template":"","meta":[],"product_brand":[],"product_cat":[618],"product_tag":[],"class_list":{"0":"post-11949","1":"product","2":"type-product","3":"status-publish","4":"has-post-thumbnail","6":"product_cat-prasowalnice","8":"first","9":"instock","10":"taxable","11":"shipping-taxable","12":"purchasable","13":"product-type-simple"},"_links":{"self":[{"href":"https:\/\/gltestm.webology.pl\/pl\/wp-json\/wp\/v2\/product\/11949","targetHints":{"allow":["GET"]}}],"collection":[{"href":"https:\/\/gltestm.webology.pl\/pl\/wp-json\/wp\/v2\/product"}],"about":[{"href":"https:\/\/gltestm.webology.pl\/pl\/wp-json\/wp\/v2\/types\/product"}],"replies":[{"embeddable":true,"href":"https:\/\/gltestm.webology.pl\/pl\/wp-json\/wp\/v2\/comments?post=11949"}],"version-history":[{"count":0,"href":"https:\/\/gltestm.webology.pl\/pl\/wp-json\/wp\/v2\/product\/11949\/revisions"}],"wp:featuredmedia":[{"embeddable":true,"href":"https:\/\/gltestm.webology.pl\/pl\/wp-json\/wp\/v2\/media\/14129"}],"wp:attachment":[{"href":"https:\/\/gltestm.webology.pl\/pl\/wp-json\/wp\/v2\/media?parent=11949"}],"wp:term":[{"taxonomy":"product_brand","embeddable":true,"href":"https:\/\/gltestm.webology.pl\/pl\/wp-json\/wp\/v2\/product_brand?post=11949"},{"taxonomy":"product_cat","embeddable":true,"href":"https:\/\/gltestm.webology.pl\/pl\/wp-json\/wp\/v2\/product_cat?post=11949"},{"taxonomy":"product_tag","embeddable":true,"href":"https:\/\/gltestm.webology.pl\/pl\/wp-json\/wp\/v2\/product_tag?post=11949"}],"curies":[{"name":"wp","href":"https:\/\/api.w.org\/{rel}","templated":true}]}}