{"id":11944,"date":"2026-03-18T22:04:03","date_gmt":"2026-03-18T21:04:03","guid":{"rendered":"https:\/\/gltestm.webology.pl\/produkt\/szydelko-do-robotek-roz-0\/"},"modified":"2026-03-22T21:50:13","modified_gmt":"2026-03-22T20:50:13","slug":"szydelko-do-robotek-roz-0","status":"publish","type":"product","link":"https:\/\/gltestm.webology.pl\/pl\/produkt\/szydelko-do-robotek-roz-0\/","title":{"rendered":"Szyde\u0142ko do rob\u00f3tek roz. 0"},"content":{"rendered":"<p><span>Narz\u0119dzie s\u0142u\u017c\u0105ce do r\u0119cznego wyrobu dzianiny poprzez przeci\u0105ganie nici przez p\u0119telki. <\/span>Praktyczna plastikowa r\u0105czk\u0119, u\u0142atwi ruchy przy szyde\u0142kowaniu. <span>Przy tego rodzaju szyde\u0142kach obowi\u0105zuje regu\u0142a: im mniejszy numer szyde\u0142ka tym grubszy jego haczyk. <\/span><span>Do tego rodzaju szyde\u0142ka zalecamy we\u0142n\u0119 <\/span>Snehurka<span>. Mo\u017cna te\u017c u\u017cy\u0107 <\/span>Kordonek<span>.<\/span><\/p>\n<h2><span>Wymiary szyde\u0142ka<\/span><\/h2>\n<ul>\n<li><span>Rozmiary g\u0142\u00f3wki szyde\u0142ka 1,5 x 2,8 mm.<\/span><\/li>\n<li>D\u0142ugo\u015b\u0107 haczyka: <strong>12,5 cm<\/strong><\/li>\n<li>\u015arednica r\u0119koje\u015bci: <strong>9 mm<\/strong><\/li>\n<\/ul>\n","protected":false},"excerpt":{"rendered":"<p>Narz\u0119dzie do r\u0119cznego wyrobu dzianiny<\/p>\n","protected":false},"featured_media":15600,"comment_status":"open","ping_status":"closed","template":"","meta":[],"product_brand":[],"product_cat":[368],"product_tag":[],"class_list":{"0":"post-11944","1":"product","2":"type-product","3":"status-publish","4":"has-post-thumbnail","6":"product_cat-narzedzia-i-akcesoria","8":"first","9":"instock","10":"taxable","11":"shipping-taxable","12":"purchasable","13":"product-type-simple"},"_links":{"self":[{"href":"https:\/\/gltestm.webology.pl\/pl\/wp-json\/wp\/v2\/product\/11944","targetHints":{"allow":["GET"]}}],"collection":[{"href":"https:\/\/gltestm.webology.pl\/pl\/wp-json\/wp\/v2\/product"}],"about":[{"href":"https:\/\/gltestm.webology.pl\/pl\/wp-json\/wp\/v2\/types\/product"}],"replies":[{"embeddable":true,"href":"https:\/\/gltestm.webology.pl\/pl\/wp-json\/wp\/v2\/comments?post=11944"}],"version-history":[{"count":0,"href":"https:\/\/gltestm.webology.pl\/pl\/wp-json\/wp\/v2\/product\/11944\/revisions"}],"wp:featuredmedia":[{"embeddable":true,"href":"https:\/\/gltestm.webology.pl\/pl\/wp-json\/wp\/v2\/media\/15600"}],"wp:attachment":[{"href":"https:\/\/gltestm.webology.pl\/pl\/wp-json\/wp\/v2\/media?parent=11944"}],"wp:term":[{"taxonomy":"product_brand","embeddable":true,"href":"https:\/\/gltestm.webology.pl\/pl\/wp-json\/wp\/v2\/product_brand?post=11944"},{"taxonomy":"product_cat","embeddable":true,"href":"https:\/\/gltestm.webology.pl\/pl\/wp-json\/wp\/v2\/product_cat?post=11944"},{"taxonomy":"product_tag","embeddable":true,"href":"https:\/\/gltestm.webology.pl\/pl\/wp-json\/wp\/v2\/product_tag?post=11944"}],"curies":[{"name":"wp","href":"https:\/\/api.w.org\/{rel}","templated":true}]}}