{"id":11940,"date":"2026-03-18T22:04:02","date_gmt":"2026-03-18T21:04:02","guid":{"rendered":"https:\/\/gltestm.webology.pl\/produkt\/pudelko-plastikowe-na-szpulki-do-maszyn-do-szycia\/"},"modified":"2026-03-22T22:08:42","modified_gmt":"2026-03-22T21:08:42","slug":"pudelko-plastikowe-na-szpulki-do-maszyn-do-szycia","status":"publish","type":"product","link":"https:\/\/gltestm.webology.pl\/pl\/produkt\/pudelko-plastikowe-na-szpulki-do-maszyn-do-szycia\/","title":{"rendered":"Pude\u0142ko plastikowe na szpulki do maszyn do szycia"},"content":{"rendered":"<p>Niezast\u0105piony w ka\u017cdej krawieckiej pracowni, a cz\u0119sto pomijany drobiazg, kt\u00f3ry niesamowicie u\u0142atwia prac\u0119 i zachowanie porz\u0105dku. Teraz ju\u017c nic si\u0119 nie pomiesza ani nie popl\u0105cze! Przewini\u0119t\u0105 nitk\u0119 wyci\u0105gamy tylko z pude\u0142ka i wk\u0142adamy do maszyny, aby rozpocz\u0105\u0107 szycie. Daj upust swej artystycznej duszy poprzez nawini\u0119cie r\u00f3\u017cnych kolor\u00f3w szpulek i u\u0142o\u017cenie ich w ciekawy spos\u00f3b.<\/p>\n<p>Pude\u0142ko pomie\u015bci w sobie 25 szpulek. Teraz wszystkie szpulki mo\u017cesz trzyma\u0107 w jednym miejscu (w teorii &#8211; wszyscy wiemy, jak to w praktyce wygl\u0105da&#8230; ;)).<\/p>\n<p>Dzi\u0119ki przezroczystej pokrywce widzimy kolory nici nawini\u0119tych na szpulki.<\/p>\n","protected":false},"excerpt":{"rendered":"<p>Pude\u0142ko na szpulki o wymiarach 10 x 12 cm, mieszcz\u0105ce 25 standardowych szpulek do maszyn do szycia. Pomaga w zachowaniu porz\u0105dku w pracowni krawieckiej.<\/p>\n","protected":false},"featured_media":15205,"comment_status":"open","ping_status":"closed","template":"","meta":[],"product_brand":[],"product_cat":[523],"product_tag":[],"class_list":{"0":"post-11940","1":"product","2":"type-product","3":"status-publish","4":"has-post-thumbnail","6":"product_cat-szpulki-na-nici","8":"first","9":"instock","10":"taxable","11":"shipping-taxable","12":"purchasable","13":"product-type-simple"},"_links":{"self":[{"href":"https:\/\/gltestm.webology.pl\/pl\/wp-json\/wp\/v2\/product\/11940","targetHints":{"allow":["GET"]}}],"collection":[{"href":"https:\/\/gltestm.webology.pl\/pl\/wp-json\/wp\/v2\/product"}],"about":[{"href":"https:\/\/gltestm.webology.pl\/pl\/wp-json\/wp\/v2\/types\/product"}],"replies":[{"embeddable":true,"href":"https:\/\/gltestm.webology.pl\/pl\/wp-json\/wp\/v2\/comments?post=11940"}],"version-history":[{"count":0,"href":"https:\/\/gltestm.webology.pl\/pl\/wp-json\/wp\/v2\/product\/11940\/revisions"}],"wp:featuredmedia":[{"embeddable":true,"href":"https:\/\/gltestm.webology.pl\/pl\/wp-json\/wp\/v2\/media\/15205"}],"wp:attachment":[{"href":"https:\/\/gltestm.webology.pl\/pl\/wp-json\/wp\/v2\/media?parent=11940"}],"wp:term":[{"taxonomy":"product_brand","embeddable":true,"href":"https:\/\/gltestm.webology.pl\/pl\/wp-json\/wp\/v2\/product_brand?post=11940"},{"taxonomy":"product_cat","embeddable":true,"href":"https:\/\/gltestm.webology.pl\/pl\/wp-json\/wp\/v2\/product_cat?post=11940"},{"taxonomy":"product_tag","embeddable":true,"href":"https:\/\/gltestm.webology.pl\/pl\/wp-json\/wp\/v2\/product_tag?post=11940"}],"curies":[{"name":"wp","href":"https:\/\/api.w.org\/{rel}","templated":true}]}}