{"id":11937,"date":"2026-03-18T22:04:02","date_gmt":"2026-03-18T21:04:02","guid":{"rendered":"https:\/\/gltestm.webology.pl\/produkt\/plastikowa-szpulka-do-maszyn-do-szycia-lucznik\/"},"modified":"2026-03-22T22:11:08","modified_gmt":"2026-03-22T21:11:08","slug":"plastikowa-szpulka-do-maszyn-do-szycia-lucznik","status":"publish","type":"product","link":"https:\/\/gltestm.webology.pl\/pl\/produkt\/plastikowa-szpulka-do-maszyn-do-szycia-lucznik\/","title":{"rendered":"Plastikowa szpulka do maszyn do szycia \u0141ucznik"},"content":{"rendered":"<p>Warto posiada\u0107 wi\u0119cej szpulek, ni\u017c standardowo do\u0142\u0105czane do maszyny kilka sztuk. Przewijamy wtedy na nie posiadane kolory nici i wygodnie wyci\u0105gamy je w razie potrzeby.<\/p>\n<p>Szpulka pasuje do wszystkich maszyn do szycia \u0141ucznik z obecnej oferty sprzeda\u017cowej oraz do maszyn z serii 400 i 700 (np. 466, 451).<\/p>\n<p><span>Dok\u0142adne wymiary szpulki:<\/span><\/p>\n<ul>\n<li>\u015brednica szpulki: 2 cm, <\/li>\n<li>\u015brednica wewn\u0119trzna 0,6 cm<\/li>\n<li>wysoko\u015b\u0107 zewn\u0119trzna: 1.05 cm<\/li>\n<li>wysoko\u015b\u0107 wewn\u0119trzna: 0,85 cm<\/li>\n<\/ul>\n<p><span>Szpulka do maszyny:<\/span> \u0141ucznik Alicja 420, \u0141ucznik Amelia II, \u0141ucznik Anna 510, \u0141ucznik Balladyna II 2020, \u0141ucznik Carmen, \u0141ucznik Diana 417, \u0141ucznik Dorota, \u0141ucznik Ewa II 2014, \u0141ucznik Gabriela 875,  \u0141ucznik Helena 2060, \u0141ucznik Izabella 888, \u0141ucznik Jagoda 787, \u0141ucznik Julia 2009, \u0141ucznik Julita 777, \u0141ucznik Justyna 2010, \u0141ucznik Karina 910, \u0141ucznik Karolina 2040, \u0141ucznik Katarzyna 444, \u0141ucznik Kinga 2011, \u0141ucznik Kornelia II 2004, \u0141ucznik Laura 555, \u0141ucznik Lidia 2016, \u0141ucznik Magdalena 2050, \u0141ucznik Maja 827, \u0141ucznik Malwina 2070, \u0141ucznik Maria 418, \u0141ucznik Marilyn 2018, \u0141ucznik Marta 712, \u0141ucznik Martyna 2080, \u0141ucznik Milena 419, \u0141ucznik Natalia 2007, \u0141ucznik Ola 803, \u0141ucznik Olga 418, \u0141ucznik Otylia 2006, \u0141ucznik Patrycja 2090, \u0141ucznik Paulina 511, \u0141ucznik Paulina 512, \u0141ucznik Polonia 2018, \u0141ucznik Telimena II 2030, \u0141ucznik Teresa, \u0141ucznik Weronika 2008, \u0141ucznik Zofia I 2015, \u0141ucznik Zofia II 2015, \u0141ucznik Nadzieja 2019, Sylvie, Mia, Ivonne.<\/p>\n<p>Szpulka nie pasuje do maszyn: Mini, Lena i Everyday oraz dawniej produkowanych maszyn do szycia posiadaj\u0105cych chwytacz rotacyjny na szpulki soczewkowe, czyli maszyn z serii 800. Przyk\u0142ady modeli, do kt\u00f3rych szpulka NIE pasuje: 834, 814, 864, 884.<\/p>\n","protected":false},"excerpt":{"rendered":"<p>Standardowa plastikowa szpulka do maszyn do szycia \u0141ucznik. Przeznaczona do u\u017cycia tak w maszynach do szycia \u0141ucznik, jak i wielu innych producent\u00f3w.<\/p>\n","protected":false},"featured_media":14058,"comment_status":"open","ping_status":"closed","template":"","meta":[],"product_brand":[],"product_cat":[523],"product_tag":[],"class_list":{"0":"post-11937","1":"product","2":"type-product","3":"status-publish","4":"has-post-thumbnail","6":"product_cat-szpulki-na-nici","8":"first","9":"instock","10":"taxable","11":"shipping-taxable","12":"purchasable","13":"product-type-simple"},"_links":{"self":[{"href":"https:\/\/gltestm.webology.pl\/pl\/wp-json\/wp\/v2\/product\/11937","targetHints":{"allow":["GET"]}}],"collection":[{"href":"https:\/\/gltestm.webology.pl\/pl\/wp-json\/wp\/v2\/product"}],"about":[{"href":"https:\/\/gltestm.webology.pl\/pl\/wp-json\/wp\/v2\/types\/product"}],"replies":[{"embeddable":true,"href":"https:\/\/gltestm.webology.pl\/pl\/wp-json\/wp\/v2\/comments?post=11937"}],"version-history":[{"count":0,"href":"https:\/\/gltestm.webology.pl\/pl\/wp-json\/wp\/v2\/product\/11937\/revisions"}],"wp:featuredmedia":[{"embeddable":true,"href":"https:\/\/gltestm.webology.pl\/pl\/wp-json\/wp\/v2\/media\/14058"}],"wp:attachment":[{"href":"https:\/\/gltestm.webology.pl\/pl\/wp-json\/wp\/v2\/media?parent=11937"}],"wp:term":[{"taxonomy":"product_brand","embeddable":true,"href":"https:\/\/gltestm.webology.pl\/pl\/wp-json\/wp\/v2\/product_brand?post=11937"},{"taxonomy":"product_cat","embeddable":true,"href":"https:\/\/gltestm.webology.pl\/pl\/wp-json\/wp\/v2\/product_cat?post=11937"},{"taxonomy":"product_tag","embeddable":true,"href":"https:\/\/gltestm.webology.pl\/pl\/wp-json\/wp\/v2\/product_tag?post=11937"}],"curies":[{"name":"wp","href":"https:\/\/api.w.org\/{rel}","templated":true}]}}