{"id":11936,"date":"2026-03-18T22:04:01","date_gmt":"2026-03-18T21:04:01","guid":{"rendered":"https:\/\/gltestm.webology.pl\/produkt\/uniwersalna-linijka-krawiecka-luk\/"},"modified":"2026-03-22T21:49:52","modified_gmt":"2026-03-22T20:49:52","slug":"uniwersalna-linijka-krawiecka-luk","status":"publish","type":"product","link":"https:\/\/gltestm.webology.pl\/pl\/produkt\/uniwersalna-linijka-krawiecka-luk\/","title":{"rendered":"Uniwersalna linijka krawiecka \u0141uk"},"content":{"rendered":"<h2>Zastosowanie linijki<\/h2>\n<p>Miarka krawiecka w kszta\u0142cie \u0142uku \u015bwietnie sprawdzi si\u0119 do kopiowania i wyrysowania nietypowych nieregularnych linii. Dzi\u0119ki niej bez trudu wykonamy wykr&oacute;j z zaokr\u0105glonym zarysem. Linijka krawiecka pomo\u017ce nam r&oacute;wnie\u017c w r&oacute;wnym zaokr\u0105gleniu bok&oacute;w, mo\u017ce s\u0142u\u017cy\u0107 r&oacute;wnie\u017c do wyznaczania bok&oacute;w sp&oacute;dnic czy spodni.<\/p>\n<h2>Wykonanie i skala<\/h2>\n<p>Uniwersalna linijka krawiecka jest wykonana z przezroczystego tworzywa, dzi\u0119ki czemu b\u0119dziemy widzie\u0107 linie znajduj\u0105ce si\u0119 pod linijk\u0105. Posiada podzia\u0142k\u0119 centymetrow\u0105 do 60 cm.<\/p>\n","protected":false},"excerpt":{"rendered":"<p>Profesjonalna elastyczna linijka krawiecka w kszta\u0142cie \u0142uku do konstrukcji odzie\u017cy.<\/p>\n","protected":false},"featured_media":15208,"comment_status":"open","ping_status":"closed","template":"","meta":[],"product_brand":[],"product_cat":[753],"product_tag":[],"class_list":{"0":"post-11936","1":"product","2":"type-product","3":"status-publish","4":"has-post-thumbnail","6":"product_cat-miary-linijki-i-cyrkle","8":"first","9":"instock","10":"taxable","11":"shipping-taxable","12":"purchasable","13":"product-type-simple"},"_links":{"self":[{"href":"https:\/\/gltestm.webology.pl\/pl\/wp-json\/wp\/v2\/product\/11936","targetHints":{"allow":["GET"]}}],"collection":[{"href":"https:\/\/gltestm.webology.pl\/pl\/wp-json\/wp\/v2\/product"}],"about":[{"href":"https:\/\/gltestm.webology.pl\/pl\/wp-json\/wp\/v2\/types\/product"}],"replies":[{"embeddable":true,"href":"https:\/\/gltestm.webology.pl\/pl\/wp-json\/wp\/v2\/comments?post=11936"}],"version-history":[{"count":0,"href":"https:\/\/gltestm.webology.pl\/pl\/wp-json\/wp\/v2\/product\/11936\/revisions"}],"wp:featuredmedia":[{"embeddable":true,"href":"https:\/\/gltestm.webology.pl\/pl\/wp-json\/wp\/v2\/media\/15208"}],"wp:attachment":[{"href":"https:\/\/gltestm.webology.pl\/pl\/wp-json\/wp\/v2\/media?parent=11936"}],"wp:term":[{"taxonomy":"product_brand","embeddable":true,"href":"https:\/\/gltestm.webology.pl\/pl\/wp-json\/wp\/v2\/product_brand?post=11936"},{"taxonomy":"product_cat","embeddable":true,"href":"https:\/\/gltestm.webology.pl\/pl\/wp-json\/wp\/v2\/product_cat?post=11936"},{"taxonomy":"product_tag","embeddable":true,"href":"https:\/\/gltestm.webology.pl\/pl\/wp-json\/wp\/v2\/product_tag?post=11936"}],"curies":[{"name":"wp","href":"https:\/\/api.w.org\/{rel}","templated":true}]}}