{"id":11933,"date":"2026-03-18T22:04:01","date_gmt":"2026-03-18T21:04:01","guid":{"rendered":"https:\/\/gltestm.webology.pl\/produkt\/obcinaczki-do-nici\/"},"modified":"2026-03-22T21:49:46","modified_gmt":"2026-03-22T20:49:46","slug":"obcinaczki-do-nici","status":"publish","type":"product","link":"https:\/\/gltestm.webology.pl\/pl\/produkt\/obcinaczki-do-nici\/","title":{"rendered":"Obcinaczki do nici"},"content":{"rendered":"<h2><strong>Do czego s\u0142u\u017c\u0105 obcinaczki<\/strong><\/h2>\n<p>Obcinaczki do nitek to ma\u0142y sprytny przyrz\u0105dz\u0105, kt&oacute;ry zawsze mo\u017cesz mie\u0107 pod r\u0119k\u0105. S\u0142u\u017c\u0105 do szybkiego i dok\u0142adnego odci\u0119cia nici, w\u0142&oacute;czki, muliny, \u017cy\u0142ki czy sznurka. Doskonale sprawdz\u0105 si\u0119 r&oacute;wnie\u017c przy wszelkich rob&oacute;tkach krawieckich, pomog\u0105 rozpru\u0107 dziurki, szwy oraz kieszenie.<\/p>\n<h2><strong>Ostre zako\u0144czenie<\/strong><\/h2>\n<p>Dzi\u0119ki temu, \u017ce s\u0105 zako\u0144czone ostrym szlifem, mog\u0105 zast\u0105pi\u0107 nam prujk\u0119. No\u017cyk mo\u017cemy r&oacute;wnie\u017c wykorzysta\u0107 w biurze, w\u0119dkarstwie czy innej potrzebie, gdy no\u017cyczki s\u0105 zbyt grube.<\/p>\n<h2><strong>Wykonanie i wymiar obcinaczek<\/strong><\/h2>\n<p>S\u0105 wykonane z metalu, dzi\u0119ki czemu s\u0105 bardzo wytrzyma\u0142e. Ostry szlif na ko\u0144cu umo\u017cliwia \u0142atwe i precyzyjne ci\u0119cie.<\/p>\n<p>Metalowa obcinaczka ma d\u0142ugo\u015b\u0107 10,6 cm.<\/p>\n<p>No\u017cyki s\u0105 zabezpieczone olejem, wi\u0119c przed u\u017cyciem nale\u017cy wytrze\u0107 je \u015bciereczk\u0105.<\/p>\n<p>Obcinaczki wyst\u0119puj\u0105 w trzech kolorach: niebieskim, czerwonym i czarnym. Kolor wysy\u0142any jest losowo!<\/p>\n","protected":false},"excerpt":{"rendered":"<p>Praktyczne no\u017cyczki w jednym z trzech kolor\u00f3w do obcinania nitek. Mog\u0105 by\u0107 u\u017cyteczne r\u00f3wnie\u017c w domu oraz biurze.<\/p>\n","protected":false},"featured_media":14484,"comment_status":"open","ping_status":"closed","template":"","meta":[],"product_brand":[],"product_cat":[768],"product_tag":[],"class_list":{"0":"post-11933","1":"product","2":"type-product","3":"status-publish","4":"has-post-thumbnail","6":"product_cat-nozyce-i-obcinaczki","8":"first","9":"instock","10":"taxable","11":"shipping-taxable","12":"purchasable","13":"product-type-simple"},"_links":{"self":[{"href":"https:\/\/gltestm.webology.pl\/pl\/wp-json\/wp\/v2\/product\/11933","targetHints":{"allow":["GET"]}}],"collection":[{"href":"https:\/\/gltestm.webology.pl\/pl\/wp-json\/wp\/v2\/product"}],"about":[{"href":"https:\/\/gltestm.webology.pl\/pl\/wp-json\/wp\/v2\/types\/product"}],"replies":[{"embeddable":true,"href":"https:\/\/gltestm.webology.pl\/pl\/wp-json\/wp\/v2\/comments?post=11933"}],"version-history":[{"count":0,"href":"https:\/\/gltestm.webology.pl\/pl\/wp-json\/wp\/v2\/product\/11933\/revisions"}],"wp:featuredmedia":[{"embeddable":true,"href":"https:\/\/gltestm.webology.pl\/pl\/wp-json\/wp\/v2\/media\/14484"}],"wp:attachment":[{"href":"https:\/\/gltestm.webology.pl\/pl\/wp-json\/wp\/v2\/media?parent=11933"}],"wp:term":[{"taxonomy":"product_brand","embeddable":true,"href":"https:\/\/gltestm.webology.pl\/pl\/wp-json\/wp\/v2\/product_brand?post=11933"},{"taxonomy":"product_cat","embeddable":true,"href":"https:\/\/gltestm.webology.pl\/pl\/wp-json\/wp\/v2\/product_cat?post=11933"},{"taxonomy":"product_tag","embeddable":true,"href":"https:\/\/gltestm.webology.pl\/pl\/wp-json\/wp\/v2\/product_tag?post=11933"}],"curies":[{"name":"wp","href":"https:\/\/api.w.org\/{rel}","templated":true}]}}