{"id":11930,"date":"2026-03-18T22:04:00","date_gmt":"2026-03-18T21:04:00","guid":{"rendered":"https:\/\/gltestm.webology.pl\/produkt\/dlugopis-krawiecki\/"},"modified":"2026-03-22T21:49:27","modified_gmt":"2026-03-22T20:49:27","slug":"dlugopis-krawiecki","status":"publish","type":"product","link":"https:\/\/gltestm.webology.pl\/pl\/produkt\/dlugopis-krawiecki\/","title":{"rendered":"D\u0142ugopis krawiecki"},"content":{"rendered":"<p>D\u0142ugopis krawiecki do <strong>oznaczania linii<\/strong> szycia za pomoc\u0105 <strong>kredy (wk\u0142adu)<\/strong>. <\/p>\n<p><span>Widoczno\u015b\u0107 oznacze\u0144 d\u0142ugopisu zale\u017cy od koloru tkaniny.<\/span><\/p>\n<p>D\u0142ugopis wykonany jest z PVC i posiada specjalny suwak za pomoc\u0105 kt\u00f3rego mo\u017cliwe jest dostosowywanie d\u0142ugo\u015bci kredy. <\/p>\n<p>Wk\u0142ady mo\u017cna wymieni\u0107 po zu\u017cyciu. <\/p>\n<p><strong>Uwaga!<\/strong><\/p>\n<p><span><strong>D\u0142ugopis sprzedawany jest bez wk\u0142adu (pusty korpus). Wk\u0142ady do d\u0142ugopisu nale\u017cy dokupi\u0107 dodatkowo! <\/strong><\/span><\/p>\n","protected":false},"excerpt":{"rendered":"<p>D\u0142ugopis do oznaczania linii na materia\u0142ach i tekstyliach<\/p>\n","protected":false},"featured_media":15363,"comment_status":"open","ping_status":"closed","template":"","meta":[],"product_brand":[],"product_cat":[743],"product_tag":[],"class_list":{"0":"post-11930","1":"product","2":"type-product","3":"status-publish","4":"has-post-thumbnail","6":"product_cat-mydelka-krawieckie-i-ich-zamienniki","8":"first","9":"instock","10":"taxable","11":"shipping-taxable","12":"purchasable","13":"product-type-simple"},"_links":{"self":[{"href":"https:\/\/gltestm.webology.pl\/pl\/wp-json\/wp\/v2\/product\/11930","targetHints":{"allow":["GET"]}}],"collection":[{"href":"https:\/\/gltestm.webology.pl\/pl\/wp-json\/wp\/v2\/product"}],"about":[{"href":"https:\/\/gltestm.webology.pl\/pl\/wp-json\/wp\/v2\/types\/product"}],"replies":[{"embeddable":true,"href":"https:\/\/gltestm.webology.pl\/pl\/wp-json\/wp\/v2\/comments?post=11930"}],"version-history":[{"count":0,"href":"https:\/\/gltestm.webology.pl\/pl\/wp-json\/wp\/v2\/product\/11930\/revisions"}],"wp:featuredmedia":[{"embeddable":true,"href":"https:\/\/gltestm.webology.pl\/pl\/wp-json\/wp\/v2\/media\/15363"}],"wp:attachment":[{"href":"https:\/\/gltestm.webology.pl\/pl\/wp-json\/wp\/v2\/media?parent=11930"}],"wp:term":[{"taxonomy":"product_brand","embeddable":true,"href":"https:\/\/gltestm.webology.pl\/pl\/wp-json\/wp\/v2\/product_brand?post=11930"},{"taxonomy":"product_cat","embeddable":true,"href":"https:\/\/gltestm.webology.pl\/pl\/wp-json\/wp\/v2\/product_cat?post=11930"},{"taxonomy":"product_tag","embeddable":true,"href":"https:\/\/gltestm.webology.pl\/pl\/wp-json\/wp\/v2\/product_tag?post=11930"}],"curies":[{"name":"wp","href":"https:\/\/api.w.org\/{rel}","templated":true}]}}