{"id":11929,"date":"2026-03-18T22:04:00","date_gmt":"2026-03-18T21:04:00","guid":{"rendered":"https:\/\/gltestm.webology.pl\/produkt\/pedal-do-maszyny-model-hkt-72-c-wtyczka-trapezowa\/"},"modified":"2026-03-22T22:08:35","modified_gmt":"2026-03-22T21:08:35","slug":"pedal-do-maszyny-model-hkt-72-c-wtyczka-trapezowa","status":"publish","type":"product","link":"https:\/\/gltestm.webology.pl\/pl\/produkt\/pedal-do-maszyny-model-hkt-72-c-wtyczka-trapezowa\/","title":{"rendered":"Peda\u0142 do maszyny model HKT-72 C &#8211; wtyczka trapezowa"},"content":{"rendered":"<p><strong>Regulator pr\u0119dko\u015bci szycia<\/strong> pasuj\u0105cy do <strong>maszyn \u0141ucznik<\/strong>. Steruje pr\u0119dko\u015bci\u0105 obrotow\u0105 silnik\u00f3w w <strong>maszynach do szycia<\/strong>. <strong>Rozrusznik <\/strong>posiada r\u00f3wnie\u017c kabel umo\u017cliwiaj\u0105cy wpi\u0119cie maszyny do sieci w celu uruchomienia.<\/p>\n<p><strong>Uwaga<\/strong>: poprzednie oznaczenie regulatora <strong>HKT-7<\/strong><\/p>\n<h2>Kompatybilno\u015b\u0107 z maszynami<\/h2>\n<p><strong>Maszyny i overlocki \u0141ucznik<\/strong> kompatybilne z tym regulatorem HKT-72 C<\/p>\n<ul>\n<li>Milena 419, Milena II 419<\/li>\n<li>Karina 910<\/li>\n<li>Weronika 2008, Weronika II 2008<\/li>\n<li>Ewa 2014, Ewa II 2014<\/li>\n<li>Sylvie<\/li>\n<li>Mia<\/li>\n<li>Ivonne<\/li>\n<li>Otylia 2006<\/li>\n<li>Julia 2009<\/li>\n<li>Overlock: 720D4, 820D5, 820D3, 620D<\/li>\n<\/ul>\n<h2>Kompatybilno\u015b\u0107 z innymi modelami<\/h2>\n<ul>\n<li>Bernette Model 320, 330<\/li>\n<li>Euro Pro, Omega Model 373, 473<\/li>\n<li>Husqvarna Viking Model Huskylock 901, Huskylock 905, Huskylock 910<\/li>\n<li>Singer Model 3503, 3507, 3514, 3515, 14U12A, 14U13A<\/li>\n<li>Riccar Model 410, 420, 430, 440<\/li>\n<li>White Model 234DE.<\/li>\n<\/ul>\n<p><strong>Uwaga<\/strong>: W zale\u017cno\u015bci od producenta i modelu, czasami tabliczki znamionowe regulator\u00f3w mog\u0105 r\u00f3\u017cni\u0107 si\u0119 pomi\u0119dzy sob\u0105. Przed zakupem prosimy o sprawdzenie, czy model znajduje si\u0119 na li\u015bcie powy\u017cej oraz por\u00f3wnanie jego zdj\u0119cia z wtyczk\u0105 fabrycznie do\u0142\u0105czonego regulatora lub gniazdem maszyny. <span>Przy wyborze prosimy kierowa\u0107 si\u0119 kszta\u0142tem wtyczki.<\/span><\/p>\n","protected":false},"excerpt":{"rendered":"<p>Regulator pr\u0119dko\u015bci szycia pasuj\u0105cy do maszyn \u0141ucznik, Singer, Husqvarna, Bernette i inne. W zestawie kabel umo\u017cliwiaj\u0105cy wpi\u0119cie maszyny do sieci w celu uruchomienia.  Wtyczka trapezowa. Poprzednie oznaczenie HKT-7.<\/p>\n","protected":false},"featured_media":13233,"comment_status":"open","ping_status":"closed","template":"","meta":[],"product_brand":[],"product_cat":[478],"product_tag":[],"class_list":{"0":"post-11929","1":"product","2":"type-product","3":"status-publish","4":"has-post-thumbnail","6":"product_cat-pedaly-do-maszyn-i-regulatory-obrotow","8":"first","9":"instock","10":"taxable","11":"shipping-taxable","12":"purchasable","13":"product-type-simple"},"_links":{"self":[{"href":"https:\/\/gltestm.webology.pl\/pl\/wp-json\/wp\/v2\/product\/11929","targetHints":{"allow":["GET"]}}],"collection":[{"href":"https:\/\/gltestm.webology.pl\/pl\/wp-json\/wp\/v2\/product"}],"about":[{"href":"https:\/\/gltestm.webology.pl\/pl\/wp-json\/wp\/v2\/types\/product"}],"replies":[{"embeddable":true,"href":"https:\/\/gltestm.webology.pl\/pl\/wp-json\/wp\/v2\/comments?post=11929"}],"version-history":[{"count":0,"href":"https:\/\/gltestm.webology.pl\/pl\/wp-json\/wp\/v2\/product\/11929\/revisions"}],"wp:featuredmedia":[{"embeddable":true,"href":"https:\/\/gltestm.webology.pl\/pl\/wp-json\/wp\/v2\/media\/13233"}],"wp:attachment":[{"href":"https:\/\/gltestm.webology.pl\/pl\/wp-json\/wp\/v2\/media?parent=11929"}],"wp:term":[{"taxonomy":"product_brand","embeddable":true,"href":"https:\/\/gltestm.webology.pl\/pl\/wp-json\/wp\/v2\/product_brand?post=11929"},{"taxonomy":"product_cat","embeddable":true,"href":"https:\/\/gltestm.webology.pl\/pl\/wp-json\/wp\/v2\/product_cat?post=11929"},{"taxonomy":"product_tag","embeddable":true,"href":"https:\/\/gltestm.webology.pl\/pl\/wp-json\/wp\/v2\/product_tag?post=11929"}],"curies":[{"name":"wp","href":"https:\/\/api.w.org\/{rel}","templated":true}]}}