{"id":11928,"date":"2026-03-18T22:03:59","date_gmt":"2026-03-18T21:03:59","guid":{"rendered":"https:\/\/gltestm.webology.pl\/produkt\/pedal-do-maszyny-model-hkt-72-c-wtyczka-potrojna\/"},"modified":"2026-03-22T22:08:34","modified_gmt":"2026-03-22T21:08:34","slug":"pedal-do-maszyny-model-hkt-72-c-wtyczka-potrojna","status":"publish","type":"product","link":"https:\/\/gltestm.webology.pl\/pl\/produkt\/pedal-do-maszyny-model-hkt-72-c-wtyczka-potrojna\/","title":{"rendered":"Peda\u0142 do maszyny model HKT-72 C &#8211; wtyczka potr\u00f3jna"},"content":{"rendered":"<p><strong>Regulator pr\u0119dko\u015bci szycia<\/strong> pasuj\u0105cy do <strong>maszyn \u0141ucznik<\/strong>. Steruje pr\u0119dko\u015bci\u0105 obrotow\u0105 silnik\u00f3w w <strong>maszynach do szycia<\/strong>. <strong>Rozrusznik <\/strong>posiada r\u00f3wnie\u017c kabel umo\u017cliwiaj\u0105cy wpi\u0119cie maszyny do sieci w celu uruchomienia. <\/p>\n<h2>Kompatybilno\u015b\u0107 z maszynami<\/h2>\n<p><strong>Maszyny \u0141ucznik<\/strong> kompatybilne z tym regulatorem:<\/p>\n<ul>\n<li>Kornelia 2004<\/li>\n<li>Laura 555<\/li>\n<li>Zofia II 2015<\/li>\n<li>Teresa<\/li>\n<li>Paulina 512<\/li>\n<li>Polonia 2018<\/li>\n<li>Nadzieja 2019<\/li>\n<li>Anna 510<\/li>\n<li>Paulina 511<\/li>\n<li>Amelia II 2005<\/li>\n<li>Dorota<\/li>\n<\/ul>\n<h2>Kompatybilno\u015b\u0107 z innymi modelami<\/h2>\n<ul>\n<li>Babylock Model BL2160.<\/li>\n<li>Bernina (Bernette) Machine Model Funlock 003, 004, 004D, 006, 006D, 007D, 008D, 009D, 009DCC &amp; 430.<\/li>\n<li>Elna Model 1010, FA, F4, L2, L4, L4D, L4DE, L5, L5D, L40, PRO4DE, PRO5D, 604E, 614DE, 624DSE, 683, 686 &amp; 704DEX. <\/li>\n<li>Euro Pro, Omega Models 415, 416, 420, 440DX, 6130, 6130A, 7100, 7132, 7133, 7142, 7500 &amp; 8260. <\/li>\n<li>Husqvarna Viking Models E10 Huskystar &amp; E20 Huskystar. <\/li>\n<li>Juki Model HZL-27Z, HZL-35Z, MO613, MO614, MO634, MO634D, MO644, MO644D and MO654DE. <\/li>\n<li>Jaguar Model J413 amd J415.<\/li>\n<li>Necchi Model Omega 6018.<\/li>\n<li>Pfaff Model 78, 783, 788, 4850 &amp; Hobbylock 2.0<\/li>\n<li>Riccar Model R552 &amp; R651.<\/li>\n<li>Shark &#8211; Euro Pro Model 7133.<\/li>\n<li>Simplicity Model SL415, SL640, SL630, SL6150 and SL6150. <\/li>\n<li>Singer Model 118, 1007, 1012, 1014, 1105, 1107, 1116, 1120, 1130, 1507, 1525, 1725, 1732, 1748, 2250, 2259, 2263, 2273, 2639, 2662, 2712, 2718, 2722, 2724, 2730, 2732, 2932, 3207, 3214, 3116, 3709, 3722, 3810, 3820, 3825, 3825, 3962, 4102, 4205, 4206, 4210, 4212, 4220, 4228, 4411 Heavy Duty, 4423 Heavy Duty, 50T8, 6239, 6510, 6550, 7312, 7322, 7350, 8132, 8280, 8510, 995D2, 996D2, E99670, Quantum Decor, 14T948DS, 14T957DC, 14T967DC &amp; 14T968DC. <\/li>\n<li>White Model 299D, 2220, 2221, 2222, 4041, 4042, 5340 &amp; 7340.<\/li>\n<\/ul>\n<p><span> <strong>Uwaga<\/strong>: Numer\/oznaczenie na tabliczce znamionowej mo\u017ce si\u0119 r\u00f3\u017cni\u0107. Przy wyborze prosimy kierowa\u0107 si\u0119 kszta\u0142tem wtyczki<\/span><\/p>\n","protected":false},"excerpt":{"rendered":"<p>Regulator pr\u0119dko\u015bci szycia pasuj\u0105cy do maszyn \u0141ucznik, Juki Singer, Elna i inne. Steruje pr\u0119dko\u015bci\u0105 obrotow\u0105 silnik\u00f3w w maszynach do szycia. W zestawie kabel umo\u017cliwiaj\u0105cy wpi\u0119cie maszyny do sieci w celu uruchomienia. Wtyczka potr\u00f3jna.<\/p>\n","protected":false},"featured_media":15397,"comment_status":"open","ping_status":"closed","template":"","meta":[],"product_brand":[],"product_cat":[478],"product_tag":[],"class_list":{"0":"post-11928","1":"product","2":"type-product","3":"status-publish","4":"has-post-thumbnail","6":"product_cat-pedaly-do-maszyn-i-regulatory-obrotow","8":"first","9":"instock","10":"taxable","11":"shipping-taxable","12":"purchasable","13":"product-type-simple"},"_links":{"self":[{"href":"https:\/\/gltestm.webology.pl\/pl\/wp-json\/wp\/v2\/product\/11928","targetHints":{"allow":["GET"]}}],"collection":[{"href":"https:\/\/gltestm.webology.pl\/pl\/wp-json\/wp\/v2\/product"}],"about":[{"href":"https:\/\/gltestm.webology.pl\/pl\/wp-json\/wp\/v2\/types\/product"}],"replies":[{"embeddable":true,"href":"https:\/\/gltestm.webology.pl\/pl\/wp-json\/wp\/v2\/comments?post=11928"}],"version-history":[{"count":0,"href":"https:\/\/gltestm.webology.pl\/pl\/wp-json\/wp\/v2\/product\/11928\/revisions"}],"wp:featuredmedia":[{"embeddable":true,"href":"https:\/\/gltestm.webology.pl\/pl\/wp-json\/wp\/v2\/media\/15397"}],"wp:attachment":[{"href":"https:\/\/gltestm.webology.pl\/pl\/wp-json\/wp\/v2\/media?parent=11928"}],"wp:term":[{"taxonomy":"product_brand","embeddable":true,"href":"https:\/\/gltestm.webology.pl\/pl\/wp-json\/wp\/v2\/product_brand?post=11928"},{"taxonomy":"product_cat","embeddable":true,"href":"https:\/\/gltestm.webology.pl\/pl\/wp-json\/wp\/v2\/product_cat?post=11928"},{"taxonomy":"product_tag","embeddable":true,"href":"https:\/\/gltestm.webology.pl\/pl\/wp-json\/wp\/v2\/product_tag?post=11928"}],"curies":[{"name":"wp","href":"https:\/\/api.w.org\/{rel}","templated":true}]}}