{"id":11925,"date":"2026-03-18T22:03:59","date_gmt":"2026-03-18T21:03:59","guid":{"rendered":"https:\/\/gltestm.webology.pl\/produkt\/stolik-do-maszyn-do-szycia-lucznik-martyna-2080-i-patrycja-2090\/"},"modified":"2026-03-22T21:49:19","modified_gmt":"2026-03-22T20:49:19","slug":"stolik-do-maszyn-do-szycia-lucznik-martyna-2080-i-patrycja-2090","status":"publish","type":"product","link":"https:\/\/gltestm.webology.pl\/pl\/produkt\/stolik-do-maszyn-do-szycia-lucznik-martyna-2080-i-patrycja-2090\/","title":{"rendered":"Stolik do maszyn do szycia \u0141ucznik Martyna 2080 i Patrycja 2090"},"content":{"rendered":"<p><strong>Stolik poszerzaj\u0105cy pole pracy<\/strong> przeznaczony do maszyn <strong>Martyna 2080<\/strong> i <strong>Patrycja 2090<\/strong>. Idealny, aby u\u0142atwi\u0107 <strong>pikowanie<\/strong> czy<strong> szycie materia\u0142\u00f3w<\/strong> o du\u017cej powierzchni, jak <strong>firany<\/strong>, <strong>obrusy<\/strong>, <strong>zas\u0142ony<\/strong> czy <strong>po\u015bciel<\/strong>. Zastosowany w tym celu niezwykle poprawia komfort pracy.<\/p>\n<p><strong>Stolik powi\u0119kszaj\u0105cy pole pracy<\/strong> to r\u00f3wnie\u017c odpowiednia stabilizacja, gdy wykonujemy <strong>szycie materia\u0142u<\/strong>.<\/p>\n<p><strong>Stolik <\/strong>wykonany jest z tworzywa sztucznego, kt\u00f3re idealnie nadaje si\u0119 do manipulowania i przesuwania po nim r\u00f3\u017cnego rodzaju materia\u0142\u00f3w<strong>. <\/strong>D\u0142ugo\u015b\u0107 <strong>stolika<\/strong> powinna usatysfakcjonowa\u0107 najbardziej wymagaj\u0105cych klient\u00f3w, dla kt\u00f3rych <strong>szycie <\/strong>jest pasj\u0105.<\/p>\n<p><img decoding=\"async\" src=\"\/data\/include\/cms\/Zdjecia-produktow\/Stoliki-do-maszyn\/Patrycja_ze_stolikiem_male_foto.jpg\" alt=\"\" width=\"900\" \/><\/p>\n","protected":false},"excerpt":{"rendered":"<p>Stolik poszerzaj\u0105cy pole pracy przeznaczony do maszyn Martyna 2080 i Patrycja 2090. Idealny, aby u\u0142atwi\u0107 pikowanie czy szycie materia\u0142\u00f3w o du\u017cej powierzchni, jak firany, obrusy, zas\u0142ony czy po\u015bciel.<\/p>\n","protected":false},"featured_media":15196,"comment_status":"open","ping_status":"closed","template":"","meta":[],"product_brand":[],"product_cat":[543],"product_tag":[],"class_list":{"0":"post-11925","1":"product","2":"type-product","3":"status-publish","4":"has-post-thumbnail","6":"product_cat-stoliki-do-maszyn","8":"first","9":"instock","10":"taxable","11":"shipping-taxable","12":"purchasable","13":"product-type-simple"},"_links":{"self":[{"href":"https:\/\/gltestm.webology.pl\/pl\/wp-json\/wp\/v2\/product\/11925","targetHints":{"allow":["GET"]}}],"collection":[{"href":"https:\/\/gltestm.webology.pl\/pl\/wp-json\/wp\/v2\/product"}],"about":[{"href":"https:\/\/gltestm.webology.pl\/pl\/wp-json\/wp\/v2\/types\/product"}],"replies":[{"embeddable":true,"href":"https:\/\/gltestm.webology.pl\/pl\/wp-json\/wp\/v2\/comments?post=11925"}],"version-history":[{"count":0,"href":"https:\/\/gltestm.webology.pl\/pl\/wp-json\/wp\/v2\/product\/11925\/revisions"}],"wp:featuredmedia":[{"embeddable":true,"href":"https:\/\/gltestm.webology.pl\/pl\/wp-json\/wp\/v2\/media\/15196"}],"wp:attachment":[{"href":"https:\/\/gltestm.webology.pl\/pl\/wp-json\/wp\/v2\/media?parent=11925"}],"wp:term":[{"taxonomy":"product_brand","embeddable":true,"href":"https:\/\/gltestm.webology.pl\/pl\/wp-json\/wp\/v2\/product_brand?post=11925"},{"taxonomy":"product_cat","embeddable":true,"href":"https:\/\/gltestm.webology.pl\/pl\/wp-json\/wp\/v2\/product_cat?post=11925"},{"taxonomy":"product_tag","embeddable":true,"href":"https:\/\/gltestm.webology.pl\/pl\/wp-json\/wp\/v2\/product_tag?post=11925"}],"curies":[{"name":"wp","href":"https:\/\/api.w.org\/{rel}","templated":true}]}}