{"id":11920,"date":"2026-03-18T22:03:57","date_gmt":"2026-03-18T21:03:57","guid":{"rendered":"https:\/\/gltestm.webology.pl\/produkt\/proste-druty-aluminiowe-7-mm\/"},"modified":"2026-03-22T21:49:06","modified_gmt":"2026-03-22T20:49:06","slug":"proste-druty-aluminiowe-7-mm","status":"publish","type":"product","link":"https:\/\/gltestm.webology.pl\/pl\/produkt\/proste-druty-aluminiowe-7-mm\/","title":{"rendered":"Proste druty aluminiowe 7 mm"},"content":{"rendered":"<p>Mo\u017cna ich u\u017cy\u0107 do dziania sznurka, ale u\u017cyjesz ich r\u00f3wnie\u017c do wyrobu swetr\u00f3w, czapek, szali i r\u0119kawic. Druty s\u0105 trwa\u0142e i odporne, nie wyginaj\u0105 si\u0119 przy pracy a g\u0142adka powierzchnia pozwala bez zaci\u0105gni\u0119\u0107 odk\u0142ada\u0107 kolejne oczka. Pasuj\u0105 do mocnej w\u0142\u00f3czki, dzi\u0119ki kt\u00f3rej osi\u0105gniesz struktur\u0119 w tworzonym produkcie. W opakowaniu znajduje si\u0119 jedna para drut\u00f3w.<\/p>\n","protected":false},"excerpt":{"rendered":"<p>Dziewiarskie druty proste 7 mm<\/p>\n","protected":false},"featured_media":14520,"comment_status":"open","ping_status":"closed","template":"","meta":[],"product_brand":[],"product_cat":[383],"product_tag":[],"class_list":{"0":"post-11920","1":"product","2":"type-product","3":"status-publish","4":"has-post-thumbnail","6":"product_cat-druty-do-szydelkowania","8":"first","9":"instock","10":"taxable","11":"shipping-taxable","12":"purchasable","13":"product-type-simple"},"_links":{"self":[{"href":"https:\/\/gltestm.webology.pl\/pl\/wp-json\/wp\/v2\/product\/11920","targetHints":{"allow":["GET"]}}],"collection":[{"href":"https:\/\/gltestm.webology.pl\/pl\/wp-json\/wp\/v2\/product"}],"about":[{"href":"https:\/\/gltestm.webology.pl\/pl\/wp-json\/wp\/v2\/types\/product"}],"replies":[{"embeddable":true,"href":"https:\/\/gltestm.webology.pl\/pl\/wp-json\/wp\/v2\/comments?post=11920"}],"version-history":[{"count":0,"href":"https:\/\/gltestm.webology.pl\/pl\/wp-json\/wp\/v2\/product\/11920\/revisions"}],"wp:featuredmedia":[{"embeddable":true,"href":"https:\/\/gltestm.webology.pl\/pl\/wp-json\/wp\/v2\/media\/14520"}],"wp:attachment":[{"href":"https:\/\/gltestm.webology.pl\/pl\/wp-json\/wp\/v2\/media?parent=11920"}],"wp:term":[{"taxonomy":"product_brand","embeddable":true,"href":"https:\/\/gltestm.webology.pl\/pl\/wp-json\/wp\/v2\/product_brand?post=11920"},{"taxonomy":"product_cat","embeddable":true,"href":"https:\/\/gltestm.webology.pl\/pl\/wp-json\/wp\/v2\/product_cat?post=11920"},{"taxonomy":"product_tag","embeddable":true,"href":"https:\/\/gltestm.webology.pl\/pl\/wp-json\/wp\/v2\/product_tag?post=11920"}],"curies":[{"name":"wp","href":"https:\/\/api.w.org\/{rel}","templated":true}]}}