{"id":11919,"date":"2026-03-18T22:03:57","date_gmt":"2026-03-18T21:03:57","guid":{"rendered":"https:\/\/gltestm.webology.pl\/produkt\/proste-druty-aluminiowe-65-mm\/"},"modified":"2026-03-22T21:49:06","modified_gmt":"2026-03-22T20:49:06","slug":"proste-druty-aluminiowe-65-mm","status":"publish","type":"product","link":"https:\/\/gltestm.webology.pl\/pl\/produkt\/proste-druty-aluminiowe-65-mm\/","title":{"rendered":"Proste druty aluminiowe 6,5 mm"},"content":{"rendered":"<p>\u015awietne do wyrobu swetr\u00f3w, czapek, szali czy r\u0119kawic z palcami. Maj\u0105 wysok\u0105 jako\u015b\u0107, s\u0105 mocne, dostatecznie elastyczne i lekkie. Druty s\u0105 trwa\u0142e i odporne, nie wyginaj\u0105 si\u0119 przy pracy a g\u0142adka powierzchnia pozwala bez zaci\u0105gni\u0119\u0107 odk\u0142ada\u0107 kolejne oczka. W opakowaniu znajduje si\u0119 jedna para drut\u00f3w.<\/p>\n","protected":false},"excerpt":{"rendered":"<p>Dziewiarskie druty proste 6,5 mm<\/p>\n","protected":false},"featured_media":15831,"comment_status":"open","ping_status":"closed","template":"","meta":[],"product_brand":[],"product_cat":[383],"product_tag":[],"class_list":{"0":"post-11919","1":"product","2":"type-product","3":"status-publish","4":"has-post-thumbnail","6":"product_cat-druty-do-szydelkowania","8":"first","9":"instock","10":"taxable","11":"shipping-taxable","12":"purchasable","13":"product-type-simple"},"_links":{"self":[{"href":"https:\/\/gltestm.webology.pl\/pl\/wp-json\/wp\/v2\/product\/11919","targetHints":{"allow":["GET"]}}],"collection":[{"href":"https:\/\/gltestm.webology.pl\/pl\/wp-json\/wp\/v2\/product"}],"about":[{"href":"https:\/\/gltestm.webology.pl\/pl\/wp-json\/wp\/v2\/types\/product"}],"replies":[{"embeddable":true,"href":"https:\/\/gltestm.webology.pl\/pl\/wp-json\/wp\/v2\/comments?post=11919"}],"version-history":[{"count":0,"href":"https:\/\/gltestm.webology.pl\/pl\/wp-json\/wp\/v2\/product\/11919\/revisions"}],"wp:featuredmedia":[{"embeddable":true,"href":"https:\/\/gltestm.webology.pl\/pl\/wp-json\/wp\/v2\/media\/15831"}],"wp:attachment":[{"href":"https:\/\/gltestm.webology.pl\/pl\/wp-json\/wp\/v2\/media?parent=11919"}],"wp:term":[{"taxonomy":"product_brand","embeddable":true,"href":"https:\/\/gltestm.webology.pl\/pl\/wp-json\/wp\/v2\/product_brand?post=11919"},{"taxonomy":"product_cat","embeddable":true,"href":"https:\/\/gltestm.webology.pl\/pl\/wp-json\/wp\/v2\/product_cat?post=11919"},{"taxonomy":"product_tag","embeddable":true,"href":"https:\/\/gltestm.webology.pl\/pl\/wp-json\/wp\/v2\/product_tag?post=11919"}],"curies":[{"name":"wp","href":"https:\/\/api.w.org\/{rel}","templated":true}]}}