{"id":11918,"date":"2026-03-18T22:03:56","date_gmt":"2026-03-18T21:03:56","guid":{"rendered":"https:\/\/gltestm.webology.pl\/produkt\/proste-druty-aluminiowe-10-mm\/"},"modified":"2026-03-22T21:49:05","modified_gmt":"2026-03-22T20:49:05","slug":"proste-druty-aluminiowe-10-mm","status":"publish","type":"product","link":"https:\/\/gltestm.webology.pl\/pl\/produkt\/proste-druty-aluminiowe-10-mm\/","title":{"rendered":"Proste druty aluminiowe 10 mm"},"content":{"rendered":"<p><strong><span><span><span><span>U<\/span><\/span><\/span><\/span><\/strong><strong><span><span><span><span>\u017cywane s\u0105 do wyrobu ciep\u0142ych swetr\u00f3w, czapek, szali czy skarpet z mocniejszej w\u0142\u00f3czki. Dzi\u0119ki mocnej w\u0142\u00f3czce i tym drutom mo\u017cna osi\u0105gn\u0105\u0107 ciekawe struktury wyrobu. Mo\u017cna ich u\u017cy\u0107 do dziania sznurka. Docenisz ich wytrzyma\u0142o\u015b\u0107, dostateczn\u0105 elastyczno\u015b\u0107 i lekk\u0105 wag\u0119. <\/span><\/span><\/span><\/span><\/strong><strong><span><span><span><span>W opakowaniu znajduje si\u0119 jedna para drut\u00f3w.<\/span><\/span><\/span><\/span><\/strong><\/p>\n<p><span><span><span><span><span><span><span>\u015arednica ig\u0142y:<\/span><\/span><\/span><\/span><\/span><\/span><\/span><strong><span><span><span><span><span><span><strong>10 mm<\/strong><\/span><\/span><\/span><\/span><\/span><\/span><\/strong><\/p>\n<p><span><span><span><span><span><span><span>D\u0142ugo\u015b\u0107:<\/span><\/span><\/span><\/span><\/span><\/span><\/span><strong><span><span><span><span><span><span><strong>35 cm<\/strong><\/span><\/span><\/span><\/span><\/span><\/span><\/strong><\/p>\n<p><strong><span><span><span><span><span><span><strong>Wydr\u0105\u017cone<\/strong><\/span><\/span><\/span><\/span><\/span><\/span><\/strong><\/p>\n","protected":false},"excerpt":{"rendered":"<p>Dziewiarskie druty proste 10 mm<\/p>\n","protected":false},"featured_media":13185,"comment_status":"open","ping_status":"closed","template":"","meta":[],"product_brand":[],"product_cat":[383],"product_tag":[],"class_list":{"0":"post-11918","1":"product","2":"type-product","3":"status-publish","4":"has-post-thumbnail","6":"product_cat-druty-do-szydelkowania","8":"first","9":"instock","10":"taxable","11":"shipping-taxable","12":"purchasable","13":"product-type-simple"},"_links":{"self":[{"href":"https:\/\/gltestm.webology.pl\/pl\/wp-json\/wp\/v2\/product\/11918","targetHints":{"allow":["GET"]}}],"collection":[{"href":"https:\/\/gltestm.webology.pl\/pl\/wp-json\/wp\/v2\/product"}],"about":[{"href":"https:\/\/gltestm.webology.pl\/pl\/wp-json\/wp\/v2\/types\/product"}],"replies":[{"embeddable":true,"href":"https:\/\/gltestm.webology.pl\/pl\/wp-json\/wp\/v2\/comments?post=11918"}],"version-history":[{"count":0,"href":"https:\/\/gltestm.webology.pl\/pl\/wp-json\/wp\/v2\/product\/11918\/revisions"}],"wp:featuredmedia":[{"embeddable":true,"href":"https:\/\/gltestm.webology.pl\/pl\/wp-json\/wp\/v2\/media\/13185"}],"wp:attachment":[{"href":"https:\/\/gltestm.webology.pl\/pl\/wp-json\/wp\/v2\/media?parent=11918"}],"wp:term":[{"taxonomy":"product_brand","embeddable":true,"href":"https:\/\/gltestm.webology.pl\/pl\/wp-json\/wp\/v2\/product_brand?post=11918"},{"taxonomy":"product_cat","embeddable":true,"href":"https:\/\/gltestm.webology.pl\/pl\/wp-json\/wp\/v2\/product_cat?post=11918"},{"taxonomy":"product_tag","embeddable":true,"href":"https:\/\/gltestm.webology.pl\/pl\/wp-json\/wp\/v2\/product_tag?post=11918"}],"curies":[{"name":"wp","href":"https:\/\/api.w.org\/{rel}","templated":true}]}}