{"id":11913,"date":"2026-03-18T22:03:55","date_gmt":"2026-03-18T21:03:55","guid":{"rendered":"https:\/\/gltestm.webology.pl\/produkt\/proste-druty-aluminiowe-55-mm\/"},"modified":"2026-03-22T21:49:01","modified_gmt":"2026-03-22T20:49:01","slug":"proste-druty-aluminiowe-55-mm","status":"publish","type":"product","link":"https:\/\/gltestm.webology.pl\/pl\/produkt\/proste-druty-aluminiowe-55-mm\/","title":{"rendered":"Proste druty aluminiowe 5,5 mm"},"content":{"rendered":"<p>Druty przeznaczone do wyrobu swetr\u00f3w, czapek, szali i r\u0119kawic. Maj\u0105 wysok\u0105 jako\u015b\u0107, s\u0105 mocne, dostatecznie elastyczne i s\u0105 lekkie. Odpowiednie dla pocz\u0105tkuj\u0105cych i zaawansowanych rzemie\u015blnik\u00f3w. W opakowaniu znajduje si\u0119 jedna para drut\u00f3w.<\/p>\n","protected":false},"excerpt":{"rendered":"<p>Dziewiarskie druty proste 5 mm<\/p>\n","protected":false},"featured_media":15651,"comment_status":"open","ping_status":"closed","template":"","meta":[],"product_brand":[],"product_cat":[383],"product_tag":[],"class_list":{"0":"post-11913","1":"product","2":"type-product","3":"status-publish","4":"has-post-thumbnail","6":"product_cat-druty-do-szydelkowania","8":"first","9":"instock","10":"taxable","11":"shipping-taxable","12":"purchasable","13":"product-type-simple"},"_links":{"self":[{"href":"https:\/\/gltestm.webology.pl\/pl\/wp-json\/wp\/v2\/product\/11913","targetHints":{"allow":["GET"]}}],"collection":[{"href":"https:\/\/gltestm.webology.pl\/pl\/wp-json\/wp\/v2\/product"}],"about":[{"href":"https:\/\/gltestm.webology.pl\/pl\/wp-json\/wp\/v2\/types\/product"}],"replies":[{"embeddable":true,"href":"https:\/\/gltestm.webology.pl\/pl\/wp-json\/wp\/v2\/comments?post=11913"}],"version-history":[{"count":0,"href":"https:\/\/gltestm.webology.pl\/pl\/wp-json\/wp\/v2\/product\/11913\/revisions"}],"wp:featuredmedia":[{"embeddable":true,"href":"https:\/\/gltestm.webology.pl\/pl\/wp-json\/wp\/v2\/media\/15651"}],"wp:attachment":[{"href":"https:\/\/gltestm.webology.pl\/pl\/wp-json\/wp\/v2\/media?parent=11913"}],"wp:term":[{"taxonomy":"product_brand","embeddable":true,"href":"https:\/\/gltestm.webology.pl\/pl\/wp-json\/wp\/v2\/product_brand?post=11913"},{"taxonomy":"product_cat","embeddable":true,"href":"https:\/\/gltestm.webology.pl\/pl\/wp-json\/wp\/v2\/product_cat?post=11913"},{"taxonomy":"product_tag","embeddable":true,"href":"https:\/\/gltestm.webology.pl\/pl\/wp-json\/wp\/v2\/product_tag?post=11913"}],"curies":[{"name":"wp","href":"https:\/\/api.w.org\/{rel}","templated":true}]}}