{"id":11902,"date":"2026-03-18T22:03:52","date_gmt":"2026-03-18T21:03:52","guid":{"rendered":"https:\/\/gltestm.webology.pl\/produkt\/stolik-do-maszyny-do-szycia-lucznik-karolina-2040\/"},"modified":"2026-03-18T22:27:22","modified_gmt":"2026-03-18T21:27:22","slug":"stolik-do-maszyny-do-szycia-lucznik-karolina-2040","status":"publish","type":"product","link":"https:\/\/gltestm.webology.pl\/pl\/produkt\/stolik-do-maszyny-do-szycia-lucznik-karolina-2040\/","title":{"rendered":"Stolik do maszyny do szycia \u0141ucznik Karolina 2040"},"content":{"rendered":"<p><strong>Stolik poszerzaj\u0105cy pole pracy<\/strong> przeznaczony do maszyny <strong>Karolina 2040<\/strong>. Idealny, aby u\u0142atwi\u0107 pikowanie czy zszywanie materia\u0142\u00f3w o du\u017cej powierzchni, jak firany, obrusy, zas\u0142ony czy po\u015bciel. Zastosowany w tym celu niezwykle poprawia komfort pracy.<\/p>\n<p><strong>Stolik powi\u0119kszaj\u0105cy pole pracy<\/strong> to r\u00f3wnie\u017c odpowiednia stabilizacja, gdy wykonujemy szycie materia\u0142u.<\/p>\n<p><strong>Stolik <\/strong>wykonany jest z tworzywa sztucznego, kt\u00f3re idealnie nadaje si\u0119 do manipulowania i przesuwania po nim r\u00f3\u017cnego rodzaju materia\u0142\u00f3w.<\/p>\n<p>W naszej ofercie znajdziesz tak\u017ce <strong>stoliki do maszyn do szycia <\/strong>do maszyny <strong>Martyna 2080<\/strong>, <strong>Patrycja 2090, Malwina 2070 <\/strong>oraz <strong>Balladyna 2020<\/strong>.<\/p>\n","protected":false},"excerpt":{"rendered":"<p>Stolik poszerzaj\u0105cy pole pracy przeznaczony do maszyny Karolina 2040. Idealny aby u\u0142atwi\u0107 pikowanie czy szycie materia\u0142\u00f3w o du\u017cej powierzchni, jak firany, obrusy, zas\u0142ony czy po\u015bciel &#8211; niezwykle poprawia komfort pracy.<\/p>\n","protected":false},"featured_media":15499,"comment_status":"open","ping_status":"closed","template":"","meta":[],"product_brand":[],"product_cat":[543],"product_tag":[],"class_list":{"0":"post-11902","1":"product","2":"type-product","3":"status-publish","4":"has-post-thumbnail","6":"product_cat-stoliki-do-maszyn","8":"first","9":"instock","10":"sale","11":"taxable","12":"shipping-taxable","13":"purchasable","14":"product-type-simple"},"_links":{"self":[{"href":"https:\/\/gltestm.webology.pl\/pl\/wp-json\/wp\/v2\/product\/11902","targetHints":{"allow":["GET"]}}],"collection":[{"href":"https:\/\/gltestm.webology.pl\/pl\/wp-json\/wp\/v2\/product"}],"about":[{"href":"https:\/\/gltestm.webology.pl\/pl\/wp-json\/wp\/v2\/types\/product"}],"replies":[{"embeddable":true,"href":"https:\/\/gltestm.webology.pl\/pl\/wp-json\/wp\/v2\/comments?post=11902"}],"version-history":[{"count":0,"href":"https:\/\/gltestm.webology.pl\/pl\/wp-json\/wp\/v2\/product\/11902\/revisions"}],"wp:featuredmedia":[{"embeddable":true,"href":"https:\/\/gltestm.webology.pl\/pl\/wp-json\/wp\/v2\/media\/15499"}],"wp:attachment":[{"href":"https:\/\/gltestm.webology.pl\/pl\/wp-json\/wp\/v2\/media?parent=11902"}],"wp:term":[{"taxonomy":"product_brand","embeddable":true,"href":"https:\/\/gltestm.webology.pl\/pl\/wp-json\/wp\/v2\/product_brand?post=11902"},{"taxonomy":"product_cat","embeddable":true,"href":"https:\/\/gltestm.webology.pl\/pl\/wp-json\/wp\/v2\/product_cat?post=11902"},{"taxonomy":"product_tag","embeddable":true,"href":"https:\/\/gltestm.webology.pl\/pl\/wp-json\/wp\/v2\/product_tag?post=11902"}],"curies":[{"name":"wp","href":"https:\/\/api.w.org\/{rel}","templated":true}]}}