{"id":11901,"date":"2026-03-18T22:03:52","date_gmt":"2026-03-18T21:03:52","guid":{"rendered":"https:\/\/gltestm.webology.pl\/produkt\/podrozna-suszarka-do-wlosow-sd-809\/"},"modified":"2026-03-22T22:11:08","modified_gmt":"2026-03-22T21:11:08","slug":"podrozna-suszarka-do-wlosow-sd-809","status":"publish","type":"product","link":"https:\/\/gltestm.webology.pl\/pl\/produkt\/podrozna-suszarka-do-wlosow-sd-809\/","title":{"rendered":"Podr\u00f3\u017cna suszarka do w\u0142os\u00f3w SD-809"},"content":{"rendered":"<h2><strong>Podr\u00f3\u017cna suszarka do w\u0142os\u00f3w SD-809<\/strong><\/h2>\n<p><strong>Por\u0119czna suszarka do w\u0142os\u00f3w SD-809<\/strong> ma niewielkie rozmiary i<strong> sk\u0142adan\u0105 r\u0105czk\u0105<\/strong>, dzi\u0119ki kt\u00f3rym zajmie niewiele miejsca w Twojej \u0142azience, pozwalaj\u0105c Ci na zachowanie porz\u0105dku w tym pomieszczeniu, w szczeg\u00f3lno\u015bci, gdy nie jest ono wi\u0119kszych rozmiar\u00f3w. B\u0119dzie tak\u017ce nieod\u0142\u0105cznym kompanem w podr\u00f3\u017cy, gdy\u017c ze wzgl\u0119du na swoje wymiary oraz wspomnian\u0105 <strong>sk\u0142adan\u0105 r\u0105czk\u0119<\/strong> zajmie niedu\u017co miejsca w walizce.<\/p>\n<h2>Najwa\u017cniejsze cechy:<\/h2>\n<ul>\n<li><span>moc: <strong>1200 W<\/strong><\/span><\/li>\n<li><span><strong>niewielkie<\/strong> rozmiary<\/span><\/li>\n<li><span><strong>sk\u0142adana <\/strong>r\u0105czka<\/span><\/li>\n<li><strong>koncentrator<\/strong><\/li>\n<\/ul>\n<h2><strong>Lekka i kompaktowa<\/strong><\/h2>\n<p><strong>Kompaktowa suszarka do w\u0142os\u00f3w<\/strong> <strong>SD-809 <\/strong>posiada nak\u0142adk\u0105 skupiaj\u0105c\u0105 powietrze, kt\u00f3ra pozwoli na precyzyjne nakierowanie strumienia powietrza, co da Tobie mo\u017cliwo\u015b\u0107 dok\u0142adniejszego (a co za tym idzie &#8211; szybszego) suszenia b\u0105d\u017a modelowania w\u0142os\u00f3w. <\/p>\n<h2>Dwie pr\u0119dko\u015bci nadmuchu<\/h2>\n<p>W <strong>suszarce do w\u0142os\u00f3w <\/strong>znajdziesz <strong>dwie pr\u0119dko\u015bci<\/strong> nadmuchu. Pierwsza pr\u0119dko\u015b\u0107 o po\u0142owie mocy wydmuchuje \u015bredni\u0105 temperatur\u0119, kt\u00f3ra jest u\u017cyteczna do \u0142agodnego modelowania fryzury i suszenia. Natomiast druga pr\u0119dko\u015b\u0107 (pe\u0142na moc) pozwala na u\u017cycie wysokiej temperatury do szybkiego suszenia w\u0142os\u00f3w.<\/p>\n<h2>24-miesi\u0119czn\u0105 gwarancja<\/h2>\n<p><strong>Podr\u00f3\u017cna suszarka do w\u0142os\u00f3w SD-809 <\/strong>posiada <strong>24-miesi\u0119czn\u0105 gwarancj\u0119<\/strong> oraz instrukcj\u0119 w j\u0119zyku polskim, z kt\u00f3r\u0105 nale\u017cy si\u0119 zapozna\u0107 przez u\u017cytkowaniem sprz\u0119tu.<\/p>\n","protected":false},"excerpt":{"rendered":"<p>Suszarka do w\u0142os\u00f3w SD-809 ze sk\u0142adan\u0105 r\u0105czk\u0105, kt\u00f3ra idealnie sprawdzi si\u0119 w podr\u00f3\u017cy b\u0105d\u017a ma\u0142ej \u0142azience.<\/p>\n","protected":false},"featured_media":15643,"comment_status":"open","ping_status":"closed","template":"","meta":[],"product_brand":[],"product_cat":[678],"product_tag":[],"class_list":{"0":"post-11901","1":"product","2":"type-product","3":"status-publish","4":"has-post-thumbnail","6":"product_cat-suszarki-do-wlosow","8":"first","9":"instock","10":"taxable","11":"shipping-taxable","12":"purchasable","13":"product-type-simple"},"_links":{"self":[{"href":"https:\/\/gltestm.webology.pl\/pl\/wp-json\/wp\/v2\/product\/11901","targetHints":{"allow":["GET"]}}],"collection":[{"href":"https:\/\/gltestm.webology.pl\/pl\/wp-json\/wp\/v2\/product"}],"about":[{"href":"https:\/\/gltestm.webology.pl\/pl\/wp-json\/wp\/v2\/types\/product"}],"replies":[{"embeddable":true,"href":"https:\/\/gltestm.webology.pl\/pl\/wp-json\/wp\/v2\/comments?post=11901"}],"version-history":[{"count":0,"href":"https:\/\/gltestm.webology.pl\/pl\/wp-json\/wp\/v2\/product\/11901\/revisions"}],"wp:featuredmedia":[{"embeddable":true,"href":"https:\/\/gltestm.webology.pl\/pl\/wp-json\/wp\/v2\/media\/15643"}],"wp:attachment":[{"href":"https:\/\/gltestm.webology.pl\/pl\/wp-json\/wp\/v2\/media?parent=11901"}],"wp:term":[{"taxonomy":"product_brand","embeddable":true,"href":"https:\/\/gltestm.webology.pl\/pl\/wp-json\/wp\/v2\/product_brand?post=11901"},{"taxonomy":"product_cat","embeddable":true,"href":"https:\/\/gltestm.webology.pl\/pl\/wp-json\/wp\/v2\/product_cat?post=11901"},{"taxonomy":"product_tag","embeddable":true,"href":"https:\/\/gltestm.webology.pl\/pl\/wp-json\/wp\/v2\/product_tag?post=11901"}],"curies":[{"name":"wp","href":"https:\/\/api.w.org\/{rel}","templated":true}]}}