{"id":11899,"date":"2026-03-18T22:03:51","date_gmt":"2026-03-18T21:03:51","guid":{"rendered":"https:\/\/gltestm.webology.pl\/produkt\/wymienna-koncowka-do-peelingu-ah-95-outlet\/"},"modified":"2026-03-22T21:48:53","modified_gmt":"2026-03-22T20:48:53","slug":"wymienna-koncowka-do-peelingu-ah-95-outlet","status":"publish","type":"product","link":"https:\/\/gltestm.webology.pl\/pl\/produkt\/wymienna-koncowka-do-peelingu-ah-95-outlet\/","title":{"rendered":"Wymienna ko\u0144c\u00f3wka do peelingu AH-95 OUTLET"},"content":{"rendered":"<h2><strong>Outlet<\/strong><\/h2>\n<ul>\n<li>uszkodzone opakowanie<\/li>\n<\/ul>\n<h2><strong>Ko\u0144c\u00f3wka do Peelingu AH95 \u2013 Delikatna Piel\u0119gnacja dla Szczoteczki AH8495<\/strong><\/h2>\n<p>Ko\u0144c\u00f3wka do peelingu AH95 ma delikatne bia\u0142o-czarne w\u0142osie przeznaczone do wykonywania peelingu twarzy.<\/p>\n<p>Posiada plastikow\u0105 os\u0142onk\u0119 chroni\u0105c\u0105 przed zniszczeniem.<\/p>\n<p>Pasuje do modelu szczoteczki AH8495.<\/p>\n","protected":false},"excerpt":{"rendered":"<p>Wymienna ko\u0144c\u00f3wka do peelingu AH95 do szczoteczki do mycia twarzy AH8495.<br \/>\nUszkodzone opakowanie<\/p>\n","protected":false},"featured_media":15405,"comment_status":"open","ping_status":"closed","template":"","meta":[],"product_brand":[],"product_cat":[898],"product_tag":[],"class_list":{"0":"post-11899","1":"product","2":"type-product","3":"status-publish","4":"has-post-thumbnail","6":"product_cat-pielegnacja-twarzy","8":"first","9":"outofstock","10":"taxable","11":"shipping-taxable","12":"purchasable","13":"product-type-simple"},"_links":{"self":[{"href":"https:\/\/gltestm.webology.pl\/pl\/wp-json\/wp\/v2\/product\/11899","targetHints":{"allow":["GET"]}}],"collection":[{"href":"https:\/\/gltestm.webology.pl\/pl\/wp-json\/wp\/v2\/product"}],"about":[{"href":"https:\/\/gltestm.webology.pl\/pl\/wp-json\/wp\/v2\/types\/product"}],"replies":[{"embeddable":true,"href":"https:\/\/gltestm.webology.pl\/pl\/wp-json\/wp\/v2\/comments?post=11899"}],"version-history":[{"count":0,"href":"https:\/\/gltestm.webology.pl\/pl\/wp-json\/wp\/v2\/product\/11899\/revisions"}],"wp:featuredmedia":[{"embeddable":true,"href":"https:\/\/gltestm.webology.pl\/pl\/wp-json\/wp\/v2\/media\/15405"}],"wp:attachment":[{"href":"https:\/\/gltestm.webology.pl\/pl\/wp-json\/wp\/v2\/media?parent=11899"}],"wp:term":[{"taxonomy":"product_brand","embeddable":true,"href":"https:\/\/gltestm.webology.pl\/pl\/wp-json\/wp\/v2\/product_brand?post=11899"},{"taxonomy":"product_cat","embeddable":true,"href":"https:\/\/gltestm.webology.pl\/pl\/wp-json\/wp\/v2\/product_cat?post=11899"},{"taxonomy":"product_tag","embeddable":true,"href":"https:\/\/gltestm.webology.pl\/pl\/wp-json\/wp\/v2\/product_tag?post=11899"}],"curies":[{"name":"wp","href":"https:\/\/api.w.org\/{rel}","templated":true}]}}