{"id":11898,"date":"2026-03-18T22:03:51","date_gmt":"2026-03-18T21:03:51","guid":{"rendered":"https:\/\/gltestm.webology.pl\/produkt\/koncowka-do-mycia-i-demakijazu-do-szczoteczki-ah-94-outlet\/"},"modified":"2026-03-22T21:48:52","modified_gmt":"2026-03-22T20:48:52","slug":"koncowka-do-mycia-i-demakijazu-do-szczoteczki-ah-94-outlet","status":"publish","type":"product","link":"https:\/\/gltestm.webology.pl\/pl\/produkt\/koncowka-do-mycia-i-demakijazu-do-szczoteczki-ah-94-outlet\/","title":{"rendered":"Ko\u0144c\u00f3wka do mycia i demakija\u017cu do szczoteczki AH-94 OUTLET"},"content":{"rendered":"<h2><strong>Outlet<\/strong><\/h2>\n<ul>\n<li>uszkodzone opakowanie<\/li>\n<\/ul>\n<h2><strong>Delikatna Ko\u0144c\u00f3wka do Mycia i Demakija\u017cu \u2013 Idealna do Szczoteczki AH 8495<\/strong><\/h2>\n<p>Ko\u0144c\u00f3wka do mycia i demakija\u017cu ma bardzo delikatne bia\u0142e w\u0142osie przeznaczone do mycia i demakija\u017cu twarzy.<\/p>\n<p>Posiada plastikow\u0105 os\u0142onk\u0119 chroni\u0105c\u0105 przed zniszczeniem.<\/p>\n<p>Pasuje do modelu szczoteczki AH 8495.<\/p>\n","protected":false},"excerpt":{"rendered":"<p>Wymienna ko\u0144c\u00f3wka do mycia i demakija\u017cu AH94 do szczoteczki do mycia twarzy AH8495.<br \/>\nUszkodzone opakowanie<\/p>\n","protected":false},"featured_media":13252,"comment_status":"open","ping_status":"closed","template":"","meta":[],"product_brand":[],"product_cat":[898],"product_tag":[],"class_list":{"0":"post-11898","1":"product","2":"type-product","3":"status-publish","4":"has-post-thumbnail","6":"product_cat-pielegnacja-twarzy","8":"first","9":"outofstock","10":"taxable","11":"shipping-taxable","12":"purchasable","13":"product-type-simple"},"_links":{"self":[{"href":"https:\/\/gltestm.webology.pl\/pl\/wp-json\/wp\/v2\/product\/11898","targetHints":{"allow":["GET"]}}],"collection":[{"href":"https:\/\/gltestm.webology.pl\/pl\/wp-json\/wp\/v2\/product"}],"about":[{"href":"https:\/\/gltestm.webology.pl\/pl\/wp-json\/wp\/v2\/types\/product"}],"replies":[{"embeddable":true,"href":"https:\/\/gltestm.webology.pl\/pl\/wp-json\/wp\/v2\/comments?post=11898"}],"version-history":[{"count":0,"href":"https:\/\/gltestm.webology.pl\/pl\/wp-json\/wp\/v2\/product\/11898\/revisions"}],"wp:featuredmedia":[{"embeddable":true,"href":"https:\/\/gltestm.webology.pl\/pl\/wp-json\/wp\/v2\/media\/13252"}],"wp:attachment":[{"href":"https:\/\/gltestm.webology.pl\/pl\/wp-json\/wp\/v2\/media?parent=11898"}],"wp:term":[{"taxonomy":"product_brand","embeddable":true,"href":"https:\/\/gltestm.webology.pl\/pl\/wp-json\/wp\/v2\/product_brand?post=11898"},{"taxonomy":"product_cat","embeddable":true,"href":"https:\/\/gltestm.webology.pl\/pl\/wp-json\/wp\/v2\/product_cat?post=11898"},{"taxonomy":"product_tag","embeddable":true,"href":"https:\/\/gltestm.webology.pl\/pl\/wp-json\/wp\/v2\/product_tag?post=11898"}],"curies":[{"name":"wp","href":"https:\/\/api.w.org\/{rel}","templated":true}]}}