{"id":11894,"date":"2026-03-18T22:03:50","date_gmt":"2026-03-18T21:03:50","guid":{"rendered":"https:\/\/gltestm.webology.pl\/produkt\/kulki-do-prania-antyklaczki\/"},"modified":"2026-03-22T22:11:08","modified_gmt":"2026-03-22T21:11:08","slug":"kulki-do-prania-antyklaczki","status":"publish","type":"product","link":"https:\/\/gltestm.webology.pl\/pl\/produkt\/kulki-do-prania-antyklaczki\/","title":{"rendered":"Kulki do prania antyk\u0142aczki"},"content":{"rendered":"<div>\n<div><img fetchpriority=\"high\" decoding=\"async\" src=\"\/hpeciai\/e712b37ee9e477e1ef8dc276e3424a12\/pol_pl_Kulki-do-prania-antyklaczki-321_7.png\" alt=\"Kulki do prania antyk\u0142aczki pol_pl_Kulki-do-prania-antyklaczki-321_7\" width=\"1472\" height=\"704\"><\/div>\n<div>\n<p>Idealne dla <strong>mi\u0142o\u015bnik\u00f3w ps\u00f3w, kot\u00f3w, fretek i innych domowych futrzak\u00f3w<\/strong>, jak r\u00f3wnie\u017c dla wszystkich d\u0142ugow\u0142osych wielbicieli ci\u0119\u017ckiego brzmienia. Przedstawiamy kulki oczyszczaj\u0105ce do ubra\u0144 i po\u015bcieli, kolokwialnie zwane <strong>antyk\u0142aczkami <\/strong>(lub antysier\u015bciuchami).<\/p>\n<h2>Najwa\u017cniejsze cechy<\/h2>\n<ul>\n<li><strong>a\u017c 9 szt.<\/strong> w zestawie<\/li>\n<li><strong>35 mm<\/strong> \u015brednicy<\/li>\n<li>usuwaj\u0105 <strong>sier\u015b\u0107<\/strong>, <strong>k\u0142aczki<\/strong> i <strong>w\u0142osy<\/strong> z pranych rzeczy<\/li>\n<li><strong>wielokrotnego<\/strong> u\u017cycia<\/li>\n<li><strong>wspomagaj\u0105<\/strong> proces prania<\/li>\n<li>pomagaj\u0105 <strong>chroni\u0107 filtry<\/strong> pralki<\/li>\n<\/ul>\n<h2>Jak u\u017cywa\u0107 kulek do prania?<\/h2>\n<p>Kulki nadaj\u0105 si\u0119 <strong>do wielokrotnego prania<\/strong>, nale\u017cy je wrzuci\u0107 do pralki razem z praniem, a ich liczb\u0119 dopasowa\u0107 do ilo\u015bci pranych rzeczy &#8211; tak, \u017ceby mog\u0142y si\u0119 swobodnie porusza\u0107 podczas prania.<\/p>\n<p>Kulki podczas prania <strong>zbieraj\u0105 w\u0142osy, k\u0142aczki i sier\u015b\u0107<\/strong> z pranych rzeczy. Zmniejszaj\u0105 te\u017c ryzyko zapchania si\u0119 filtr\u00f3w w pralce. Po praniu nale\u017cy wyczy\u015bci\u0107 kulki z zanieczyszcze\u0144, aby umo\u017cliwi\u0107 ich ponowne u\u017cycie.<\/p>\n<\/div>\n<div><img decoding=\"async\" src=\"\/hpeciai\/5deb3f4738fe592659aaaffca6d79810\/pol_pl_Kulki-do-prania-antyklaczki-321_6.png\" alt=\"Kulki do prania antyk\u0142aczki pol_pl_Kulki-do-prania-antyklaczki-321_6\" width=\"1472\" height=\"704\"><\/div>\n<div>\n<h2>Wspomaganie procesu prania<\/h2>\n<p><strong>Wspomagaj\u0105 proces prania<\/strong>, nale\u017cy je u\u017cywa\u0107 razem z normalnie u\u017cywanymi \u015brodkami pior\u0105cymi. Szczeg\u00f3lnie dobrze spisuj\u0105 si\u0119 w po\u0142\u0105czeniu z <strong>kul\u0105 pior\u0105c\u0105<\/strong> firmy \u0141ucznik.<\/p>\n<h2>Uwaga<\/h2>\n<p>Kulek zbieraj\u0105cych sier\u015b\u0107 nie nale\u017cy stosowa\u0107 do ubra\u0144 z <strong>delikatnych<\/strong> i \u0142atwo <strong>rozci\u0105gaj\u0105cych<\/strong> si\u0119 tkanin. Stosowa\u0107 w temperaturze nieprzekraczaj\u0105cej<strong> 60 st. C.<\/strong><\/p>\n<\/div>\n<\/div>\n","protected":false},"excerpt":{"rendered":"<p>Kulki do prania  &#8211; tzw. antyk\u0142aczki &#8211; mog\u0105 by\u0107 u\u017cywane w pralkach, suszarkach i podczas prania r\u0119cznego. Idealne dla mi\u0142o\u015bnik\u00f3w ps\u00f3w, kot\u00f3w, fretek i innych domowych futrzak\u00f3w, jak r\u00f3wnie\u017c dla wszystkich d\u0142ugow\u0142osych wielbicieli ci\u0119\u017ckiego brzmienia.<\/p>\n","protected":false},"featured_media":14740,"comment_status":"open","ping_status":"closed","template":"","meta":[],"product_brand":[],"product_cat":[648],"product_tag":[],"class_list":{"0":"post-11894","1":"product","2":"type-product","3":"status-publish","4":"has-post-thumbnail","6":"product_cat-pozostale","8":"first","9":"instock","10":"taxable","11":"shipping-taxable","12":"purchasable","13":"product-type-simple"},"_links":{"self":[{"href":"https:\/\/gltestm.webology.pl\/pl\/wp-json\/wp\/v2\/product\/11894","targetHints":{"allow":["GET"]}}],"collection":[{"href":"https:\/\/gltestm.webology.pl\/pl\/wp-json\/wp\/v2\/product"}],"about":[{"href":"https:\/\/gltestm.webology.pl\/pl\/wp-json\/wp\/v2\/types\/product"}],"replies":[{"embeddable":true,"href":"https:\/\/gltestm.webology.pl\/pl\/wp-json\/wp\/v2\/comments?post=11894"}],"version-history":[{"count":0,"href":"https:\/\/gltestm.webology.pl\/pl\/wp-json\/wp\/v2\/product\/11894\/revisions"}],"wp:featuredmedia":[{"embeddable":true,"href":"https:\/\/gltestm.webology.pl\/pl\/wp-json\/wp\/v2\/media\/14740"}],"wp:attachment":[{"href":"https:\/\/gltestm.webology.pl\/pl\/wp-json\/wp\/v2\/media?parent=11894"}],"wp:term":[{"taxonomy":"product_brand","embeddable":true,"href":"https:\/\/gltestm.webology.pl\/pl\/wp-json\/wp\/v2\/product_brand?post=11894"},{"taxonomy":"product_cat","embeddable":true,"href":"https:\/\/gltestm.webology.pl\/pl\/wp-json\/wp\/v2\/product_cat?post=11894"},{"taxonomy":"product_tag","embeddable":true,"href":"https:\/\/gltestm.webology.pl\/pl\/wp-json\/wp\/v2\/product_tag?post=11894"}],"curies":[{"name":"wp","href":"https:\/\/api.w.org\/{rel}","templated":true}]}}