{"id":11870,"date":"2026-03-18T22:03:47","date_gmt":"2026-03-18T21:03:47","guid":{"rendered":"https:\/\/gltestm.webology.pl\/produkt\/igly-karnet-kuferek\/"},"modified":"2026-03-22T21:48:12","modified_gmt":"2026-03-22T20:48:12","slug":"igly-karnet-kuferek","status":"publish","type":"product","link":"https:\/\/gltestm.webology.pl\/pl\/produkt\/igly-karnet-kuferek\/","title":{"rendered":"Ig\u0142y karnet &#8211; kuferek"},"content":{"rendered":"<div>\n<div>\n<div>\n<div>\n<div>\n<div>\n<div>\n<div>\n<div>\n<p>W karnecie znajduje si\u0119 9 szt. igie\u0142 w rozmiarze 42-50 mm i 12 szt. igie\u0142 w rozmiarze 30-40 mm+ 1 szt. nawlekacz do nici. Karnet jest wygodny w u\u017cyciu, nie ma potrzeby stosowania poduszki do igie\u0142, gdy\u017c po u\u017cyciu ig\u0142\u0119 mo\u017cna schowa\u0107 do karnetu.  <\/p>\n<\/div>\n<\/div>\n<\/div>\n<\/div>\n<\/div>\n<\/div>\n<\/div>\n<\/div>\n<\/div>\n","protected":false},"excerpt":{"rendered":"<p>Ig\u0142y KARNET kuferek, w \u015brodku znajduje si\u0119 21 szt. igie\u0142 oraz jeden nawlekacz.<\/p>\n","protected":false},"featured_media":15691,"comment_status":"open","ping_status":"closed","template":"","meta":[],"product_brand":[],"product_cat":[358],"product_tag":[],"class_list":{"0":"post-11870","1":"product","2":"type-product","3":"status-publish","4":"has-post-thumbnail","6":"product_cat-igly","8":"first","9":"instock","10":"taxable","11":"shipping-taxable","12":"purchasable","13":"product-type-simple"},"_links":{"self":[{"href":"https:\/\/gltestm.webology.pl\/pl\/wp-json\/wp\/v2\/product\/11870","targetHints":{"allow":["GET"]}}],"collection":[{"href":"https:\/\/gltestm.webology.pl\/pl\/wp-json\/wp\/v2\/product"}],"about":[{"href":"https:\/\/gltestm.webology.pl\/pl\/wp-json\/wp\/v2\/types\/product"}],"replies":[{"embeddable":true,"href":"https:\/\/gltestm.webology.pl\/pl\/wp-json\/wp\/v2\/comments?post=11870"}],"version-history":[{"count":0,"href":"https:\/\/gltestm.webology.pl\/pl\/wp-json\/wp\/v2\/product\/11870\/revisions"}],"wp:featuredmedia":[{"embeddable":true,"href":"https:\/\/gltestm.webology.pl\/pl\/wp-json\/wp\/v2\/media\/15691"}],"wp:attachment":[{"href":"https:\/\/gltestm.webology.pl\/pl\/wp-json\/wp\/v2\/media?parent=11870"}],"wp:term":[{"taxonomy":"product_brand","embeddable":true,"href":"https:\/\/gltestm.webology.pl\/pl\/wp-json\/wp\/v2\/product_brand?post=11870"},{"taxonomy":"product_cat","embeddable":true,"href":"https:\/\/gltestm.webology.pl\/pl\/wp-json\/wp\/v2\/product_cat?post=11870"},{"taxonomy":"product_tag","embeddable":true,"href":"https:\/\/gltestm.webology.pl\/pl\/wp-json\/wp\/v2\/product_tag?post=11870"}],"curies":[{"name":"wp","href":"https:\/\/api.w.org\/{rel}","templated":true}]}}