{"id":11867,"date":"2026-03-18T22:03:46","date_gmt":"2026-03-18T21:03:46","guid":{"rendered":"https:\/\/gltestm.webology.pl\/produkt\/igly-do-latwego-nawlekania-12szt\/"},"modified":"2026-03-22T21:48:09","modified_gmt":"2026-03-22T20:48:09","slug":"igly-do-latwego-nawlekania-12szt","status":"publish","type":"product","link":"https:\/\/gltestm.webology.pl\/pl\/produkt\/igly-do-latwego-nawlekania-12szt\/","title":{"rendered":"Ig\u0142y do \u0142atwego nawlekania 12szt."},"content":{"rendered":"<p>Komplet dwunastu igie\u0142 do \u0142atwego nawlekania. Nawleczenie ig\u0142y polega na <strong>\u0142atwym<\/strong> przeci\u015bni\u0119ciu nitki przez oczko. Bardzo du\u017ce <strong>u\u0142atwienie<\/strong> dla os\u00f3b s\u0142abo widz\u0105cych.<\/p>\n<p>D\u0142ugo\u015b\u0107 igie\u0142: 38, 40, 45 mm<\/p>\n","protected":false},"excerpt":{"rendered":"<p>Komplet 12 igie\u0142 do \u0142atwego nawlekania dla os\u00f3b s\u0142abo widz\u0105cych.<\/p>\n","protected":false},"featured_media":15743,"comment_status":"open","ping_status":"closed","template":"","meta":[],"product_brand":[],"product_cat":[358],"product_tag":[],"class_list":{"0":"post-11867","1":"product","2":"type-product","3":"status-publish","4":"has-post-thumbnail","6":"product_cat-igly","8":"first","9":"instock","10":"taxable","11":"shipping-taxable","12":"purchasable","13":"product-type-simple"},"_links":{"self":[{"href":"https:\/\/gltestm.webology.pl\/pl\/wp-json\/wp\/v2\/product\/11867","targetHints":{"allow":["GET"]}}],"collection":[{"href":"https:\/\/gltestm.webology.pl\/pl\/wp-json\/wp\/v2\/product"}],"about":[{"href":"https:\/\/gltestm.webology.pl\/pl\/wp-json\/wp\/v2\/types\/product"}],"replies":[{"embeddable":true,"href":"https:\/\/gltestm.webology.pl\/pl\/wp-json\/wp\/v2\/comments?post=11867"}],"version-history":[{"count":0,"href":"https:\/\/gltestm.webology.pl\/pl\/wp-json\/wp\/v2\/product\/11867\/revisions"}],"wp:featuredmedia":[{"embeddable":true,"href":"https:\/\/gltestm.webology.pl\/pl\/wp-json\/wp\/v2\/media\/15743"}],"wp:attachment":[{"href":"https:\/\/gltestm.webology.pl\/pl\/wp-json\/wp\/v2\/media?parent=11867"}],"wp:term":[{"taxonomy":"product_brand","embeddable":true,"href":"https:\/\/gltestm.webology.pl\/pl\/wp-json\/wp\/v2\/product_brand?post=11867"},{"taxonomy":"product_cat","embeddable":true,"href":"https:\/\/gltestm.webology.pl\/pl\/wp-json\/wp\/v2\/product_cat?post=11867"},{"taxonomy":"product_tag","embeddable":true,"href":"https:\/\/gltestm.webology.pl\/pl\/wp-json\/wp\/v2\/product_tag?post=11867"}],"curies":[{"name":"wp","href":"https:\/\/api.w.org\/{rel}","templated":true}]}}