{"id":11862,"date":"2026-03-18T22:03:45","date_gmt":"2026-03-18T21:03:45","guid":{"rendered":"https:\/\/gltestm.webology.pl\/produkt\/tamborek-flexi-ramka-do-zawieszenia-o20-cm\/"},"modified":"2026-03-22T21:48:06","modified_gmt":"2026-03-22T20:48:06","slug":"tamborek-flexi-ramka-do-zawieszenia-o20-cm","status":"publish","type":"product","link":"https:\/\/gltestm.webology.pl\/pl\/produkt\/tamborek-flexi-ramka-do-zawieszenia-o20-cm\/","title":{"rendered":"Tamborek FLEXI \/ ramka do zawieszenia \u00d820 cm"},"content":{"rendered":"<h2><strong>Tamborek flexi 20 cm \u2013 Twoje nowe ulubione narz\u0119dzie do haftowania!<\/strong><\/h2>\n<p>Poznaj nasz Tamborek flexi 20 cm, kt\u00f3ry nie tylko u\u0142atwi Ci prac\u0119 nad ka\u017cdym projektem, ale tak\u017ce doda wyj\u0105tkowego uroku Twojemu r\u0119kodzie\u0142u. Idealny zar\u00f3wno dla pocz\u0105tkuj\u0105cych, jak i zaawansowanych mi\u0142o\u015bniczek haftowania.<\/p>\n<h2><strong>Dlaczego pokochasz nasz Tamborek flexi 20 cm?<\/strong><\/h2>\n<ol>\n<li>\n<p><strong>Wszechstronno\u015b\u0107 zastosowania:<\/strong> Idealny do haftowania na kanwie i innych materia\u0142ach. Bez wzgl\u0119du na to, nad czym pracujesz, nasz tamborek zapewni perfekcyjne napi\u0119cie i stabilno\u015b\u0107.<\/p>\n<\/li>\n<li>\n<p><strong>Elastyczno\u015b\u0107 i wygoda:<\/strong> Wykonany z wysokiej jako\u015bci elastycznych materia\u0142\u00f3w, jest lekki i \u0142atwy w u\u017cyciu. Dzi\u0119ki elastycznej konstrukcji, materia\u0142 b\u0119dzie zawsze napi\u0119ty, co sprawi, \u017ce ka\u017cdy \u015bcieg b\u0119dzie wygl\u0105da\u0142 idealnie.<\/p>\n<\/li>\n<li>\n<p><strong>Stylowa ramka do zawieszenia:<\/strong> Po sko\u0144czonym projekcie, tamborek flexi mo\u017ce s\u0142u\u017cy\u0107 jako elegancka ramka. Wystarczy doda\u0107 wst\u0105\u017ck\u0119 lub haczyk i Twoje dzie\u0142o jest gotowe do zawieszenia na \u015bcianie, dodaj\u0105c wn\u0119trzu osobistego charakteru.<\/p>\n<\/li>\n<li>\n<p><strong>Optymalny rozmiar:<\/strong> \u015arednica 20 cm to idealny rozmiar do wi\u0119kszo\u015bci projekt\u00f3w haftu. Nie za ma\u0142y, nie za du\u017cy \u2013 po prostu perfekcyjny!<\/p>\n<\/li>\n<li>\n<p><strong>Wytrzyma\u0142o\u015b\u0107 i trwa\u0142o\u015b\u0107:<\/strong> Solidna konstrukcja gwarantuje, \u017ce tamborek pos\u0142u\u017cy Ci przez d\u0142ugie lata, towarzysz\u0105c w tworzeniu niezliczonych, pi\u0119knych wzor\u00f3w.<\/p>\n<\/li>\n<\/ol>\n<h2><strong>Dlaczego warto?<\/strong><\/h2>\n<p>Nasz Tamborek flexi 20 cm to nie tylko narz\u0119dzie, ale r\u00f3wnie\u017c dekoracja. U\u0142atwi Ci prac\u0119 nad ka\u017cdym projektem haftu, a po sko\u0144czeniu, zamieni Twoje dzie\u0142o w stylow\u0105 ozdob\u0119 \u015bcienn\u0105.<\/p>\n<p>Dodaj Tamborek flexi 20 cm do swojego koszyka i przekonaj si\u0119, jak wiele mo\u017ce zmieni\u0107 w Twoim hafciarskim \u015bwiecie. Ciesz si\u0119 ka\u017cdym momentem tw\u00f3rczej pracy i efektami, kt\u00f3re zachwyc\u0105 ka\u017cdego!<\/p>\n<p><span>Dodatkowo tamborek wyposa\u017cony jest w metalowy wieszak, dzi\u0119ki kt\u00f3remu gotow\u0105 prac\u0119 mo\u017cna zawiesi\u0107 na \u015bcianie jako dekoracj\u0119. <\/span><\/p>\n<h2><span>Wymiary<\/span><\/h2>\n<ul>\n<li>\u015arednica wewn\u0119trzna: <strong>19 cm<\/strong><\/li>\n<li>\u015arodkowa \u015brednica: <strong>20 cm<\/strong><\/li>\n<li>Zewn\u0119trzna \u015brednica: <strong>21,5 cm<\/strong><\/li>\n<\/ul>\n","protected":false},"excerpt":{"rendered":"<p>Tamborek FLEXI to przedmiot u\u0142atwiaj\u0105cy haftowanie, sk\u0142adaj\u0105cy si\u0119 z dw\u00f3ch obr\u0119czy. \u015arednica wewn\u0119trzna: 19 cm<br \/>\n\u015arodkowa \u015brednica: 20 cm. Zewn\u0119trzna \u015brednica: 21,5 cm.<br \/>\nImitacja drewna<\/p>\n","protected":false},"featured_media":13238,"comment_status":"open","ping_status":"closed","template":"","meta":[],"product_brand":[],"product_cat":[373],"product_tag":[],"class_list":{"0":"post-11862","1":"product","2":"type-product","3":"status-publish","4":"has-post-thumbnail","6":"product_cat-tamborki","8":"first","9":"instock","10":"taxable","11":"shipping-taxable","12":"purchasable","13":"product-type-simple"},"_links":{"self":[{"href":"https:\/\/gltestm.webology.pl\/pl\/wp-json\/wp\/v2\/product\/11862","targetHints":{"allow":["GET"]}}],"collection":[{"href":"https:\/\/gltestm.webology.pl\/pl\/wp-json\/wp\/v2\/product"}],"about":[{"href":"https:\/\/gltestm.webology.pl\/pl\/wp-json\/wp\/v2\/types\/product"}],"replies":[{"embeddable":true,"href":"https:\/\/gltestm.webology.pl\/pl\/wp-json\/wp\/v2\/comments?post=11862"}],"version-history":[{"count":0,"href":"https:\/\/gltestm.webology.pl\/pl\/wp-json\/wp\/v2\/product\/11862\/revisions"}],"wp:featuredmedia":[{"embeddable":true,"href":"https:\/\/gltestm.webology.pl\/pl\/wp-json\/wp\/v2\/media\/13238"}],"wp:attachment":[{"href":"https:\/\/gltestm.webology.pl\/pl\/wp-json\/wp\/v2\/media?parent=11862"}],"wp:term":[{"taxonomy":"product_brand","embeddable":true,"href":"https:\/\/gltestm.webology.pl\/pl\/wp-json\/wp\/v2\/product_brand?post=11862"},{"taxonomy":"product_cat","embeddable":true,"href":"https:\/\/gltestm.webology.pl\/pl\/wp-json\/wp\/v2\/product_cat?post=11862"},{"taxonomy":"product_tag","embeddable":true,"href":"https:\/\/gltestm.webology.pl\/pl\/wp-json\/wp\/v2\/product_tag?post=11862"}],"curies":[{"name":"wp","href":"https:\/\/api.w.org\/{rel}","templated":true}]}}