{"id":11858,"date":"2026-03-18T22:03:44","date_gmt":"2026-03-18T21:03:44","guid":{"rendered":"https:\/\/gltestm.webology.pl\/produkt\/igly-do-haftu-ze-zlotym-uchem\/"},"modified":"2026-03-22T21:48:06","modified_gmt":"2026-03-22T20:48:06","slug":"igly-do-haftu-ze-zlotym-uchem","status":"publish","type":"product","link":"https:\/\/gltestm.webology.pl\/pl\/produkt\/igly-do-haftu-ze-zlotym-uchem\/","title":{"rendered":"Ig\u0142y do haftu ze z\u0142otym uchem"},"content":{"rendered":"<p><strong>Na jednym blistrze jest 12 sztuk igie\u0142 w r\u00f3\u017cnych wielko\u015bciach.<\/strong><\/p>\n<h1><span><span><span><span><span><span>D\u0142ugo\u015b\u0107 igie\u0142: <\/span><\/span><\/span><\/span><\/span><\/span><strong><span><span><span><span><span><span><strong>38 &#8211; 48 mm<\/strong><\/span><\/span><\/span><\/span><\/span><\/span><\/strong><\/h1>\n<p><strong>6 szt. x 3,7 cm, <\/strong><\/p>\n<p><strong>2 szt. x 3,9 cm, <\/strong><\/p>\n<p><strong>4 szt. x 4,9 cm.<\/strong><\/p>\n","protected":false},"excerpt":{"rendered":"<p>Ig\u0142y do haftu ze z\u0142otym uchem, 12 Sztuk.<\/p>\n","protected":false},"featured_media":13053,"comment_status":"open","ping_status":"closed","template":"","meta":[],"product_brand":[],"product_cat":[358],"product_tag":[],"class_list":{"0":"post-11858","1":"product","2":"type-product","3":"status-publish","4":"has-post-thumbnail","6":"product_cat-igly","8":"first","9":"instock","10":"taxable","11":"shipping-taxable","12":"purchasable","13":"product-type-simple"},"_links":{"self":[{"href":"https:\/\/gltestm.webology.pl\/pl\/wp-json\/wp\/v2\/product\/11858","targetHints":{"allow":["GET"]}}],"collection":[{"href":"https:\/\/gltestm.webology.pl\/pl\/wp-json\/wp\/v2\/product"}],"about":[{"href":"https:\/\/gltestm.webology.pl\/pl\/wp-json\/wp\/v2\/types\/product"}],"replies":[{"embeddable":true,"href":"https:\/\/gltestm.webology.pl\/pl\/wp-json\/wp\/v2\/comments?post=11858"}],"version-history":[{"count":0,"href":"https:\/\/gltestm.webology.pl\/pl\/wp-json\/wp\/v2\/product\/11858\/revisions"}],"wp:featuredmedia":[{"embeddable":true,"href":"https:\/\/gltestm.webology.pl\/pl\/wp-json\/wp\/v2\/media\/13053"}],"wp:attachment":[{"href":"https:\/\/gltestm.webology.pl\/pl\/wp-json\/wp\/v2\/media?parent=11858"}],"wp:term":[{"taxonomy":"product_brand","embeddable":true,"href":"https:\/\/gltestm.webology.pl\/pl\/wp-json\/wp\/v2\/product_brand?post=11858"},{"taxonomy":"product_cat","embeddable":true,"href":"https:\/\/gltestm.webology.pl\/pl\/wp-json\/wp\/v2\/product_cat?post=11858"},{"taxonomy":"product_tag","embeddable":true,"href":"https:\/\/gltestm.webology.pl\/pl\/wp-json\/wp\/v2\/product_tag?post=11858"}],"curies":[{"name":"wp","href":"https:\/\/api.w.org\/{rel}","templated":true}]}}