{"id":11849,"date":"2026-03-18T22:03:43","date_gmt":"2026-03-18T21:03:43","guid":{"rendered":"https:\/\/gltestm.webology.pl\/produkt\/szydlo-135-cm\/"},"modified":"2026-03-22T21:48:02","modified_gmt":"2026-03-22T20:48:02","slug":"szydlo-135-cm","status":"publish","type":"product","link":"https:\/\/gltestm.webology.pl\/pl\/produkt\/szydlo-135-cm\/","title":{"rendered":"Szyd\u0142o 13,5 cm"},"content":{"rendered":"<h1><span><span><span><span>Szyd\u0142o stosowane wyrobie produkt\u00f3w z sk\u00f3r, wyrob\u00f3w sk\u00f3ropodobnych lub grubszych tkanin, s\u0142u\u017cy do dziurkowania.<\/span><\/span><\/span><\/span><\/h1>\n<h1><span><span><span><span><span><span><span>Szyd\u0142o ma drewnian\u0105 r\u0119koje\u015b\u0107 do kt\u00f3rej przymocowana jest na sta\u0142e ig\u0142a.<\/span><\/span><\/span><\/span><\/span><\/span><\/span><\/h1>\n<h1><span><span><span><span><span><span><span>Ca\u0142kowita d\u0142ugo\u015b\u0107: 13,5 cm<\/span><\/span><\/span><\/span><\/span><\/span><\/span><\/h1>\n<h1><span><span><span><span><span><span><span>D\u0142ugo\u015b\u0107 ig\u0142y: 6 cm<\/span><\/span><\/span><\/span><\/span><\/span><\/span><\/h1>\n<h1><span><span><span><span><span><span><span>\u015arednica ig\u0142y: 2 mm<\/span><\/span><\/span><\/span><\/span><\/span><\/span><\/h1>\n<h1><span><span><span><span><span><span><span>\u015arednica r\u0119koje\u015bci: 21 mm<\/span><\/span><\/span><\/span><\/span><\/span><\/span><\/h1>\n","protected":false},"excerpt":{"rendered":"<p>Szyd\u0142o stosowane wyrobie produkt\u00f3w z sk\u00f3r, wyrob\u00f3w sk\u00f3ropodobnych lub grubszych tkanin, s\u0142u\u017cy ono do dziurkowania.<\/p>\n","protected":false},"featured_media":14694,"comment_status":"open","ping_status":"closed","template":"","meta":[],"product_brand":[],"product_cat":[368],"product_tag":[],"class_list":{"0":"post-11849","1":"product","2":"type-product","3":"status-publish","4":"has-post-thumbnail","6":"product_cat-narzedzia-i-akcesoria","8":"first","9":"outofstock","10":"taxable","11":"shipping-taxable","12":"purchasable","13":"product-type-simple"},"_links":{"self":[{"href":"https:\/\/gltestm.webology.pl\/pl\/wp-json\/wp\/v2\/product\/11849","targetHints":{"allow":["GET"]}}],"collection":[{"href":"https:\/\/gltestm.webology.pl\/pl\/wp-json\/wp\/v2\/product"}],"about":[{"href":"https:\/\/gltestm.webology.pl\/pl\/wp-json\/wp\/v2\/types\/product"}],"replies":[{"embeddable":true,"href":"https:\/\/gltestm.webology.pl\/pl\/wp-json\/wp\/v2\/comments?post=11849"}],"version-history":[{"count":0,"href":"https:\/\/gltestm.webology.pl\/pl\/wp-json\/wp\/v2\/product\/11849\/revisions"}],"wp:featuredmedia":[{"embeddable":true,"href":"https:\/\/gltestm.webology.pl\/pl\/wp-json\/wp\/v2\/media\/14694"}],"wp:attachment":[{"href":"https:\/\/gltestm.webology.pl\/pl\/wp-json\/wp\/v2\/media?parent=11849"}],"wp:term":[{"taxonomy":"product_brand","embeddable":true,"href":"https:\/\/gltestm.webology.pl\/pl\/wp-json\/wp\/v2\/product_brand?post=11849"},{"taxonomy":"product_cat","embeddable":true,"href":"https:\/\/gltestm.webology.pl\/pl\/wp-json\/wp\/v2\/product_cat?post=11849"},{"taxonomy":"product_tag","embeddable":true,"href":"https:\/\/gltestm.webology.pl\/pl\/wp-json\/wp\/v2\/product_tag?post=11849"}],"curies":[{"name":"wp","href":"https:\/\/api.w.org\/{rel}","templated":true}]}}