{"id":11848,"date":"2026-03-18T22:03:43","date_gmt":"2026-03-18T21:03:43","guid":{"rendered":"https:\/\/gltestm.webology.pl\/produkt\/radelko-krawieckie-metalowe\/"},"modified":"2026-03-22T21:48:01","modified_gmt":"2026-03-22T20:48:01","slug":"radelko-krawieckie-metalowe","status":"publish","type":"product","link":"https:\/\/gltestm.webology.pl\/pl\/produkt\/radelko-krawieckie-metalowe\/","title":{"rendered":"Rade\u0142ko krawieckie metalowe"},"content":{"rendered":"<p>Jednym z jego zastosowa\u0144 jest mo\u017cliwo\u015b\u0107<strong> zaznaczenia na tkaninie miejsca ci\u0119cia<\/strong>. Przydaje si\u0119 r\u00f3wnie\u017c przy <strong>przenoszeniu wzor\u00f3w z wykroj\u00f3w na materia\u0142<\/strong>.<\/p>\n<p>Rade\u0142ko ma drewnian\u0105 r\u0119koje\u015b\u0107, ostre kraw\u0119dzie na k\u00f3\u0142eczku o \u015brednicy 19 mm, a ca\u0142kowita d\u0142ugo\u015b\u0107 urz\u0105dzenia to 15 cm<\/p>\n","protected":false},"excerpt":{"rendered":"<p>Metalowe rade\u0142ko krawieckie z drewnian\u0105 r\u0105czk\u0105 150mm<\/p>\n","protected":false},"featured_media":15148,"comment_status":"open","ping_status":"closed","template":"","meta":[],"product_brand":[],"product_cat":[743],"product_tag":[],"class_list":{"0":"post-11848","1":"product","2":"type-product","3":"status-publish","4":"has-post-thumbnail","6":"product_cat-mydelka-krawieckie-i-ich-zamienniki","8":"first","9":"instock","10":"taxable","11":"shipping-taxable","12":"purchasable","13":"product-type-simple"},"_links":{"self":[{"href":"https:\/\/gltestm.webology.pl\/pl\/wp-json\/wp\/v2\/product\/11848","targetHints":{"allow":["GET"]}}],"collection":[{"href":"https:\/\/gltestm.webology.pl\/pl\/wp-json\/wp\/v2\/product"}],"about":[{"href":"https:\/\/gltestm.webology.pl\/pl\/wp-json\/wp\/v2\/types\/product"}],"replies":[{"embeddable":true,"href":"https:\/\/gltestm.webology.pl\/pl\/wp-json\/wp\/v2\/comments?post=11848"}],"version-history":[{"count":0,"href":"https:\/\/gltestm.webology.pl\/pl\/wp-json\/wp\/v2\/product\/11848\/revisions"}],"wp:featuredmedia":[{"embeddable":true,"href":"https:\/\/gltestm.webology.pl\/pl\/wp-json\/wp\/v2\/media\/15148"}],"wp:attachment":[{"href":"https:\/\/gltestm.webology.pl\/pl\/wp-json\/wp\/v2\/media?parent=11848"}],"wp:term":[{"taxonomy":"product_brand","embeddable":true,"href":"https:\/\/gltestm.webology.pl\/pl\/wp-json\/wp\/v2\/product_brand?post=11848"},{"taxonomy":"product_cat","embeddable":true,"href":"https:\/\/gltestm.webology.pl\/pl\/wp-json\/wp\/v2\/product_cat?post=11848"},{"taxonomy":"product_tag","embeddable":true,"href":"https:\/\/gltestm.webology.pl\/pl\/wp-json\/wp\/v2\/product_tag?post=11848"}],"curies":[{"name":"wp","href":"https:\/\/api.w.org\/{rel}","templated":true}]}}