{"id":11847,"date":"2026-03-18T22:03:42","date_gmt":"2026-03-18T21:03:42","guid":{"rendered":"https:\/\/gltestm.webology.pl\/produkt\/przecinak-duzy\/"},"modified":"2026-03-22T21:48:00","modified_gmt":"2026-03-22T20:48:00","slug":"przecinak-duzy","status":"publish","type":"product","link":"https:\/\/gltestm.webology.pl\/pl\/produkt\/przecinak-duzy\/","title":{"rendered":"Przecinak du\u017cy"},"content":{"rendered":"<h2>Przecinak &#8211; niezb\u0119dny pomocnik krawiecki<\/h2>\n<p>Du\u017cy metalowy przecinak u\u0142atwi nam prucie szw\u00f3w, ale r\u00f3wnie\u017c wykonywanie dziurek\/naci\u0119\u0107 na tkaninie. Jest to bardzo sprytny przyrz\u0105d, niezast\u0105piony w ka\u017cdym krawieckim k\u0105ciku.<\/p>\n<p>Bez trudu wyprujemy nim r\u00f3wnie\u017c metki, kt\u00f3re drapi\u0105 nas podczas noszenia odzie\u017cy. Samo odci\u0119cie metki czasem niewiele da, natomiast gdy u\u017cyjemy prujki, mo\u017cemy j\u0105 ca\u0142kowicie usun\u0105\u0107.<\/p>\n<h2>Wykonanie i wymiar<\/h2>\n<p>Przecinak posiada zatyczk\u0119 na ostrze wykonan\u0105 z przezroczystego plastiku. Natomiast r\u0119koje\u015b\u0107 to tworzywo imituj\u0105ce drewno.<\/p>\n<p>D\u0142ugo\u015b\u0107 prujki to 130 mm. Je\u017celi poszukujesz mniejszego, dok\u0142adniejszego <a href=\"https:\/\/galerialucznik.pl\/pl\/products\/przybory-do-szycia\/akcesoria-krawieckie\/noze-noze-krazkowe-i-przecinaki\/prujka-dlugosc-120-mm-251.html?query_id=1\" target=\"_blank\" rel=\"noopener\">przecinaka<\/a>, znajdziesz go na naszej stronie.<\/p>\n","protected":false},"excerpt":{"rendered":"<p>Prujka do prucia szw\u00f3w z metalowym ko\u0144cem, 130 mm.<\/p>\n","protected":false},"featured_media":14930,"comment_status":"open","ping_status":"closed","template":"","meta":[],"product_brand":[],"product_cat":[758],"product_tag":[],"class_list":{"0":"post-11847","1":"product","2":"type-product","3":"status-publish","4":"has-post-thumbnail","6":"product_cat-noze-noze-krazkowe-i-przecinaki","8":"first","9":"instock","10":"taxable","11":"shipping-taxable","12":"purchasable","13":"product-type-simple"},"_links":{"self":[{"href":"https:\/\/gltestm.webology.pl\/pl\/wp-json\/wp\/v2\/product\/11847","targetHints":{"allow":["GET"]}}],"collection":[{"href":"https:\/\/gltestm.webology.pl\/pl\/wp-json\/wp\/v2\/product"}],"about":[{"href":"https:\/\/gltestm.webology.pl\/pl\/wp-json\/wp\/v2\/types\/product"}],"replies":[{"embeddable":true,"href":"https:\/\/gltestm.webology.pl\/pl\/wp-json\/wp\/v2\/comments?post=11847"}],"version-history":[{"count":0,"href":"https:\/\/gltestm.webology.pl\/pl\/wp-json\/wp\/v2\/product\/11847\/revisions"}],"wp:featuredmedia":[{"embeddable":true,"href":"https:\/\/gltestm.webology.pl\/pl\/wp-json\/wp\/v2\/media\/14930"}],"wp:attachment":[{"href":"https:\/\/gltestm.webology.pl\/pl\/wp-json\/wp\/v2\/media?parent=11847"}],"wp:term":[{"taxonomy":"product_brand","embeddable":true,"href":"https:\/\/gltestm.webology.pl\/pl\/wp-json\/wp\/v2\/product_brand?post=11847"},{"taxonomy":"product_cat","embeddable":true,"href":"https:\/\/gltestm.webology.pl\/pl\/wp-json\/wp\/v2\/product_cat?post=11847"},{"taxonomy":"product_tag","embeddable":true,"href":"https:\/\/gltestm.webology.pl\/pl\/wp-json\/wp\/v2\/product_tag?post=11847"}],"curies":[{"name":"wp","href":"https:\/\/api.w.org\/{rel}","templated":true}]}}