{"id":11846,"date":"2026-03-18T22:03:42","date_gmt":"2026-03-18T21:03:42","guid":{"rendered":"https:\/\/gltestm.webology.pl\/produkt\/poduszka-na-igly\/"},"modified":"2026-03-22T22:11:08","modified_gmt":"2026-03-22T21:11:08","slug":"poduszka-na-igly","status":"publish","type":"product","link":"https:\/\/gltestm.webology.pl\/pl\/produkt\/poduszka-na-igly\/","title":{"rendered":"Poduszka na ig\u0142y"},"content":{"rendered":"<h2><strong>Wykonanie<\/strong><\/h2>\n<p>Praktyczna poduszka na ig\u0142y i szpilki wykonana jest w materia\u0142u w czerwono-bia\u0142\u0105 krat\u0119. W \u015brodku znajduje si\u0119 styropian, a podstawa dzi\u0119ki, kt&oacute;rej poduszeczka stabilnie stoi, jest wykonana z drewna.<\/p>\n<h2><strong>Poduszeczka na stra\u017cy porz\u0105dku<\/strong><\/h2>\n<p>Poduszka pozwala nam utrzyma\u0107 porz\u0105dek na stanowisku pracy, mo\u017cemy wielokrotnie wbija\u0107 w ni\u0105 szpilki jak i ig\u0142y. Dzi\u0119ki temu, zapobiegniemy uk\u0142uciu si\u0119 porzucon\u0105 szpilk\u0105, czy zagubieniem ig\u0142y.<\/p>\n<p>Wyst\u0119puje tylko w jednej wersji kolorystycznej.<\/p>\n<p>Podstawa poduszeczki ma \u015brednic\u0119 7 cm.<\/p>\n","protected":false},"excerpt":{"rendered":"<p>Poduszeczka do igie\u0142 i szpilek w kratk\u0119.<\/p>\n","protected":false},"featured_media":14582,"comment_status":"open","ping_status":"closed","template":"","meta":[],"product_brand":[],"product_cat":[738],"product_tag":[],"class_list":{"0":"post-11846","1":"product","2":"type-product","3":"status-publish","4":"has-post-thumbnail","6":"product_cat-szpilki-agrafki-i-poduszeczki","8":"first","9":"instock","10":"taxable","11":"shipping-taxable","12":"purchasable","13":"product-type-simple"},"_links":{"self":[{"href":"https:\/\/gltestm.webology.pl\/pl\/wp-json\/wp\/v2\/product\/11846","targetHints":{"allow":["GET"]}}],"collection":[{"href":"https:\/\/gltestm.webology.pl\/pl\/wp-json\/wp\/v2\/product"}],"about":[{"href":"https:\/\/gltestm.webology.pl\/pl\/wp-json\/wp\/v2\/types\/product"}],"replies":[{"embeddable":true,"href":"https:\/\/gltestm.webology.pl\/pl\/wp-json\/wp\/v2\/comments?post=11846"}],"version-history":[{"count":0,"href":"https:\/\/gltestm.webology.pl\/pl\/wp-json\/wp\/v2\/product\/11846\/revisions"}],"wp:featuredmedia":[{"embeddable":true,"href":"https:\/\/gltestm.webology.pl\/pl\/wp-json\/wp\/v2\/media\/14582"}],"wp:attachment":[{"href":"https:\/\/gltestm.webology.pl\/pl\/wp-json\/wp\/v2\/media?parent=11846"}],"wp:term":[{"taxonomy":"product_brand","embeddable":true,"href":"https:\/\/gltestm.webology.pl\/pl\/wp-json\/wp\/v2\/product_brand?post=11846"},{"taxonomy":"product_cat","embeddable":true,"href":"https:\/\/gltestm.webology.pl\/pl\/wp-json\/wp\/v2\/product_cat?post=11846"},{"taxonomy":"product_tag","embeddable":true,"href":"https:\/\/gltestm.webology.pl\/pl\/wp-json\/wp\/v2\/product_tag?post=11846"}],"curies":[{"name":"wp","href":"https:\/\/api.w.org\/{rel}","templated":true}]}}