{"id":11845,"date":"2026-03-18T22:03:42","date_gmt":"2026-03-18T21:03:42","guid":{"rendered":"https:\/\/gltestm.webology.pl\/produkt\/nawlekacz-do-nici\/"},"modified":"2026-03-22T21:47:39","modified_gmt":"2026-03-22T20:47:39","slug":"nawlekacz-do-nici","status":"publish","type":"product","link":"https:\/\/gltestm.webology.pl\/pl\/produkt\/nawlekacz-do-nici\/","title":{"rendered":"Nawlekacz do nici"},"content":{"rendered":"<h2><strong>Zastosowanie nawlekacza<\/strong><\/h2>\n<p>Jest niezb\u0119dny przy nawlekaniu nici podczas szycia r\u0119cznego, jak i w maszynach do szycia. Dzi\u0119ki niemu szybko i bez zb\u0119dnych komplikacji nawleczemy ni\u0107 na ig\u0142\u0119.<\/p>\n<h2><strong>Wymiary nawlekacza<\/strong><\/h2>\n<p>Nawlekacz to metalowa blaszka z cienkim drutem u\u0142o\u017conym w uszko. Jego wymiary to:<\/p>\n<p>Szeroko\u015b\u0107: 2 cm D\u0142ugo\u015b\u0107: 5,2 cm Wymiar uszka: 0,4 x 1,5 cm<\/p>\n<h2><strong>Jak u\u0142atwi\u0107 sobie nawlekanie za pomoc\u0105 tego produktu<\/strong><\/h2>\n<p>Aby nawlec nitk\u0119 na ig\u0142\u0119 nale\u017cy w pierwszym kroku w\u0142o\u017cy\u0107 uszko w oczko ig\u0142y. Nast\u0119pnie przez uszko przeci\u0105gn\u0105\u0107 nitk\u0119 i na koniec wyci\u0105gn\u0105\u0107 uszko wraz z nitk\u0105 z oczka ig\u0142y. Gotowe!<\/p>\n","protected":false},"excerpt":{"rendered":"<p>Metalowy nawlekacz do nici. U\u0142atwia czynno\u015b\u0107 nawlekania nici przez oczko ig\u0142y.<\/p>\n","protected":false},"featured_media":15100,"comment_status":"open","ping_status":"closed","template":"","meta":[],"product_brand":[],"product_cat":[773],"product_tag":[],"class_list":{"0":"post-11845","1":"product","2":"type-product","3":"status-publish","4":"has-post-thumbnail","6":"product_cat-inne-narzedzia-i-akcesoria","8":"first","9":"instock","10":"taxable","11":"shipping-taxable","12":"purchasable","13":"product-type-simple"},"_links":{"self":[{"href":"https:\/\/gltestm.webology.pl\/pl\/wp-json\/wp\/v2\/product\/11845","targetHints":{"allow":["GET"]}}],"collection":[{"href":"https:\/\/gltestm.webology.pl\/pl\/wp-json\/wp\/v2\/product"}],"about":[{"href":"https:\/\/gltestm.webology.pl\/pl\/wp-json\/wp\/v2\/types\/product"}],"replies":[{"embeddable":true,"href":"https:\/\/gltestm.webology.pl\/pl\/wp-json\/wp\/v2\/comments?post=11845"}],"version-history":[{"count":0,"href":"https:\/\/gltestm.webology.pl\/pl\/wp-json\/wp\/v2\/product\/11845\/revisions"}],"wp:featuredmedia":[{"embeddable":true,"href":"https:\/\/gltestm.webology.pl\/pl\/wp-json\/wp\/v2\/media\/15100"}],"wp:attachment":[{"href":"https:\/\/gltestm.webology.pl\/pl\/wp-json\/wp\/v2\/media?parent=11845"}],"wp:term":[{"taxonomy":"product_brand","embeddable":true,"href":"https:\/\/gltestm.webology.pl\/pl\/wp-json\/wp\/v2\/product_brand?post=11845"},{"taxonomy":"product_cat","embeddable":true,"href":"https:\/\/gltestm.webology.pl\/pl\/wp-json\/wp\/v2\/product_cat?post=11845"},{"taxonomy":"product_tag","embeddable":true,"href":"https:\/\/gltestm.webology.pl\/pl\/wp-json\/wp\/v2\/product_tag?post=11845"}],"curies":[{"name":"wp","href":"https:\/\/api.w.org\/{rel}","templated":true}]}}