{"id":11842,"date":"2026-03-18T22:03:41","date_gmt":"2026-03-18T21:03:41","guid":{"rendered":"https:\/\/gltestm.webology.pl\/produkt\/naparstek-metalowy\/"},"modified":"2026-03-22T21:47:34","modified_gmt":"2026-03-22T20:47:34","slug":"naparstek-metalowy","status":"publish","type":"product","link":"https:\/\/gltestm.webology.pl\/pl\/produkt\/naparstek-metalowy\/","title":{"rendered":"Naparstek metalowy"},"content":{"rendered":"<p>Kapturek ochronny nak\u0142adany na palec podczas szycia. Zabezpiecza przed uk\u0142uciem si\u0119 ig\u0142\u0105 podczas wbijania jej w twardy materia\u0142.<\/p>\n","protected":false},"excerpt":{"rendered":"<p>Naparstek s\u0142u\u017cy jako ochrona palca podczas szycia r\u0119cznego<\/p>\n","protected":false},"featured_media":13859,"comment_status":"open","ping_status":"closed","template":"","meta":[],"product_brand":[],"product_cat":[343],"product_tag":[],"class_list":{"0":"post-11842","1":"product","2":"type-product","3":"status-publish","4":"has-post-thumbnail","6":"product_cat-naparstki","8":"first","9":"instock","10":"taxable","11":"shipping-taxable","12":"purchasable","13":"product-type-simple"},"_links":{"self":[{"href":"https:\/\/gltestm.webology.pl\/pl\/wp-json\/wp\/v2\/product\/11842","targetHints":{"allow":["GET"]}}],"collection":[{"href":"https:\/\/gltestm.webology.pl\/pl\/wp-json\/wp\/v2\/product"}],"about":[{"href":"https:\/\/gltestm.webology.pl\/pl\/wp-json\/wp\/v2\/types\/product"}],"replies":[{"embeddable":true,"href":"https:\/\/gltestm.webology.pl\/pl\/wp-json\/wp\/v2\/comments?post=11842"}],"version-history":[{"count":0,"href":"https:\/\/gltestm.webology.pl\/pl\/wp-json\/wp\/v2\/product\/11842\/revisions"}],"wp:featuredmedia":[{"embeddable":true,"href":"https:\/\/gltestm.webology.pl\/pl\/wp-json\/wp\/v2\/media\/13859"}],"wp:attachment":[{"href":"https:\/\/gltestm.webology.pl\/pl\/wp-json\/wp\/v2\/media?parent=11842"}],"wp:term":[{"taxonomy":"product_brand","embeddable":true,"href":"https:\/\/gltestm.webology.pl\/pl\/wp-json\/wp\/v2\/product_brand?post=11842"},{"taxonomy":"product_cat","embeddable":true,"href":"https:\/\/gltestm.webology.pl\/pl\/wp-json\/wp\/v2\/product_cat?post=11842"},{"taxonomy":"product_tag","embeddable":true,"href":"https:\/\/gltestm.webology.pl\/pl\/wp-json\/wp\/v2\/product_tag?post=11842"}],"curies":[{"name":"wp","href":"https:\/\/api.w.org\/{rel}","templated":true}]}}