{"id":11841,"date":"2026-03-18T22:03:41","date_gmt":"2026-03-18T21:03:41","guid":{"rendered":"https:\/\/gltestm.webology.pl\/produkt\/agrafki-komplet-12-sztuk\/"},"modified":"2026-03-22T21:47:32","modified_gmt":"2026-03-22T20:47:32","slug":"agrafki-komplet-12-sztuk","status":"publish","type":"product","link":"https:\/\/gltestm.webology.pl\/pl\/produkt\/agrafki-komplet-12-sztuk\/","title":{"rendered":"Agrafki komplet 12 sztuk"},"content":{"rendered":"<h2><strong>Agrafki \u2013 niezb\u0119dny produkt <\/strong><\/h2>\n<p>To niest\u0119piony produkt w ka\u017cdym domu. Pos\u0142u\u017c\u0105 nam do szybkiego po\u0142\u0105czenie dw\u00f3ch cz\u0119\u015bci materia\u0142u oraz dopinania r\u00f3\u017cnych element\u00f3w do ubra\u0144 i dekoracji. Mo\u017cemy nimi spi\u0105\u0107 r\u00f3wnie\u017c banda\u017ce oraz chusty tr\u00f3jk\u0105tne.<\/p>\n<h2><strong>U\u017cycie w krawiectwie<\/strong><\/h2>\n<p>W krawiectwie cz\u0119sto s\u0105 wykorzystywane do wci\u0105gania sznurka, wst\u0105\u017cki do uszytego wcze\u015bniej tunelu \u2013 w kapturach bluz, plecakach czy te\u017c wszelakich workach.<\/p>\n<h2><strong>Zawarto\u015b\u0107 kompletu<\/strong><\/h2>\n<p>Zestaw zawiera 12 szt. agrafek w jednym rozmiarze \u2013 28 mm. Ka\u017cda jest wykonana ze stali hartowanej, co zapewnia wy\u017csz\u0105 wytrzyma\u0142o\u015b\u0107 podczas prac.<\/p>\n","protected":false},"excerpt":{"rendered":"<p>Zestaw 12 szt. agrafek w rozmiarze 28 mm.<\/p>\n","protected":false},"featured_media":15023,"comment_status":"open","ping_status":"closed","template":"","meta":[],"product_brand":[],"product_cat":[738],"product_tag":[],"class_list":{"0":"post-11841","1":"product","2":"type-product","3":"status-publish","4":"has-post-thumbnail","6":"product_cat-szpilki-agrafki-i-poduszeczki","8":"first","9":"instock","10":"taxable","11":"shipping-taxable","12":"purchasable","13":"product-type-simple"},"_links":{"self":[{"href":"https:\/\/gltestm.webology.pl\/pl\/wp-json\/wp\/v2\/product\/11841","targetHints":{"allow":["GET"]}}],"collection":[{"href":"https:\/\/gltestm.webology.pl\/pl\/wp-json\/wp\/v2\/product"}],"about":[{"href":"https:\/\/gltestm.webology.pl\/pl\/wp-json\/wp\/v2\/types\/product"}],"replies":[{"embeddable":true,"href":"https:\/\/gltestm.webology.pl\/pl\/wp-json\/wp\/v2\/comments?post=11841"}],"version-history":[{"count":0,"href":"https:\/\/gltestm.webology.pl\/pl\/wp-json\/wp\/v2\/product\/11841\/revisions"}],"wp:featuredmedia":[{"embeddable":true,"href":"https:\/\/gltestm.webology.pl\/pl\/wp-json\/wp\/v2\/media\/15023"}],"wp:attachment":[{"href":"https:\/\/gltestm.webology.pl\/pl\/wp-json\/wp\/v2\/media?parent=11841"}],"wp:term":[{"taxonomy":"product_brand","embeddable":true,"href":"https:\/\/gltestm.webology.pl\/pl\/wp-json\/wp\/v2\/product_brand?post=11841"},{"taxonomy":"product_cat","embeddable":true,"href":"https:\/\/gltestm.webology.pl\/pl\/wp-json\/wp\/v2\/product_cat?post=11841"},{"taxonomy":"product_tag","embeddable":true,"href":"https:\/\/gltestm.webology.pl\/pl\/wp-json\/wp\/v2\/product_tag?post=11841"}],"curies":[{"name":"wp","href":"https:\/\/api.w.org\/{rel}","templated":true}]}}