{"id":11840,"date":"2026-03-18T22:03:40","date_gmt":"2026-03-18T21:03:40","guid":{"rendered":"https:\/\/gltestm.webology.pl\/produkt\/miarka-krawiecka-mix-samonawijajaca-sie\/"},"modified":"2026-03-22T22:08:31","modified_gmt":"2026-03-22T21:08:31","slug":"miarka-krawiecka-mix-samonawijajaca-sie","status":"publish","type":"product","link":"https:\/\/gltestm.webology.pl\/pl\/produkt\/miarka-krawiecka-mix-samonawijajaca-sie\/","title":{"rendered":"Miarka krawiecka MIX samonawijaj\u0105ca si\u0119"},"content":{"rendered":"<h2><strong>Skala miarki<\/strong><\/h2>\n<p>Centymetr mo\u017cna rozwin\u0105\u0107 na d\u0142ugo\u015b\u0107 150 cm. Miarka jest dwustronna, na jednej stronie miara jest podana w centymetrach a po drugiej w calach.<\/p>\n<h2><strong>Co mo\u017cemy zmierzy\u0107?<\/strong><\/h2>\n<p>Dwustronna miarka krawiecka jest niezast\u0105pionym pomocnikiem nie tylko podczas szycia i tworzeniu wykroj&oacute;w, ale r&oacute;wnie\u017c w \u017cyciu codziennym, kiedy na szybko potrzebujemy co\u015b zmierzy\u0107.<\/p>\n<p>Dzi\u0119ki centymetrowi bez problemu zmierzymy r&oacute;wnie\u017c wymiary sylwetki.<\/p>\n<p>Samonawijaj\u0105ca si\u0119 miarka jest wykonana z elastycznego tworzywa, dzi\u0119ki czemu \u0142atwo dopasuje si\u0119 do mierzonego kszta\u0142tu.<\/p>\n<p>Centymetr wyst\u0119puje w trzech kolorach: czerwony, \u017c&oacute;\u0142ty i niebieski. Oferta dotyczy jednej sztuki. Kolor wysy\u0142amy losowo!<\/p>\n","protected":false},"excerpt":{"rendered":"<p>Miarka krawiecka samonawijaj\u0105ca si\u0119 o d\u0142ugo\u015bci 150 cm. Wyst\u0119puje w trzech kolorach: czerwony, niebieski i \u017c\u00f3\u0142ty.<\/p>\n","protected":false},"featured_media":15906,"comment_status":"open","ping_status":"closed","template":"","meta":[],"product_brand":[],"product_cat":[753],"product_tag":[],"class_list":{"0":"post-11840","1":"product","2":"type-product","3":"status-publish","4":"has-post-thumbnail","6":"product_cat-miary-linijki-i-cyrkle","8":"first","9":"instock","10":"taxable","11":"shipping-taxable","12":"purchasable","13":"product-type-simple"},"_links":{"self":[{"href":"https:\/\/gltestm.webology.pl\/pl\/wp-json\/wp\/v2\/product\/11840","targetHints":{"allow":["GET"]}}],"collection":[{"href":"https:\/\/gltestm.webology.pl\/pl\/wp-json\/wp\/v2\/product"}],"about":[{"href":"https:\/\/gltestm.webology.pl\/pl\/wp-json\/wp\/v2\/types\/product"}],"replies":[{"embeddable":true,"href":"https:\/\/gltestm.webology.pl\/pl\/wp-json\/wp\/v2\/comments?post=11840"}],"version-history":[{"count":0,"href":"https:\/\/gltestm.webology.pl\/pl\/wp-json\/wp\/v2\/product\/11840\/revisions"}],"wp:featuredmedia":[{"embeddable":true,"href":"https:\/\/gltestm.webology.pl\/pl\/wp-json\/wp\/v2\/media\/15906"}],"wp:attachment":[{"href":"https:\/\/gltestm.webology.pl\/pl\/wp-json\/wp\/v2\/media?parent=11840"}],"wp:term":[{"taxonomy":"product_brand","embeddable":true,"href":"https:\/\/gltestm.webology.pl\/pl\/wp-json\/wp\/v2\/product_brand?post=11840"},{"taxonomy":"product_cat","embeddable":true,"href":"https:\/\/gltestm.webology.pl\/pl\/wp-json\/wp\/v2\/product_cat?post=11840"},{"taxonomy":"product_tag","embeddable":true,"href":"https:\/\/gltestm.webology.pl\/pl\/wp-json\/wp\/v2\/product_tag?post=11840"}],"curies":[{"name":"wp","href":"https:\/\/api.w.org\/{rel}","templated":true}]}}