{"id":11838,"date":"2026-03-18T22:03:40","date_gmt":"2026-03-18T21:03:40","guid":{"rendered":"https:\/\/gltestm.webology.pl\/produkt\/centymetr-krawiecki-dwustronny\/"},"modified":"2026-03-22T21:47:24","modified_gmt":"2026-03-22T20:47:24","slug":"centymetr-krawiecki-dwustronny","status":"publish","type":"product","link":"https:\/\/gltestm.webology.pl\/pl\/produkt\/centymetr-krawiecki-dwustronny\/","title":{"rendered":"Centymetr krawiecki dwustronny"},"content":{"rendered":"<h2><strong>Miarka krawiecka &#8211; u\u017cycie<\/strong><\/h2>\n<p>Dwustronna miarka krawiecka jest niezast\u0105pionym pomocnikiem podczas szycia i tworzeniu wykroj&oacute;w. \u0141atwo zmierzymy ni\u0105 r&oacute;wnie\u017c sylwetk\u0119.<\/p>\n<h2><strong>Skala centymetra<\/strong><\/h2>\n<p>Miarka w centymetrze znajduje si\u0119 z obu stron, na odwrocie 150 cm jest 0 cm, 149 jest 1 cm, itd. D\u0142ugo\u015b\u0107 centymetra to 150 cm, a szeroko\u015b\u0107 ok. 1,6 cm.<\/p>\n<h2><strong>Wykonanie<\/strong><\/h2>\n<p>Jest wykonany z elastycznego tworzywa, dzi\u0119ki czemu \u0142atwo dopasujemy go do mierzonego kszta\u0142tu.<\/p>\n<p>Kolor centymetra wysy\u0142any jest losowo!<\/p>\n","protected":false},"excerpt":{"rendered":"<p>Miara krawiecka dwustronna o d\u0142ugo\u015bci 150 cm.<\/p>\n","protected":false},"featured_media":13901,"comment_status":"open","ping_status":"closed","template":"","meta":[],"product_brand":[],"product_cat":[753],"product_tag":[],"class_list":{"0":"post-11838","1":"product","2":"type-product","3":"status-publish","4":"has-post-thumbnail","6":"product_cat-miary-linijki-i-cyrkle","8":"first","9":"instock","10":"taxable","11":"shipping-taxable","12":"purchasable","13":"product-type-simple"},"_links":{"self":[{"href":"https:\/\/gltestm.webology.pl\/pl\/wp-json\/wp\/v2\/product\/11838","targetHints":{"allow":["GET"]}}],"collection":[{"href":"https:\/\/gltestm.webology.pl\/pl\/wp-json\/wp\/v2\/product"}],"about":[{"href":"https:\/\/gltestm.webology.pl\/pl\/wp-json\/wp\/v2\/types\/product"}],"replies":[{"embeddable":true,"href":"https:\/\/gltestm.webology.pl\/pl\/wp-json\/wp\/v2\/comments?post=11838"}],"version-history":[{"count":0,"href":"https:\/\/gltestm.webology.pl\/pl\/wp-json\/wp\/v2\/product\/11838\/revisions"}],"wp:featuredmedia":[{"embeddable":true,"href":"https:\/\/gltestm.webology.pl\/pl\/wp-json\/wp\/v2\/media\/13901"}],"wp:attachment":[{"href":"https:\/\/gltestm.webology.pl\/pl\/wp-json\/wp\/v2\/media?parent=11838"}],"wp:term":[{"taxonomy":"product_brand","embeddable":true,"href":"https:\/\/gltestm.webology.pl\/pl\/wp-json\/wp\/v2\/product_brand?post=11838"},{"taxonomy":"product_cat","embeddable":true,"href":"https:\/\/gltestm.webology.pl\/pl\/wp-json\/wp\/v2\/product_cat?post=11838"},{"taxonomy":"product_tag","embeddable":true,"href":"https:\/\/gltestm.webology.pl\/pl\/wp-json\/wp\/v2\/product_tag?post=11838"}],"curies":[{"name":"wp","href":"https:\/\/api.w.org\/{rel}","templated":true}]}}