{"id":11837,"date":"2026-03-18T22:03:40","date_gmt":"2026-03-18T21:03:40","guid":{"rendered":"https:\/\/gltestm.webology.pl\/produkt\/szpilki-ze-szklanym-lebkiem-dl-48-mm\/"},"modified":"2026-03-22T21:47:18","modified_gmt":"2026-03-22T20:47:18","slug":"szpilki-ze-szklanym-lebkiem-dl-48-mm","status":"publish","type":"product","link":"https:\/\/gltestm.webology.pl\/pl\/produkt\/szpilki-ze-szklanym-lebkiem-dl-48-mm\/","title":{"rendered":"Szpilki ze szklanym \u0142ebkiem d\u0142. 48 mm"},"content":{"rendered":"<p>Szpilki krawieckie ze szklanymi g\u0142\u00f3wkami s\u0105 dobrze widoczne, dobrze si\u0119 wbijaj\u0105 i trzymaj\u0105. Szpileczki s\u0105 wysokiej jako\u015bci, nie\u0142ami\u0105ce si\u0119 i, w por\u00f3wnaniu do szpileczek metalowych, s\u0105 nieco elastyczne. Szpilki zapakowane w plastikowym pude\u0142eczku.<\/p>\n<p>Waga: 30 g<\/p>\n<p>Zawarto\u015b\u0107 opakowania: oko\u0142o 140 sztuk<\/p>\n","protected":false},"excerpt":{"rendered":"<p>Szpilki ze szklanym \u0142ebkiem d\u0142. 48 mm<\/p>\n","protected":false},"featured_media":13831,"comment_status":"open","ping_status":"closed","template":"","meta":[],"product_brand":[],"product_cat":[738],"product_tag":[],"class_list":{"0":"post-11837","1":"product","2":"type-product","3":"status-publish","4":"has-post-thumbnail","6":"product_cat-szpilki-agrafki-i-poduszeczki","8":"first","9":"instock","10":"taxable","11":"shipping-taxable","12":"purchasable","13":"product-type-simple"},"_links":{"self":[{"href":"https:\/\/gltestm.webology.pl\/pl\/wp-json\/wp\/v2\/product\/11837","targetHints":{"allow":["GET"]}}],"collection":[{"href":"https:\/\/gltestm.webology.pl\/pl\/wp-json\/wp\/v2\/product"}],"about":[{"href":"https:\/\/gltestm.webology.pl\/pl\/wp-json\/wp\/v2\/types\/product"}],"replies":[{"embeddable":true,"href":"https:\/\/gltestm.webology.pl\/pl\/wp-json\/wp\/v2\/comments?post=11837"}],"version-history":[{"count":0,"href":"https:\/\/gltestm.webology.pl\/pl\/wp-json\/wp\/v2\/product\/11837\/revisions"}],"wp:featuredmedia":[{"embeddable":true,"href":"https:\/\/gltestm.webology.pl\/pl\/wp-json\/wp\/v2\/media\/13831"}],"wp:attachment":[{"href":"https:\/\/gltestm.webology.pl\/pl\/wp-json\/wp\/v2\/media?parent=11837"}],"wp:term":[{"taxonomy":"product_brand","embeddable":true,"href":"https:\/\/gltestm.webology.pl\/pl\/wp-json\/wp\/v2\/product_brand?post=11837"},{"taxonomy":"product_cat","embeddable":true,"href":"https:\/\/gltestm.webology.pl\/pl\/wp-json\/wp\/v2\/product_cat?post=11837"},{"taxonomy":"product_tag","embeddable":true,"href":"https:\/\/gltestm.webology.pl\/pl\/wp-json\/wp\/v2\/product_tag?post=11837"}],"curies":[{"name":"wp","href":"https:\/\/api.w.org\/{rel}","templated":true}]}}