{"id":11830,"date":"2026-03-18T22:03:38","date_gmt":"2026-03-18T21:03:38","guid":{"rendered":"https:\/\/gltestm.webology.pl\/produkt\/noz-krazkowy-do-ciecia-materialu-28-mm\/"},"modified":"2026-03-22T22:11:08","modified_gmt":"2026-03-22T21:11:08","slug":"noz-krazkowy-do-ciecia-materialu-28-mm","status":"publish","type":"product","link":"https:\/\/gltestm.webology.pl\/pl\/produkt\/noz-krazkowy-do-ciecia-materialu-28-mm\/","title":{"rendered":"N\u00f3\u017c kr\u0105\u017ckowy do ci\u0119cia materia\u0142u 28 mm"},"content":{"rendered":"<h2>N&oacute;\u017c kr\u0105\u017ckowy do ci\u0119cia tkaniny<\/h2>\n<p>N&oacute;\u017c z obrotowym ostrzem o \u015brednicy 28 mm do ci\u0119cia tkanin wzd\u0142u\u017c linii prostych, jak i po krzywiznach. Bez trudu poradzi sobie z wieloma warstwami materia\u0142u. Ma\u0142a \u015brednica ostrza, pomaga przy bardziej precyzyjnych fragmentach ci\u0119cia i u\u0142atwia ci\u0119cie \u0142uk&oacute;w.<\/p>\n<h2>Zastosowanie w innych technikach<\/h2>\n<p>\u015awietnie sprawdzi si\u0119 r&oacute;wnie\u017c przy innych technikach takich jak scrapbooking, quilling czy patchwork. Bez trudu mog\u0105 si\u0119 nim pos\u0142ugiwa\u0107 r&oacute;wnie\u017c lewor\u0119czni &ndash; wystarczy prze\u0142o\u017cy\u0107 ostrze na drug\u0105 stron\u0119. N&oacute;\u017c kr\u0105\u017ckowy jest polecany dla profesjonalist&oacute;w, jak i zaawansowanych amator&oacute;w.<\/p>\n<h2>Bezpieczne u\u017cywanie no\u017ca obrotowego<\/h2>\n<p>Ci\u0119cie no\u017cem kr\u0105\u017ckowym mo\u017cliwe jest jedynie na macie podk\u0142adowej. Ostrze jest wykonane z twardej stali wolframowej i pr&oacute;ba ci\u0119cia na innym pod\u0142o\u017cu spowoduje jego szybkie uszkodzenie.<\/p>\n<p>Ostrze jest chowane, dzi\u0119ki czemu mo\u017cemy je w szybki spos&oacute;b zabezpieczy\u0107, gdy nie u\u017cywamy produktu. Wymienne <a href=\"https:\/\/galerialucznik.pl\/pl\/products\/przybory-do-szycia\/akcesoria-krawieckie\/noze-noze-krazkowe-i-przecinaki\/ostrze-do-noza-krazkowego-28-mm-proste-1092.html\" target=\"_blank\" rel=\"noopener\">ostrza<\/a> zakupisz na naszej stronie. <\/p>\n","protected":false},"excerpt":{"rendered":"<p>No\u017cyk kr\u0105\u017ckowy z obrotowymi ostrzem o \u015brednicy 28 mm.<\/p>\n","protected":false},"featured_media":14230,"comment_status":"open","ping_status":"closed","template":"","meta":[],"product_brand":[],"product_cat":[758],"product_tag":[],"class_list":{"0":"post-11830","1":"product","2":"type-product","3":"status-publish","4":"has-post-thumbnail","6":"product_cat-noze-noze-krazkowe-i-przecinaki","8":"first","9":"instock","10":"taxable","11":"shipping-taxable","12":"purchasable","13":"product-type-simple"},"_links":{"self":[{"href":"https:\/\/gltestm.webology.pl\/pl\/wp-json\/wp\/v2\/product\/11830","targetHints":{"allow":["GET"]}}],"collection":[{"href":"https:\/\/gltestm.webology.pl\/pl\/wp-json\/wp\/v2\/product"}],"about":[{"href":"https:\/\/gltestm.webology.pl\/pl\/wp-json\/wp\/v2\/types\/product"}],"replies":[{"embeddable":true,"href":"https:\/\/gltestm.webology.pl\/pl\/wp-json\/wp\/v2\/comments?post=11830"}],"version-history":[{"count":0,"href":"https:\/\/gltestm.webology.pl\/pl\/wp-json\/wp\/v2\/product\/11830\/revisions"}],"wp:featuredmedia":[{"embeddable":true,"href":"https:\/\/gltestm.webology.pl\/pl\/wp-json\/wp\/v2\/media\/14230"}],"wp:attachment":[{"href":"https:\/\/gltestm.webology.pl\/pl\/wp-json\/wp\/v2\/media?parent=11830"}],"wp:term":[{"taxonomy":"product_brand","embeddable":true,"href":"https:\/\/gltestm.webology.pl\/pl\/wp-json\/wp\/v2\/product_brand?post=11830"},{"taxonomy":"product_cat","embeddable":true,"href":"https:\/\/gltestm.webology.pl\/pl\/wp-json\/wp\/v2\/product_cat?post=11830"},{"taxonomy":"product_tag","embeddable":true,"href":"https:\/\/gltestm.webology.pl\/pl\/wp-json\/wp\/v2\/product_tag?post=11830"}],"curies":[{"name":"wp","href":"https:\/\/api.w.org\/{rel}","templated":true}]}}