{"id":11824,"date":"2026-03-18T22:03:37","date_gmt":"2026-03-18T21:03:37","guid":{"rendered":"https:\/\/gltestm.webology.pl\/produkt\/magnetyczna-podkladka-na-igly-i-szpilki\/"},"modified":"2026-03-22T21:47:04","modified_gmt":"2026-03-22T20:47:04","slug":"magnetyczna-podkladka-na-igly-i-szpilki","status":"publish","type":"product","link":"https:\/\/gltestm.webology.pl\/pl\/produkt\/magnetyczna-podkladka-na-igly-i-szpilki\/","title":{"rendered":"Magnetyczna podk\u0142adka na ig\u0142y i szpilki"},"content":{"rendered":"<h2>Magnetyczna podk\u0142adka<\/h2>\n<p>Jest to plastikowa podk\u0142adka posiadaj\u0105ca w \u015brodku magnes, dzi\u0119ki czemu przyci\u0105ga wszystkie drobne elementy metalowe. Owalny kszta\u0142t sprawia, \u017ce podk\u0142adka doskonale le\u017cy w d\u0142oni. \u015awietnie sprawdzi si\u0119 jako podk\u0142adka na ig\u0142y, szpilki, spinacze i inne metalowe elementy krawieckie.<\/p>\n<p>Jest solidnie wykonana i niezwykle praktyczna. Podk\u0142adka sprawi, \u017ce zapomnisz o pogubionych szpilkach i stworzysz czyste, bezpieczne miejsce pracy.<\/p>\n","protected":false},"excerpt":{"rendered":"<p>Bardzo przydatna magnetyczna podk\u0142adka na ig\u0142y i szpilki zapobiegaj\u0105ca przypadkowemu rozsypywaniu si\u0119 igie\u0142, szpilek czy agrafek.<\/p>\n","protected":false},"featured_media":13524,"comment_status":"open","ping_status":"closed","template":"","meta":[],"product_brand":[],"product_cat":[738],"product_tag":[],"class_list":{"0":"post-11824","1":"product","2":"type-product","3":"status-publish","4":"has-post-thumbnail","6":"product_cat-szpilki-agrafki-i-poduszeczki","8":"first","9":"instock","10":"taxable","11":"shipping-taxable","12":"purchasable","13":"product-type-simple"},"_links":{"self":[{"href":"https:\/\/gltestm.webology.pl\/pl\/wp-json\/wp\/v2\/product\/11824","targetHints":{"allow":["GET"]}}],"collection":[{"href":"https:\/\/gltestm.webology.pl\/pl\/wp-json\/wp\/v2\/product"}],"about":[{"href":"https:\/\/gltestm.webology.pl\/pl\/wp-json\/wp\/v2\/types\/product"}],"replies":[{"embeddable":true,"href":"https:\/\/gltestm.webology.pl\/pl\/wp-json\/wp\/v2\/comments?post=11824"}],"version-history":[{"count":0,"href":"https:\/\/gltestm.webology.pl\/pl\/wp-json\/wp\/v2\/product\/11824\/revisions"}],"wp:featuredmedia":[{"embeddable":true,"href":"https:\/\/gltestm.webology.pl\/pl\/wp-json\/wp\/v2\/media\/13524"}],"wp:attachment":[{"href":"https:\/\/gltestm.webology.pl\/pl\/wp-json\/wp\/v2\/media?parent=11824"}],"wp:term":[{"taxonomy":"product_brand","embeddable":true,"href":"https:\/\/gltestm.webology.pl\/pl\/wp-json\/wp\/v2\/product_brand?post=11824"},{"taxonomy":"product_cat","embeddable":true,"href":"https:\/\/gltestm.webology.pl\/pl\/wp-json\/wp\/v2\/product_cat?post=11824"},{"taxonomy":"product_tag","embeddable":true,"href":"https:\/\/gltestm.webology.pl\/pl\/wp-json\/wp\/v2\/product_tag?post=11824"}],"curies":[{"name":"wp","href":"https:\/\/api.w.org\/{rel}","templated":true}]}}