{"id":11822,"date":"2026-03-18T22:03:37","date_gmt":"2026-03-18T21:03:37","guid":{"rendered":"https:\/\/gltestm.webology.pl\/produkt\/linijka-do-mierzenia-sciegow\/"},"modified":"2026-03-22T21:46:59","modified_gmt":"2026-03-22T20:46:59","slug":"linijka-do-mierzenia-sciegow","status":"publish","type":"product","link":"https:\/\/gltestm.webology.pl\/pl\/produkt\/linijka-do-mierzenia-sciegow\/","title":{"rendered":"Linijka do mierzenia \u015bcieg\u00f3w"},"content":{"rendered":"<h2>U\u017cycie<\/h2>\n<p>Praktyczna miarka krawiecka z licznikiem \u015bcieg&oacute;w oraz karbowanymi kraw\u0119dziami b\u0119dzie niezast\u0105pion\u0105 pomoc\u0105 w ka\u017cdej pracowni krawieckiej. \u015awietnie sprawdzi si\u0119 do zaznaczania, robienia zak\u0142adek oraz wyka\u0144czania brzeg&oacute;w. Dzi\u0119ki naci\u0119ciom na centymetrowej skali, idealnie nadaje si\u0119 do zaznaczania d\u0142ugo\u015bci \u015bciegu, a tak\u017ce do zaznaczania naci\u0119\u0107 na materiale. \u0141atwo wyznaczymy ni\u0105 zapas na szwy podczas odrysowywania wykroju, odmierzymy wielko\u015b\u0107 dziurki na guzik czy oznakujemy wykr&oacute;j. Jest idealna do uk\u0142adania obszy\u0107 i fa\u0142d.<\/p>\n<h2>Skala przymiaru<\/h2>\n<p>Linijka do znakowania posiada wyra\u017an\u0105 i dok\u0142adn\u0105 podzia\u0142k\u0119 do <strong>20 cm<\/strong> po obu stronach. Nie posiada marginesu, dzi\u0119ki czemu miara rozpoczyna si\u0119 w raz z pocz\u0105tkiem linijki.<\/p>\n<p>Jest wykonana z elastycznego tworzywa.<\/p>\n","protected":false},"excerpt":{"rendered":"<p>Miarka krawiecka do znakowania o d\u0142ugo\u015bci 20 cm.<\/p>\n","protected":false},"featured_media":13177,"comment_status":"open","ping_status":"closed","template":"","meta":[],"product_brand":[],"product_cat":[753],"product_tag":[],"class_list":{"0":"post-11822","1":"product","2":"type-product","3":"status-publish","4":"has-post-thumbnail","6":"product_cat-miary-linijki-i-cyrkle","8":"first","9":"instock","10":"taxable","11":"shipping-taxable","12":"purchasable","13":"product-type-simple"},"_links":{"self":[{"href":"https:\/\/gltestm.webology.pl\/pl\/wp-json\/wp\/v2\/product\/11822","targetHints":{"allow":["GET"]}}],"collection":[{"href":"https:\/\/gltestm.webology.pl\/pl\/wp-json\/wp\/v2\/product"}],"about":[{"href":"https:\/\/gltestm.webology.pl\/pl\/wp-json\/wp\/v2\/types\/product"}],"replies":[{"embeddable":true,"href":"https:\/\/gltestm.webology.pl\/pl\/wp-json\/wp\/v2\/comments?post=11822"}],"version-history":[{"count":0,"href":"https:\/\/gltestm.webology.pl\/pl\/wp-json\/wp\/v2\/product\/11822\/revisions"}],"wp:featuredmedia":[{"embeddable":true,"href":"https:\/\/gltestm.webology.pl\/pl\/wp-json\/wp\/v2\/media\/13177"}],"wp:attachment":[{"href":"https:\/\/gltestm.webology.pl\/pl\/wp-json\/wp\/v2\/media?parent=11822"}],"wp:term":[{"taxonomy":"product_brand","embeddable":true,"href":"https:\/\/gltestm.webology.pl\/pl\/wp-json\/wp\/v2\/product_brand?post=11822"},{"taxonomy":"product_cat","embeddable":true,"href":"https:\/\/gltestm.webology.pl\/pl\/wp-json\/wp\/v2\/product_cat?post=11822"},{"taxonomy":"product_tag","embeddable":true,"href":"https:\/\/gltestm.webology.pl\/pl\/wp-json\/wp\/v2\/product_tag?post=11822"}],"curies":[{"name":"wp","href":"https:\/\/api.w.org\/{rel}","templated":true}]}}