{"id":11812,"date":"2026-03-18T22:03:35","date_gmt":"2026-03-18T21:03:35","guid":{"rendered":"https:\/\/gltestm.webology.pl\/produkt\/igly-z-podwojnym-uchem-clover\/"},"modified":"2026-03-22T21:46:55","modified_gmt":"2026-03-22T20:46:55","slug":"igly-z-podwojnym-uchem-clover","status":"publish","type":"product","link":"https:\/\/gltestm.webology.pl\/pl\/produkt\/igly-z-podwojnym-uchem-clover\/","title":{"rendered":"Ig\u0142y z podw\u00f3jnym uchem Clover"},"content":{"rendered":"<p><span><span><span><span><strong>Ig\u0142y r\u0119czne do przewlekania z podw\u00f3jnym uchem.<\/strong><\/span><\/span><\/span><\/span><\/p>\n<p><span><span><span><span><span><span><span><span><span><strong>W<\/strong><\/span><\/span><\/span><\/span><\/span><\/span><\/span><\/span><span><span><span><span><span><span><span><span><strong> blistrze <\/strong><\/span><\/span><\/span><\/span><\/span><\/span><\/span><\/span><span><span><span><span><span><span><span><span><strong>znajduj\u0105 si\u0119<\/strong><\/span><\/span><\/span><\/span><\/span><\/span><\/span><\/span><span><span><span><span><span><span><span><span><strong> ig\u0142y:<\/strong><\/span><\/span><\/span><\/span><\/span><\/span><\/span><\/span><\/span><\/p>\n<p><span><span><span><span><span><span><span>nr 15   1,80 x 60,0 mm<br \/> nr 17   1,35 x 54,6 mm<br \/> nr 201  <\/span><\/span><\/span><\/span><\/span><\/span><\/span><span><span><span><span><span><span><span>1,<\/span><\/span><\/span><\/span><\/span><\/span><\/span><span><span><span><span><span><span><span>7 x 45,5 mm<\/span><\/span><\/span><\/span><\/span><\/span><\/span><\/p>\n","protected":false},"excerpt":{"rendered":"<p>Zestaw ostrych i t\u0119pych igie\u0142 do haftu z podw\u00f3jnym uszkiem (grube)<\/p>\n","protected":false},"featured_media":15401,"comment_status":"open","ping_status":"closed","template":"","meta":[],"product_brand":[],"product_cat":[358],"product_tag":[],"class_list":{"0":"post-11812","1":"product","2":"type-product","3":"status-publish","4":"has-post-thumbnail","6":"product_cat-igly","8":"first","9":"instock","10":"taxable","11":"shipping-taxable","12":"purchasable","13":"product-type-simple"},"_links":{"self":[{"href":"https:\/\/gltestm.webology.pl\/pl\/wp-json\/wp\/v2\/product\/11812","targetHints":{"allow":["GET"]}}],"collection":[{"href":"https:\/\/gltestm.webology.pl\/pl\/wp-json\/wp\/v2\/product"}],"about":[{"href":"https:\/\/gltestm.webology.pl\/pl\/wp-json\/wp\/v2\/types\/product"}],"replies":[{"embeddable":true,"href":"https:\/\/gltestm.webology.pl\/pl\/wp-json\/wp\/v2\/comments?post=11812"}],"version-history":[{"count":0,"href":"https:\/\/gltestm.webology.pl\/pl\/wp-json\/wp\/v2\/product\/11812\/revisions"}],"wp:featuredmedia":[{"embeddable":true,"href":"https:\/\/gltestm.webology.pl\/pl\/wp-json\/wp\/v2\/media\/15401"}],"wp:attachment":[{"href":"https:\/\/gltestm.webology.pl\/pl\/wp-json\/wp\/v2\/media?parent=11812"}],"wp:term":[{"taxonomy":"product_brand","embeddable":true,"href":"https:\/\/gltestm.webology.pl\/pl\/wp-json\/wp\/v2\/product_brand?post=11812"},{"taxonomy":"product_cat","embeddable":true,"href":"https:\/\/gltestm.webology.pl\/pl\/wp-json\/wp\/v2\/product_cat?post=11812"},{"taxonomy":"product_tag","embeddable":true,"href":"https:\/\/gltestm.webology.pl\/pl\/wp-json\/wp\/v2\/product_tag?post=11812"}],"curies":[{"name":"wp","href":"https:\/\/api.w.org\/{rel}","templated":true}]}}