{"id":11808,"date":"2026-03-18T22:03:35","date_gmt":"2026-03-18T21:03:35","guid":{"rendered":"https:\/\/gltestm.webology.pl\/produkt\/igly-do-quiltingu-hawajskie-2007\/"},"modified":"2026-03-18T22:27:18","modified_gmt":"2026-03-18T21:27:18","slug":"igly-do-quiltingu-hawajskie-2007","status":"publish","type":"product","link":"https:\/\/gltestm.webology.pl\/pl\/produkt\/igly-do-quiltingu-hawajskie-2007\/","title":{"rendered":"Ig\u0142y do Quiltingu hawajskie 2007"},"content":{"rendered":"<p>W blistrze znajduj\u0105 si\u0119 ig\u0142y:<\/p>\n<p>0,69&#215;46,8 mm &#8211; 2 szt. do fastrygowania<\/p>\n<p>0,46&#215;28,8 mm &#8211; 2 szt. do aplikacji<\/p>\n<p>0,53&#215;27,0 mm &#8211; 2 szt. do pikowania<\/p>\n<p>0,51&#215;22,7 mm &#8211; 2 szt. do pikowania<\/p>\n<h1><span><span><span><span><span><strong>Q<\/strong><\/span><span><strong>uilting<\/strong><\/span><\/span><\/span><\/span><\/span><\/h1>\n<h1><span><span><span><span><span>Ameryka\u0144ski patchwork, zwany &#8222;quiltem&#8221; (<\/span><span><strong>quilting <\/strong><\/span><span>&#8211; pikowanie), zszywany jest z male\u0144kich kawa\u0142k\u00f3w tkanin, na przyk\u0142ad skrawk\u00f3w starych ubra\u0144 po to, aby uzyska\u0107 mniejszych lub wi\u0119kszych rozmiar\u00f3w p\u0142aszczyzny staj\u0105ce si\u0119 ko\u0142drami, narzutami, poduszkami oraz wszelkiego rodzaju ozdobnymi drobiazgami z materia\u0142u.<\/span><\/span><\/span><\/span><\/span><\/h1>\n","protected":false},"excerpt":{"rendered":"<p>Ig\u0142y do Quiltingu r\u0119cznego hawajskie (sashico)<\/p>\n","protected":false},"featured_media":13569,"comment_status":"open","ping_status":"closed","template":"","meta":[],"product_brand":[],"product_cat":[358],"product_tag":[],"class_list":{"0":"post-11808","1":"product","2":"type-product","3":"status-publish","4":"has-post-thumbnail","6":"product_cat-igly","8":"first","9":"instock","10":"taxable","11":"shipping-taxable","12":"purchasable","13":"product-type-simple"},"_links":{"self":[{"href":"https:\/\/gltestm.webology.pl\/pl\/wp-json\/wp\/v2\/product\/11808","targetHints":{"allow":["GET"]}}],"collection":[{"href":"https:\/\/gltestm.webology.pl\/pl\/wp-json\/wp\/v2\/product"}],"about":[{"href":"https:\/\/gltestm.webology.pl\/pl\/wp-json\/wp\/v2\/types\/product"}],"replies":[{"embeddable":true,"href":"https:\/\/gltestm.webology.pl\/pl\/wp-json\/wp\/v2\/comments?post=11808"}],"version-history":[{"count":0,"href":"https:\/\/gltestm.webology.pl\/pl\/wp-json\/wp\/v2\/product\/11808\/revisions"}],"wp:featuredmedia":[{"embeddable":true,"href":"https:\/\/gltestm.webology.pl\/pl\/wp-json\/wp\/v2\/media\/13569"}],"wp:attachment":[{"href":"https:\/\/gltestm.webology.pl\/pl\/wp-json\/wp\/v2\/media?parent=11808"}],"wp:term":[{"taxonomy":"product_brand","embeddable":true,"href":"https:\/\/gltestm.webology.pl\/pl\/wp-json\/wp\/v2\/product_brand?post=11808"},{"taxonomy":"product_cat","embeddable":true,"href":"https:\/\/gltestm.webology.pl\/pl\/wp-json\/wp\/v2\/product_cat?post=11808"},{"taxonomy":"product_tag","embeddable":true,"href":"https:\/\/gltestm.webology.pl\/pl\/wp-json\/wp\/v2\/product_tag?post=11808"}],"curies":[{"name":"wp","href":"https:\/\/api.w.org\/{rel}","templated":true}]}}