{"id":11805,"date":"2026-03-18T22:03:34","date_gmt":"2026-03-18T21:03:34","guid":{"rendered":"https:\/\/gltestm.webology.pl\/produkt\/igly-do-patchworku-468-10\/"},"modified":"2026-03-22T21:46:54","modified_gmt":"2026-03-22T20:46:54","slug":"igly-do-patchworku-468-10","status":"publish","type":"product","link":"https:\/\/gltestm.webology.pl\/pl\/produkt\/igly-do-patchworku-468-10\/","title":{"rendered":"Ig\u0142y do patchworku 468\/10"},"content":{"rendered":"<h1><span><span><span><span>W blistrze znajduj<\/span><\/span><\/span><\/span><span><span><span><span>e si\u0119 15 sztuk igie\u0142 w rozmiarze <\/span><\/span><\/span><\/span><span><span><span><span><strong>0,56 x 25,8 mm<\/strong><\/span><\/span><\/span><\/span><\/h1>\n","protected":false},"excerpt":{"rendered":"<p>Ig\u0142y do patchwork\u00f3w i pikowania r\u0119cznego.<\/p>\n","protected":false},"featured_media":13369,"comment_status":"open","ping_status":"closed","template":"","meta":[],"product_brand":[],"product_cat":[358],"product_tag":[],"class_list":{"0":"post-11805","1":"product","2":"type-product","3":"status-publish","4":"has-post-thumbnail","6":"product_cat-igly","8":"first","9":"instock","10":"taxable","11":"shipping-taxable","12":"purchasable","13":"product-type-simple"},"_links":{"self":[{"href":"https:\/\/gltestm.webology.pl\/pl\/wp-json\/wp\/v2\/product\/11805","targetHints":{"allow":["GET"]}}],"collection":[{"href":"https:\/\/gltestm.webology.pl\/pl\/wp-json\/wp\/v2\/product"}],"about":[{"href":"https:\/\/gltestm.webology.pl\/pl\/wp-json\/wp\/v2\/types\/product"}],"replies":[{"embeddable":true,"href":"https:\/\/gltestm.webology.pl\/pl\/wp-json\/wp\/v2\/comments?post=11805"}],"version-history":[{"count":0,"href":"https:\/\/gltestm.webology.pl\/pl\/wp-json\/wp\/v2\/product\/11805\/revisions"}],"wp:featuredmedia":[{"embeddable":true,"href":"https:\/\/gltestm.webology.pl\/pl\/wp-json\/wp\/v2\/media\/13369"}],"wp:attachment":[{"href":"https:\/\/gltestm.webology.pl\/pl\/wp-json\/wp\/v2\/media?parent=11805"}],"wp:term":[{"taxonomy":"product_brand","embeddable":true,"href":"https:\/\/gltestm.webology.pl\/pl\/wp-json\/wp\/v2\/product_brand?post=11805"},{"taxonomy":"product_cat","embeddable":true,"href":"https:\/\/gltestm.webology.pl\/pl\/wp-json\/wp\/v2\/product_cat?post=11805"},{"taxonomy":"product_tag","embeddable":true,"href":"https:\/\/gltestm.webology.pl\/pl\/wp-json\/wp\/v2\/product_tag?post=11805"}],"curies":[{"name":"wp","href":"https:\/\/api.w.org\/{rel}","templated":true}]}}