{"id":11803,"date":"2026-03-18T22:03:33","date_gmt":"2026-03-18T21:03:33","guid":{"rendered":"https:\/\/gltestm.webology.pl\/produkt\/igly-do-patchworku-468-12\/"},"modified":"2026-03-22T21:46:54","modified_gmt":"2026-03-22T20:46:54","slug":"igly-do-patchworku-468-12","status":"publish","type":"product","link":"https:\/\/gltestm.webology.pl\/pl\/produkt\/igly-do-patchworku-468-12\/","title":{"rendered":"Ig\u0142y do patchworku 468\/12"},"content":{"rendered":"<h1><span><span><span><span>W blistrze znajduje si\u0119 15 sztuk igie\u0142 w rozmiarze 0,51 x 22,7 mm <\/span><\/span><\/span><\/span><\/h1>\n","protected":false},"excerpt":{"rendered":"<p>Ig\u0142y do patchwork\u00f3w i pikowania r\u0119cznego.<\/p>\n","protected":false},"featured_media":14210,"comment_status":"open","ping_status":"closed","template":"","meta":[],"product_brand":[],"product_cat":[358],"product_tag":[],"class_list":{"0":"post-11803","1":"product","2":"type-product","3":"status-publish","4":"has-post-thumbnail","6":"product_cat-igly","8":"first","9":"instock","10":"taxable","11":"shipping-taxable","12":"purchasable","13":"product-type-simple"},"_links":{"self":[{"href":"https:\/\/gltestm.webology.pl\/pl\/wp-json\/wp\/v2\/product\/11803","targetHints":{"allow":["GET"]}}],"collection":[{"href":"https:\/\/gltestm.webology.pl\/pl\/wp-json\/wp\/v2\/product"}],"about":[{"href":"https:\/\/gltestm.webology.pl\/pl\/wp-json\/wp\/v2\/types\/product"}],"replies":[{"embeddable":true,"href":"https:\/\/gltestm.webology.pl\/pl\/wp-json\/wp\/v2\/comments?post=11803"}],"version-history":[{"count":0,"href":"https:\/\/gltestm.webology.pl\/pl\/wp-json\/wp\/v2\/product\/11803\/revisions"}],"wp:featuredmedia":[{"embeddable":true,"href":"https:\/\/gltestm.webology.pl\/pl\/wp-json\/wp\/v2\/media\/14210"}],"wp:attachment":[{"href":"https:\/\/gltestm.webology.pl\/pl\/wp-json\/wp\/v2\/media?parent=11803"}],"wp:term":[{"taxonomy":"product_brand","embeddable":true,"href":"https:\/\/gltestm.webology.pl\/pl\/wp-json\/wp\/v2\/product_brand?post=11803"},{"taxonomy":"product_cat","embeddable":true,"href":"https:\/\/gltestm.webology.pl\/pl\/wp-json\/wp\/v2\/product_cat?post=11803"},{"taxonomy":"product_tag","embeddable":true,"href":"https:\/\/gltestm.webology.pl\/pl\/wp-json\/wp\/v2\/product_tag?post=11803"}],"curies":[{"name":"wp","href":"https:\/\/api.w.org\/{rel}","templated":true}]}}