{"id":11799,"date":"2026-03-18T22:03:32","date_gmt":"2026-03-18T21:03:32","guid":{"rendered":"https:\/\/gltestm.webology.pl\/produkt\/igly-do-aplikacji-497-12\/"},"modified":"2026-03-22T21:46:53","modified_gmt":"2026-03-22T20:46:53","slug":"igly-do-aplikacji-497-12","status":"publish","type":"product","link":"https:\/\/gltestm.webology.pl\/pl\/produkt\/igly-do-aplikacji-497-12\/","title":{"rendered":"Ig\u0142y do aplikacji 497\/12"},"content":{"rendered":"<p><span><span><span>W blistrze znajduj\u0105 si\u0119 ig\u0142y do r\u0119cznego naszywania aplikacji:<\/span><\/span><\/span><\/p>\n<p><span><span><span>15 szt. <span>&#8211; 0,46 x 28,8 mm<\/span><\/span><\/span><\/span><\/p>\n","protected":false},"excerpt":{"rendered":"<p>Ig\u0142y do r\u0119cznego naszywania aplikacji.<\/p>\n","protected":false},"featured_media":13855,"comment_status":"open","ping_status":"closed","template":"","meta":[],"product_brand":[],"product_cat":[358],"product_tag":[],"class_list":{"0":"post-11799","1":"product","2":"type-product","3":"status-publish","4":"has-post-thumbnail","6":"product_cat-igly","8":"first","9":"instock","10":"taxable","11":"shipping-taxable","12":"purchasable","13":"product-type-simple"},"_links":{"self":[{"href":"https:\/\/gltestm.webology.pl\/pl\/wp-json\/wp\/v2\/product\/11799","targetHints":{"allow":["GET"]}}],"collection":[{"href":"https:\/\/gltestm.webology.pl\/pl\/wp-json\/wp\/v2\/product"}],"about":[{"href":"https:\/\/gltestm.webology.pl\/pl\/wp-json\/wp\/v2\/types\/product"}],"replies":[{"embeddable":true,"href":"https:\/\/gltestm.webology.pl\/pl\/wp-json\/wp\/v2\/comments?post=11799"}],"version-history":[{"count":0,"href":"https:\/\/gltestm.webology.pl\/pl\/wp-json\/wp\/v2\/product\/11799\/revisions"}],"wp:featuredmedia":[{"embeddable":true,"href":"https:\/\/gltestm.webology.pl\/pl\/wp-json\/wp\/v2\/media\/13855"}],"wp:attachment":[{"href":"https:\/\/gltestm.webology.pl\/pl\/wp-json\/wp\/v2\/media?parent=11799"}],"wp:term":[{"taxonomy":"product_brand","embeddable":true,"href":"https:\/\/gltestm.webology.pl\/pl\/wp-json\/wp\/v2\/product_brand?post=11799"},{"taxonomy":"product_cat","embeddable":true,"href":"https:\/\/gltestm.webology.pl\/pl\/wp-json\/wp\/v2\/product_cat?post=11799"},{"taxonomy":"product_tag","embeddable":true,"href":"https:\/\/gltestm.webology.pl\/pl\/wp-json\/wp\/v2\/product_tag?post=11799"}],"curies":[{"name":"wp","href":"https:\/\/api.w.org\/{rel}","templated":true}]}}