{"id":11797,"date":"2026-03-18T22:03:32","date_gmt":"2026-03-18T21:03:32","guid":{"rendered":"https:\/\/gltestm.webology.pl\/produkt\/moda-dzisiaj-vol-ii\/"},"modified":"2026-03-18T22:27:18","modified_gmt":"2026-03-18T21:27:18","slug":"moda-dzisiaj-vol-ii","status":"publish","type":"product","link":"https:\/\/gltestm.webology.pl\/pl\/produkt\/moda-dzisiaj-vol-ii\/","title":{"rendered":"Moda dzisiaj vol. II"},"content":{"rendered":"<h3><span>Moda dzisiaj vol. II<\/span><\/h3>\n<p><span><span><span><span>S\u0142ynny brytyjski magazyn I-D po raz kolejny przedstawia najwa\u017cniejszych \u015bwiatowych projektant\u00f3w. Od najwa\u017cniejszych graczy na rynku &#8211; Karla Lagerfelda, Johna Galliano i Marca Jacobsa, po wschodz\u0105ce gwiazdy &#8211; Kim Jones i Tess Giberson, marki miejskie i sportowe &#8211; A Bathing Ape, Nike, Diesel czy Silas, Moda Dzisiaj 2 jest pe\u0142nym przegl\u0105dem najlepszych wsp\u00f3\u0142czesnych projektant\u00f3w. <\/p>\n<p>Moda dzisiaj 2 ilustrowana jest zdj\u0119ciami pochodz\u0105cymi z archiwum magazynu. Zawiera tak\u017ce przedmow\u0119 za\u0142o\u017cyciela I-D Terrego Jonesa oraz esej na temat tego, co kszta\u0142tuje wsp\u00f3\u0142czesn\u0105 mod\u0119. Moda dzisiaj 2 jest encyklopedi\u0105 osobowo\u015bci mody, portfolio wyobra\u017ani, ale przede wszystkim fotografi\u0105 zmieniaj\u0105cego si\u0119 \u015bwiata uj\u0119t\u0105 obiektywem ulubionego dzi\u015b pisma. <\/span><\/span><\/span><\/span><\/p>\n","protected":false},"excerpt":{"rendered":"<p>Autor: Susie Rushton, Terry Jones<br \/>\nWydawnictwo: Tashen<br \/>\nRok wydania: 2009<br \/>\nIlo\u015b\u0107 stron: 570<br \/>\nOprawa: broszurowa<br \/>\nWymiary:15,5&#215;19,5 cm<\/p>\n","protected":false},"featured_media":13607,"comment_status":"open","ping_status":"closed","template":"","meta":[],"product_brand":[],"product_cat":[323],"product_tag":[],"class_list":{"0":"post-11797","1":"product","2":"type-product","3":"status-publish","4":"has-post-thumbnail","6":"product_cat-ksiazki-i-poradniki","8":"first","9":"instock","10":"taxable","11":"shipping-taxable","12":"purchasable","13":"product-type-simple"},"_links":{"self":[{"href":"https:\/\/gltestm.webology.pl\/pl\/wp-json\/wp\/v2\/product\/11797","targetHints":{"allow":["GET"]}}],"collection":[{"href":"https:\/\/gltestm.webology.pl\/pl\/wp-json\/wp\/v2\/product"}],"about":[{"href":"https:\/\/gltestm.webology.pl\/pl\/wp-json\/wp\/v2\/types\/product"}],"replies":[{"embeddable":true,"href":"https:\/\/gltestm.webology.pl\/pl\/wp-json\/wp\/v2\/comments?post=11797"}],"version-history":[{"count":0,"href":"https:\/\/gltestm.webology.pl\/pl\/wp-json\/wp\/v2\/product\/11797\/revisions"}],"wp:featuredmedia":[{"embeddable":true,"href":"https:\/\/gltestm.webology.pl\/pl\/wp-json\/wp\/v2\/media\/13607"}],"wp:attachment":[{"href":"https:\/\/gltestm.webology.pl\/pl\/wp-json\/wp\/v2\/media?parent=11797"}],"wp:term":[{"taxonomy":"product_brand","embeddable":true,"href":"https:\/\/gltestm.webology.pl\/pl\/wp-json\/wp\/v2\/product_brand?post=11797"},{"taxonomy":"product_cat","embeddable":true,"href":"https:\/\/gltestm.webology.pl\/pl\/wp-json\/wp\/v2\/product_cat?post=11797"},{"taxonomy":"product_tag","embeddable":true,"href":"https:\/\/gltestm.webology.pl\/pl\/wp-json\/wp\/v2\/product_tag?post=11797"}],"curies":[{"name":"wp","href":"https:\/\/api.w.org\/{rel}","templated":true}]}}