{"id":11795,"date":"2026-03-18T22:03:31","date_gmt":"2026-03-18T21:03:31","guid":{"rendered":"https:\/\/gltestm.webology.pl\/produkt\/igly-do-sashiko-2009\/"},"modified":"2026-03-18T22:27:18","modified_gmt":"2026-03-18T21:27:18","slug":"igly-do-sashiko-2009","status":"publish","type":"product","link":"https:\/\/gltestm.webology.pl\/pl\/produkt\/igly-do-sashiko-2009\/","title":{"rendered":"Ig\u0142y do &#8222;Sashiko&#8221; 2009"},"content":{"rendered":"<h1><span><span><span><span><span>Sashiko pochodzi z Japonii i oznacza &#8222;s\u0142upek&#8221;. Jest to fastryga lub \u015bcieg przed ig\u0142\u0105, kt\u00f3rym wyszywamy wszystkie motywy. S\u0105 one proste, geometryczne i powtarzaj\u0105 si\u0119.<\/span> <\/span><\/span><\/span><\/span><\/h1>\n<p><span><span><span><span>W blistrze znajduj\u0105 si\u0119 ig\u0142y:<\/span><\/span><\/span><\/span><\/p>\n<p><span><span><span>1,14&#215;69,8 mm<\/span><\/span><\/span><\/p>\n<p><span><span><span>1,14&#215;60,3 mm<\/span><\/span><\/span><\/p>\n<p><span><span><span>1,07&#215;57,2 mm<\/span><\/span><\/span><\/p>\n","protected":false},"excerpt":{"rendered":"<p>Ig\u0142y do Sashiko<\/p>\n","protected":false},"featured_media":13840,"comment_status":"open","ping_status":"closed","template":"","meta":[],"product_brand":[],"product_cat":[358],"product_tag":[],"class_list":{"0":"post-11795","1":"product","2":"type-product","3":"status-publish","4":"has-post-thumbnail","6":"product_cat-igly","8":"first","9":"instock","10":"taxable","11":"shipping-taxable","12":"purchasable","13":"product-type-simple"},"_links":{"self":[{"href":"https:\/\/gltestm.webology.pl\/pl\/wp-json\/wp\/v2\/product\/11795","targetHints":{"allow":["GET"]}}],"collection":[{"href":"https:\/\/gltestm.webology.pl\/pl\/wp-json\/wp\/v2\/product"}],"about":[{"href":"https:\/\/gltestm.webology.pl\/pl\/wp-json\/wp\/v2\/types\/product"}],"replies":[{"embeddable":true,"href":"https:\/\/gltestm.webology.pl\/pl\/wp-json\/wp\/v2\/comments?post=11795"}],"version-history":[{"count":0,"href":"https:\/\/gltestm.webology.pl\/pl\/wp-json\/wp\/v2\/product\/11795\/revisions"}],"wp:featuredmedia":[{"embeddable":true,"href":"https:\/\/gltestm.webology.pl\/pl\/wp-json\/wp\/v2\/media\/13840"}],"wp:attachment":[{"href":"https:\/\/gltestm.webology.pl\/pl\/wp-json\/wp\/v2\/media?parent=11795"}],"wp:term":[{"taxonomy":"product_brand","embeddable":true,"href":"https:\/\/gltestm.webology.pl\/pl\/wp-json\/wp\/v2\/product_brand?post=11795"},{"taxonomy":"product_cat","embeddable":true,"href":"https:\/\/gltestm.webology.pl\/pl\/wp-json\/wp\/v2\/product_cat?post=11795"},{"taxonomy":"product_tag","embeddable":true,"href":"https:\/\/gltestm.webology.pl\/pl\/wp-json\/wp\/v2\/product_tag?post=11795"}],"curies":[{"name":"wp","href":"https:\/\/api.w.org\/{rel}","templated":true}]}}