{"id":11786,"date":"2026-03-18T22:03:30","date_gmt":"2026-03-18T21:03:30","guid":{"rendered":"https:\/\/gltestm.webology.pl\/produkt\/szpilki-polskie-grofes-065x44\/"},"modified":"2026-03-22T21:46:47","modified_gmt":"2026-03-22T20:46:47","slug":"szpilki-polskie-grofes-065x44","status":"publish","type":"product","link":"https:\/\/gltestm.webology.pl\/pl\/produkt\/szpilki-polskie-grofes-065x44\/","title":{"rendered":"Szpilki polskie GROFES 0,65&#215;44"},"content":{"rendered":"<p><strong>Firma Grofes<\/strong> produkuje szpilki krawieckie od 1982 roku. Posiada w\u0142asny park maszynowy zaprojektowany przez kadr\u0119 techniczn\u0105. Szpilki s\u0105 cenione przez klient\u00f3w w ca\u0142ej Europie.<\/p>\n<p><span>Czy wiesz, \u017ce w czasie produkcji szpilek z g\u0142\u00f3wk\u0105 szklan\u0105 wykonywane jest a\u017c 16 operacji? Pocz\u0105wszy od poci\u0119cia drutu poprzez hartowanie, odpuszczanie, czyszczenie, polerowanie a\u017c do nak\u0142adania g\u0142\u00f3wek. Szk\u0142o, z kt\u00f3rego wykonana jest g\u0142\u00f3wka, jest przygotowywane na specjalne zam\u00f3wienie.<\/span><\/p>\n<p>Rozmiar szpilek: 0,65&#215;44<\/p>\n<p><strong>W opakowaniu znajduje si\u0119 oko\u0142o 100 sztuk szpilek<\/strong><\/p>\n","protected":false},"excerpt":{"rendered":"<p>Szpilki krawieckie stalowe hartowane z kolorowymi g\u0142\u00f3wkami szklanymi wykonane z drutu pochodz\u0105cego z polskich hut. Rozmiar 0,65&#215;44<\/p>\n","protected":false},"featured_media":14444,"comment_status":"open","ping_status":"closed","template":"","meta":[],"product_brand":[],"product_cat":[738],"product_tag":[],"class_list":{"0":"post-11786","1":"product","2":"type-product","3":"status-publish","4":"has-post-thumbnail","6":"product_cat-szpilki-agrafki-i-poduszeczki","8":"first","9":"instock","10":"taxable","11":"shipping-taxable","12":"purchasable","13":"product-type-simple"},"_links":{"self":[{"href":"https:\/\/gltestm.webology.pl\/pl\/wp-json\/wp\/v2\/product\/11786","targetHints":{"allow":["GET"]}}],"collection":[{"href":"https:\/\/gltestm.webology.pl\/pl\/wp-json\/wp\/v2\/product"}],"about":[{"href":"https:\/\/gltestm.webology.pl\/pl\/wp-json\/wp\/v2\/types\/product"}],"replies":[{"embeddable":true,"href":"https:\/\/gltestm.webology.pl\/pl\/wp-json\/wp\/v2\/comments?post=11786"}],"version-history":[{"count":0,"href":"https:\/\/gltestm.webology.pl\/pl\/wp-json\/wp\/v2\/product\/11786\/revisions"}],"wp:featuredmedia":[{"embeddable":true,"href":"https:\/\/gltestm.webology.pl\/pl\/wp-json\/wp\/v2\/media\/14444"}],"wp:attachment":[{"href":"https:\/\/gltestm.webology.pl\/pl\/wp-json\/wp\/v2\/media?parent=11786"}],"wp:term":[{"taxonomy":"product_brand","embeddable":true,"href":"https:\/\/gltestm.webology.pl\/pl\/wp-json\/wp\/v2\/product_brand?post=11786"},{"taxonomy":"product_cat","embeddable":true,"href":"https:\/\/gltestm.webology.pl\/pl\/wp-json\/wp\/v2\/product_cat?post=11786"},{"taxonomy":"product_tag","embeddable":true,"href":"https:\/\/gltestm.webology.pl\/pl\/wp-json\/wp\/v2\/product_tag?post=11786"}],"curies":[{"name":"wp","href":"https:\/\/api.w.org\/{rel}","templated":true}]}}