{"id":11785,"date":"2026-03-18T22:03:29","date_gmt":"2026-03-18T21:03:29","guid":{"rendered":"https:\/\/gltestm.webology.pl\/produkt\/szpilki-polskie-grofes-060x30\/"},"modified":"2026-03-22T22:08:30","modified_gmt":"2026-03-22T21:08:30","slug":"szpilki-polskie-grofes-060x30","status":"publish","type":"product","link":"https:\/\/gltestm.webology.pl\/pl\/produkt\/szpilki-polskie-grofes-060x30\/","title":{"rendered":"Szpilki polskie  GROFES 0,60&#215;30"},"content":{"rendered":"<p><strong>Firma Grofes<\/strong> produkuje szpilki krawieckie od 1982 roku. Posiada w\u0142asny park maszynowy zaprojektowany przez kadr\u0119 techniczna.<\/p>\n<p>Szpilki s\u0105 cenione przez klient\u00f3w w ca\u0142ej Europie.<\/p>\n<p><span>Czy wiesz, \u017ce w czasie produkcji szpilek z g\u0142\u00f3wk\u0105 szklan\u0105 wykonujemy a\u017c 16 operacji ? Pocz\u0105wszy od poci\u0119cia drutu poprzez hartowanie, odpuszczanie, czyszczenie, polerowanie a\u017c do nak\u0142adania g\u0142\u00f3wek. Szk\u0142o z kt\u00f3rego wykonana jest g\u0142\u00f3wka jest przygotowywane dla nas na specjalne zam\u00f3wienie.<\/span><\/p>\n<p>Kiedy wyjmujesz szpilk\u0119 krawieck\u0105 z naszego opakowania masz pewno\u015b\u0107, \u017ce ka\u017cda sztuka jest dobrze zaostrzona i mo\u017cesz po prostu jej u\u017cy\u0107.<\/p>\n<p><strong>W opakowaniu znajduje si\u0119 ok. 100szt szpilek<\/strong><\/p>\n","protected":false},"excerpt":{"rendered":"<p>Szpilki krawieckie stalowe hartowane z g\u0142\u00f3wkami szklanymi wykonane z drutu pochodz\u0105cego z polskich hut. Rozmiar: 0,60&#215;30<\/p>\n","protected":false},"featured_media":14444,"comment_status":"open","ping_status":"closed","template":"","meta":[],"product_brand":[],"product_cat":[738],"product_tag":[],"class_list":{"0":"post-11785","1":"product","2":"type-product","3":"status-publish","4":"has-post-thumbnail","6":"product_cat-szpilki-agrafki-i-poduszeczki","8":"first","9":"instock","10":"taxable","11":"shipping-taxable","12":"purchasable","13":"product-type-simple"},"_links":{"self":[{"href":"https:\/\/gltestm.webology.pl\/pl\/wp-json\/wp\/v2\/product\/11785","targetHints":{"allow":["GET"]}}],"collection":[{"href":"https:\/\/gltestm.webology.pl\/pl\/wp-json\/wp\/v2\/product"}],"about":[{"href":"https:\/\/gltestm.webology.pl\/pl\/wp-json\/wp\/v2\/types\/product"}],"replies":[{"embeddable":true,"href":"https:\/\/gltestm.webology.pl\/pl\/wp-json\/wp\/v2\/comments?post=11785"}],"version-history":[{"count":0,"href":"https:\/\/gltestm.webology.pl\/pl\/wp-json\/wp\/v2\/product\/11785\/revisions"}],"wp:featuredmedia":[{"embeddable":true,"href":"https:\/\/gltestm.webology.pl\/pl\/wp-json\/wp\/v2\/media\/14444"}],"wp:attachment":[{"href":"https:\/\/gltestm.webology.pl\/pl\/wp-json\/wp\/v2\/media?parent=11785"}],"wp:term":[{"taxonomy":"product_brand","embeddable":true,"href":"https:\/\/gltestm.webology.pl\/pl\/wp-json\/wp\/v2\/product_brand?post=11785"},{"taxonomy":"product_cat","embeddable":true,"href":"https:\/\/gltestm.webology.pl\/pl\/wp-json\/wp\/v2\/product_cat?post=11785"},{"taxonomy":"product_tag","embeddable":true,"href":"https:\/\/gltestm.webology.pl\/pl\/wp-json\/wp\/v2\/product_tag?post=11785"}],"curies":[{"name":"wp","href":"https:\/\/api.w.org\/{rel}","templated":true}]}}