{"id":11777,"date":"2026-03-18T22:03:28","date_gmt":"2026-03-18T21:03:28","guid":{"rendered":"https:\/\/gltestm.webology.pl\/produkt\/peseta-metalowa-15-cm\/"},"modified":"2026-03-22T21:46:44","modified_gmt":"2026-03-22T20:46:44","slug":"peseta-metalowa-15-cm","status":"publish","type":"product","link":"https:\/\/gltestm.webology.pl\/pl\/produkt\/peseta-metalowa-15-cm\/","title":{"rendered":"P\u0119seta metalowa 15 cm"},"content":{"rendered":"<h2>Prostsze nawlekanie overlocka<\/h2>\n<p>P\u0119seta jest niezb\u0119dna podczas nawlekania overlock&oacute;w. Zdecydowanie u\u0142atwi nam proces ich nawlekania. Mo\u017cemy u\u017cywa\u0107 jej r&oacute;wnie\u017c podczas nawlekania maszyn do szycia, szczeg&oacute;lnie przyda si\u0119 w momencie nawlekania nici na ig\u0142\u0119, gdy maszyna nie posiada automatycznego nawlekacza. Metalow\u0105 p\u0119set\u0119 mo\u017cemy u\u017cywa\u0107 do pracy z tkanin\u0105 i wyci\u0105gania nici oraz w technice quillingu.<\/p>\n<h2>Wykonanie i rozmiar<\/h2>\n<p>Za\u0142amane ostrze u\u0142atwia wyci\u0105ganie oraz nawlekanie nici na ig\u0142y w maszynach i owerlokach.<\/p>\n<p>Ostrym szpicem \u0142atwo mo\u017cna z\u0142apa\u0107 i przytrzyma\u0107 nawet najmniejszy kawa\u0142ek materia\u0142u.<\/p>\n<p>Z\u0105bkowana powierzchnia p\u0119sety u\u0142atwia trzymanie jej w d\u0142oni.<\/p>\n<p>P\u0119seta ma d\u0142ugo\u015b\u0107 15 cm.<\/p>\n","protected":false},"excerpt":{"rendered":"<p>Metalowa p\u0119seta u\u0142atwiaj\u0105ca nawlekanie overolock\u00f3w i maszyn do szycia.<\/p>\n","protected":false},"featured_media":15880,"comment_status":"open","ping_status":"closed","template":"","meta":[],"product_brand":[],"product_cat":[773],"product_tag":[],"class_list":{"0":"post-11777","1":"product","2":"type-product","3":"status-publish","4":"has-post-thumbnail","6":"product_cat-inne-narzedzia-i-akcesoria","8":"first","9":"instock","10":"taxable","11":"shipping-taxable","12":"purchasable","13":"product-type-simple"},"_links":{"self":[{"href":"https:\/\/gltestm.webology.pl\/pl\/wp-json\/wp\/v2\/product\/11777","targetHints":{"allow":["GET"]}}],"collection":[{"href":"https:\/\/gltestm.webology.pl\/pl\/wp-json\/wp\/v2\/product"}],"about":[{"href":"https:\/\/gltestm.webology.pl\/pl\/wp-json\/wp\/v2\/types\/product"}],"replies":[{"embeddable":true,"href":"https:\/\/gltestm.webology.pl\/pl\/wp-json\/wp\/v2\/comments?post=11777"}],"version-history":[{"count":0,"href":"https:\/\/gltestm.webology.pl\/pl\/wp-json\/wp\/v2\/product\/11777\/revisions"}],"wp:featuredmedia":[{"embeddable":true,"href":"https:\/\/gltestm.webology.pl\/pl\/wp-json\/wp\/v2\/media\/15880"}],"wp:attachment":[{"href":"https:\/\/gltestm.webology.pl\/pl\/wp-json\/wp\/v2\/media?parent=11777"}],"wp:term":[{"taxonomy":"product_brand","embeddable":true,"href":"https:\/\/gltestm.webology.pl\/pl\/wp-json\/wp\/v2\/product_brand?post=11777"},{"taxonomy":"product_cat","embeddable":true,"href":"https:\/\/gltestm.webology.pl\/pl\/wp-json\/wp\/v2\/product_cat?post=11777"},{"taxonomy":"product_tag","embeddable":true,"href":"https:\/\/gltestm.webology.pl\/pl\/wp-json\/wp\/v2\/product_tag?post=11777"}],"curies":[{"name":"wp","href":"https:\/\/api.w.org\/{rel}","templated":true}]}}