{"id":11770,"date":"2026-03-18T22:03:27","date_gmt":"2026-03-18T21:03:27","guid":{"rendered":"https:\/\/gltestm.webology.pl\/produkt\/tkanina-do-haftu-kanava-biala-20x30-cm-40-oczek\/"},"modified":"2026-03-22T21:46:20","modified_gmt":"2026-03-22T20:46:20","slug":"tkanina-do-haftu-kanava-biala-20x30-cm-40-oczek","status":"publish","type":"product","link":"https:\/\/gltestm.webology.pl\/pl\/produkt\/tkanina-do-haftu-kanava-biala-20x30-cm-40-oczek\/","title":{"rendered":"Tkanina do haftu KANAVA bia\u0142a 20&#215;30 cm 40 oczek"},"content":{"rendered":"<p><span><span><span><span>P\u0142\u00f3tno przeznaczone do haftowania, w idealnym rozmiarze dla os\u00f3b rozpoczynaj\u0105cych przygod\u0119 z haftem. Dobry wyb\u00f3r dla szk\u00f3\u0142. Dzieci otrzymaj\u0105 idealnie odmierzony fragment p\u0142\u00f3tna i mog\u0105 rozpocz\u0105\u0107 zabaw\u0119 z ig\u0142\u0105 i bawe\u0142n\u0105.<\/span><\/span><\/span><\/span><\/p>\n<p><span><span><span><span><span><span><span>Zestaw zawiera bia\u0142\u0105 tkanin\u0119 do haftu o wymiarach<\/span><\/span><\/span><\/span><\/span><\/span><\/span><span><span><span><span><span><\/span><\/span><\/span><\/span><span><span><span><span><span><strong>20&#215;30 cm o g\u0119sto\u015bci oczek 40 cm\/10 cm<\/strong><\/span><\/span><\/span><\/span><\/span><\/span><\/p>\n<p><strong><span><span><span>Tkanina mo\u017ce si\u0119 skurczy\u0107 o oko\u0142o 5%, dlatego przed szyciem zalecamy j\u0105 przetr\u0105ci\u0107 (poprzez wypranie lub prasowanie \u017celazkiem z funkcj\u0105 pary).<\/span><\/span><\/span><\/strong><\/p>\n","protected":false},"excerpt":{"rendered":"<p>P\u0142\u00f3tno przeznaczone do haftowania, w idealnym rozmiarze dla os\u00f3b rozpoczynaj\u0105cych przygod\u0119 z haftem.<\/p>\n","protected":false},"featured_media":13022,"comment_status":"open","ping_status":"closed","template":"","meta":[],"product_brand":[],"product_cat":[363],"product_tag":[],"class_list":{"0":"post-11770","1":"product","2":"type-product","3":"status-publish","4":"has-post-thumbnail","6":"product_cat-tkaniny","8":"first","9":"instock","10":"taxable","11":"shipping-taxable","12":"purchasable","13":"product-type-simple"},"_links":{"self":[{"href":"https:\/\/gltestm.webology.pl\/pl\/wp-json\/wp\/v2\/product\/11770","targetHints":{"allow":["GET"]}}],"collection":[{"href":"https:\/\/gltestm.webology.pl\/pl\/wp-json\/wp\/v2\/product"}],"about":[{"href":"https:\/\/gltestm.webology.pl\/pl\/wp-json\/wp\/v2\/types\/product"}],"replies":[{"embeddable":true,"href":"https:\/\/gltestm.webology.pl\/pl\/wp-json\/wp\/v2\/comments?post=11770"}],"version-history":[{"count":0,"href":"https:\/\/gltestm.webology.pl\/pl\/wp-json\/wp\/v2\/product\/11770\/revisions"}],"wp:featuredmedia":[{"embeddable":true,"href":"https:\/\/gltestm.webology.pl\/pl\/wp-json\/wp\/v2\/media\/13022"}],"wp:attachment":[{"href":"https:\/\/gltestm.webology.pl\/pl\/wp-json\/wp\/v2\/media?parent=11770"}],"wp:term":[{"taxonomy":"product_brand","embeddable":true,"href":"https:\/\/gltestm.webology.pl\/pl\/wp-json\/wp\/v2\/product_brand?post=11770"},{"taxonomy":"product_cat","embeddable":true,"href":"https:\/\/gltestm.webology.pl\/pl\/wp-json\/wp\/v2\/product_cat?post=11770"},{"taxonomy":"product_tag","embeddable":true,"href":"https:\/\/gltestm.webology.pl\/pl\/wp-json\/wp\/v2\/product_tag?post=11770"}],"curies":[{"name":"wp","href":"https:\/\/api.w.org\/{rel}","templated":true}]}}